{"id":99,"date":"2023-05-29T18:15:17","date_gmt":"2023-05-29T16:15:17","guid":{"rendered":"http:\/\/duda-dziewierz.pl\/?page_id=99"},"modified":"2023-08-01T14:56:21","modified_gmt":"2023-08-01T12:56:21","slug":"kontakt","status":"publish","type":"page","link":"http:\/\/duda-dziewierz.pl\/?page_id=99","title":{"rendered":"Kontakt"},"content":{"rendered":"\n<div class=\"wp-block-getwid-section alignfull alignfull getwid-section-content-custom-width\"><div class=\"wp-block-getwid-section__wrapper getwid-padding-left-medium getwid-padding-right-medium\"><div class=\"wp-block-getwid-section__inner-wrapper\" style=\"max-width:1140px\"><div class=\"wp-block-getwid-section__background-holder\"><div class=\"wp-block-getwid-section__background\"><\/div><div class=\"wp-block-getwid-section__foreground\"><\/div><\/div><div class=\"wp-block-getwid-section__content\"><div class=\"wp-block-getwid-section__inner-content\">\n<div class=\"wp-block-getwid-advanced-heading\" style=\"margin-top:0px\"><span class=\"wp-block-getwid-advanced-heading__content\" style=\"text-align:center\">Praca nad ksi\u0105\u017ck\u0105 u\u015bwiadomi\u0142a mi jak wiele zdarze\u0144 z \u017cycia Antoniego Dudy-Dziewierza jest nieznanych, a pozostaj\u0105 w pami\u0119ci os\u00f3b, kt\u00f3re si\u0119 z nim zetkn\u0119\u0142y.<\/span><\/div>\n\n\n\n<div class=\"wp-block-getwid-advanced-heading\" style=\"margin-bottom:30px;margin-top:10px\"><h2 class=\"wp-block-getwid-advanced-heading__content\" style=\"text-align:center\">Podziel si\u0119 prosz\u0119 swoj\u0105 wiedz\u0105, anegdotami lub opini\u0105 o sprawach zwi\u0105zanych z opisanymi czasami !<\/h2><\/div>\n\n\n\n<p class=\"has-text-align-center\">Materia\u0142y wzbogac\u0105 t\u0119 witryn\u0119 <\/p>\n\n\n\n<div class=\"wp-block-getwid-advanced-spacer\" style=\"height:40px\" aria-hidden=\"true\"><\/div>\n\n\n\n<div class=\"wp-block-columns has-2-columns is-layout-flex wp-container-core-columns-is-layout-9d6595d7 wp-block-columns-is-layout-flex\">\n<div class=\"wp-block-column is-layout-flow wp-block-column-is-layout-flow\">\n<div class=\"wp-block-getwid-advanced-heading\" style=\"margin-bottom:20px\"><h3 class=\"wp-block-getwid-advanced-heading__content\">Zuzanna Guzel-Szczepi\u00f3rkowska<\/h3><\/div>\n\n\n\n<p>wnuczka Antoniego Dudy-Dziewierza<\/p>\n\n\n\n<p><\/p>\n\n\n\n<div class=\"wp-block-getwid-social-links has-large-spacing\"><ul class=\"wp-block-getwid-social-links__list\"><\/ul><\/div>\n<\/div>\n\n\n\n<div class=\"wp-block-column is-layout-flow wp-block-column-is-layout-flow\">        <div class='wp-block-getwid-contact-form'>\r\n            <form class='wp-block-getwid-contact-form__form'>\r\n    \n        <p class='wp-block-getwid-field-name'>\r\n\t    <label\r\n        for='name-69f5cd5c0a06c'\r\n        class='wp-block-getwid-field-name__label'\r\n    >Name<\/label>\r\n\t    <input id='name-69f5cd5c0a06c' type='text' name='name'            placeholder='Twoje imi\u0119'             required=''\r\n            \/>\r\n<\/p>\r\n\n\n        <p class='wp-block-getwid-field-email'>\r\n\t    <label\r\n\t\tfor='email-69f5cd5c0cc49'\r\n        class='wp-block-getwid-field-email__label'\r\n    >E-mail <\/label>\r\n\t    <input id='email-69f5cd5c0cc49' type='email' name='email'             placeholder='adres mailowy'             required=''    \/>\r\n<\/p>\r\n\n\n        <p class='wp-block-getwid-field-textarea'>\r\n\t    <label\r\n\t\tfor='message-69f5cd5c0cdfe'\r\n        class='wp-block-getwid-field-textarea__label'\r\n    >Wiadomo\u015b\u0107<\/label>\r\n\t    <textarea\r\n\t\tid='message-69f5cd5c0cdfe' rows='5' name='message'            placeholder='tre\u015b\u0107 wiadomo\u015bci'            required=''\r\n            ><\/textarea>\r\n<\/p>\r\n\n\r\n    <input name='subject' \t\ttype='hidden'\r\n\t\/>\r\n\r\n\t<p class='wp-block-getwid-contact-form__result'><\/p>\r\n\r\n\t<div class='wp-block-getwid-contact-form__submit'>\r\n\t\t<div class='wp-block-button'>\r\n\t\t\t<button\r\n\t\t\t\ttype='submit'\r\n\t\t\t\tclass='wp-block-button__link has-text-color has-background'\t\t\t\t\tstyle='color:#ffffff;background-color:#000000;'\t\t\t>Submit message<\/button>\r\n\t\t<\/div>\r\n\r\n\t<\/div>\r\n<\/form>\r\n        <\/div><\/div>\n<\/div>\n<\/div><\/div><\/div><\/div><\/div>\n","protected":false},"excerpt":{"rendered":"","protected":false},"author":1,"featured_media":0,"parent":0,"menu_order":0,"comment_status":"closed","ping_status":"closed","template":"","meta":{"footnotes":""},"class_list":["post-99","page","type-page","status-publish","hentry","entry"],"yoast_head":"<!-- This site is optimized with the Yoast SEO plugin v21.6 - https:\/\/yoast.com\/wordpress\/plugins\/seo\/ -->\n<title>Kontakt - Antoni Duda-Dziewierz<\/title>\n<meta name=\"robots\" content=\"index, follow, max-snippet:-1, max-image-preview:large, max-video-preview:-1\" \/>\n<link rel=\"canonical\" href=\"http:\/\/duda-dziewierz.pl\/?page_id=99\" \/>\n<meta property=\"og:locale\" content=\"pl_PL\" \/>\n<meta property=\"og:type\" content=\"article\" \/>\n<meta property=\"og:title\" content=\"Kontakt - Antoni Duda-Dziewierz\" \/>\n<meta property=\"og:url\" content=\"http:\/\/duda-dziewierz.pl\/?page_id=99\" \/>\n<meta property=\"og:site_name\" content=\"Antoni Duda-Dziewierz\" \/>\n<meta property=\"article:modified_time\" content=\"2023-08-01T12:56:21+00:00\" \/>\n<meta property=\"og:image\" content=\"http:\/\/duda-dziewierz.pl\/wp-content\/uploads\/2023\/06\/ADD-zaprasza-do-Zamku-scaled.jpg\" \/>\n\t<meta property=\"og:image:width\" content=\"2150\" \/>\n\t<meta property=\"og:image:height\" content=\"2560\" \/>\n\t<meta property=\"og:image:type\" content=\"image\/jpeg\" \/>\n<meta name=\"twitter:card\" content=\"summary_large_image\" \/>\n<script type=\"application\/ld+json\" class=\"yoast-schema-graph\">{\"@context\":\"https:\/\/schema.org\",\"@graph\":[{\"@type\":\"WebPage\",\"@id\":\"http:\/\/duda-dziewierz.pl\/?page_id=99\",\"url\":\"http:\/\/duda-dziewierz.pl\/?page_id=99\",\"name\":\"Kontakt - Antoni Duda-Dziewierz\",\"isPartOf\":{\"@id\":\"http:\/\/duda-dziewierz.pl\/#website\"},\"datePublished\":\"2023-05-29T16:15:17+00:00\",\"dateModified\":\"2023-08-01T12:56:21+00:00\",\"breadcrumb\":{\"@id\":\"http:\/\/duda-dziewierz.pl\/?page_id=99#breadcrumb\"},\"inLanguage\":\"pl-PL\",\"potentialAction\":[{\"@type\":\"ReadAction\",\"target\":[\"http:\/\/duda-dziewierz.pl\/?page_id=99\"]}]},{\"@type\":\"BreadcrumbList\",\"@id\":\"http:\/\/duda-dziewierz.pl\/?page_id=99#breadcrumb\",\"itemListElement\":[{\"@type\":\"ListItem\",\"position\":1,\"name\":\"Home\",\"item\":\"http:\/\/duda-dziewierz.pl\/\"},{\"@type\":\"ListItem\",\"position\":2,\"name\":\"Kontakt\"}]},{\"@type\":\"WebSite\",\"@id\":\"http:\/\/duda-dziewierz.pl\/#website\",\"url\":\"http:\/\/duda-dziewierz.pl\/\",\"name\":\"Antoni Duda-Dziewierz\",\"description\":\"\u017cycie i dzia\u0142anie w trudnych czasach\",\"alternateName\":\"Duda-Dziewierz\",\"potentialAction\":[{\"@type\":\"SearchAction\",\"target\":{\"@type\":\"EntryPoint\",\"urlTemplate\":\"http:\/\/duda-dziewierz.pl\/?s={search_term_string}\"},\"query-input\":\"required name=search_term_string\"}],\"inLanguage\":\"pl-PL\"}]}<\/script>\n<!-- \/ Yoast SEO plugin. -->","yoast_head_json":{"title":"Kontakt - Antoni Duda-Dziewierz","robots":{"index":"index","follow":"follow","max-snippet":"max-snippet:-1","max-image-preview":"max-image-preview:large","max-video-preview":"max-video-preview:-1"},"canonical":"http:\/\/duda-dziewierz.pl\/?page_id=99","og_locale":"pl_PL","og_type":"article","og_title":"Kontakt - Antoni Duda-Dziewierz","og_url":"http:\/\/duda-dziewierz.pl\/?page_id=99","og_site_name":"Antoni Duda-Dziewierz","article_modified_time":"2023-08-01T12:56:21+00:00","og_image":[{"width":2150,"height":2560,"url":"http:\/\/duda-dziewierz.pl\/wp-content\/uploads\/2023\/06\/ADD-zaprasza-do-Zamku-scaled.jpg","type":"image\/jpeg"}],"twitter_card":"summary_large_image","schema":{"@context":"https:\/\/schema.org","@graph":[{"@type":"WebPage","@id":"http:\/\/duda-dziewierz.pl\/?page_id=99","url":"http:\/\/duda-dziewierz.pl\/?page_id=99","name":"Kontakt - Antoni Duda-Dziewierz","isPartOf":{"@id":"http:\/\/duda-dziewierz.pl\/#website"},"datePublished":"2023-05-29T16:15:17+00:00","dateModified":"2023-08-01T12:56:21+00:00","breadcrumb":{"@id":"http:\/\/duda-dziewierz.pl\/?page_id=99#breadcrumb"},"inLanguage":"pl-PL","potentialAction":[{"@type":"ReadAction","target":["http:\/\/duda-dziewierz.pl\/?page_id=99"]}]},{"@type":"BreadcrumbList","@id":"http:\/\/duda-dziewierz.pl\/?page_id=99#breadcrumb","itemListElement":[{"@type":"ListItem","position":1,"name":"Home","item":"http:\/\/duda-dziewierz.pl\/"},{"@type":"ListItem","position":2,"name":"Kontakt"}]},{"@type":"WebSite","@id":"http:\/\/duda-dziewierz.pl\/#website","url":"http:\/\/duda-dziewierz.pl\/","name":"Antoni Duda-Dziewierz","description":"\u017cycie i dzia\u0142anie w trudnych czasach","alternateName":"Duda-Dziewierz","potentialAction":[{"@type":"SearchAction","target":{"@type":"EntryPoint","urlTemplate":"http:\/\/duda-dziewierz.pl\/?s={search_term_string}"},"query-input":"required name=search_term_string"}],"inLanguage":"pl-PL"}]}},"_links":{"self":[{"href":"http:\/\/duda-dziewierz.pl\/index.php?rest_route=\/wp\/v2\/pages\/99","targetHints":{"allow":["GET"]}}],"collection":[{"href":"http:\/\/duda-dziewierz.pl\/index.php?rest_route=\/wp\/v2\/pages"}],"about":[{"href":"http:\/\/duda-dziewierz.pl\/index.php?rest_route=\/wp\/v2\/types\/page"}],"author":[{"embeddable":true,"href":"http:\/\/duda-dziewierz.pl\/index.php?rest_route=\/wp\/v2\/users\/1"}],"replies":[{"embeddable":true,"href":"http:\/\/duda-dziewierz.pl\/index.php?rest_route=%2Fwp%2Fv2%2Fcomments&post=99"}],"version-history":[{"count":6,"href":"http:\/\/duda-dziewierz.pl\/index.php?rest_route=\/wp\/v2\/pages\/99\/revisions"}],"predecessor-version":[{"id":682,"href":"http:\/\/duda-dziewierz.pl\/index.php?rest_route=\/wp\/v2\/pages\/99\/revisions\/682"}],"wp:attachment":[{"href":"http:\/\/duda-dziewierz.pl\/index.php?rest_route=%2Fwp%2Fv2%2Fmedia&parent=99"}],"curies":[{"name":"wp","href":"https:\/\/api.w.org\/{rel}","templated":true}]}}