{"id":86,"date":"2023-05-29T18:12:05","date_gmt":"2023-05-29T16:12:05","guid":{"rendered":"http:\/\/duda-dziewierz.pl\/?page_id=86"},"modified":"2023-06-05T22:21:21","modified_gmt":"2023-06-05T20:21:21","slug":"ziemie-odzyskane","status":"publish","type":"page","link":"http:\/\/duda-dziewierz.pl\/?page_id=86","title":{"rendered":"Ziemie Odzyskane"},"content":{"rendered":"\n<p>Nowa powojenna rzeczywisto\u015b\u0107 to zar\u00f3wno ca\u0142kowita podleg\u0142o\u015b\u0107 polityczna Rosji, prze\u015bladowania \u017co\u0142nierzy AK i dzia\u0142aczy organizacji podziemnych jak r\u00f3wnie\u017c drena\u017c gospodarczy Polski i stopniowe podporz\u0105dkowanie ca\u0142ej gospodarki rygorom sowieckim. Stacjonuj\u0105ce w Polsce wojska radzieckie grabi\u0142y i dewastowa\u0142y przemys\u0142 i rolnictwo, pozostaj\u0105c zupe\u0142nie bezkarne wobec tworz\u0105cej si\u0119 w\u0142adzy ludowej.<\/p>\n\n\n\n<p>Praca odbudowy i organizowania \u017cycia spo\u0142ecze\u0144stwa przebiega\u0142a <br>w szczeg\u00f3lnie trudnych warunkach politycznych i ekonomicznych. Mimo to tzw. \u201eplan 3-leni\u201d naprawd\u0119 zrealizowano i to w 2 lata i 10 miesi\u0119cy. Ju\u017c nigdy potem wysi\u0142kiem spo\u0142ecznym nie osi\u0105gni\u0119to <br>w PRL takiego wyniku.<\/p>\n\n\n\n<p>Ziemie odzyskane to szczeg\u00f3lny obszar powojennej Polski. Przez szereg lat pracy na tych terenach towarzyszy poczucie zagro\u017cenia i niepewno\u015bci co do ich trwa\u0142ej przynale\u017cno\u015bci do pa\u0144stwa polskiego. Ma to znacz\u0105cy wp\u0142yw na postawy spo\u0142eczne.<\/p>\n\n\n\n<p>W pierwszych latach po wojnie (1945-1946) w Elbl\u0105gu i Olsztynie Duda-Dziewierz organizowa\u0142 samorz\u0105d miejski, sp\u00f3\u0142dzielczo\u015b\u0107 mieszkaniow\u0105, sp\u00f3\u0142dzielczo\u015b\u0107 spo\u017cywc\u00f3w. Jako dzia\u0142acz lewicowy aktywnie budowa\u0142 struktury PPS na Wybrze\u017cu. Zosta\u0142 powo\u0142any do Miejskiej Rady Narodowej Elbl\u0105ga. Jego priorytetem w tym okresie by\u0142o stworzenie zaplecza dla rozwoju szkolnictwa na tych terenach. Jako Pe\u0142nomocnik Wojew\u00f3dzki Rz\u0105du do Walki z Analfabetyzmem zaanga\u017cowa\u0142 si\u0119 w organizacj\u0119 szkolnictwa w obr\u0119bie Elbl\u0105ga, Sopotu, Gda\u0144ska i Gdyni. W latach 1946-1950 przewodniczy\u0142 Wojew\u00f3dzkiej Radzie Narodowej w Gda\u0144sku. By\u0142 to okres niezwykle wyt\u0119\u017conej pracy w bardzo wielu obszarach. Po zjednoczeniu wszed\u0142 w struktury PZPR.<\/p>\n\n\n\n<p>W maju 1950 roku, odchodz\u0105c ze stanowiska w efekcie reformy rad narodowych, tak podsumowa\u0142 5-letni okres prac: \u201eW zespole miast (Gda\u0144sk-Sopot- Gdynia) \u017cyje dzi\u015b przesz\u0142o 350 tys. mieszka\u0144c\u00f3w, maj\u0105c do dyspozycji mieszkania, wod\u0119, \u015bwiat\u0142o, urz\u0105dzenia kanalizacyjne, mo\u017cliwo\u015bci komunikacyjne, szko\u0142y, szpitale, sklepy, sto\u0142\u00f3wki, a przede wszystkim \u2014 prac\u0119. Osuszyli\u015bmy \u017bu\u0142awy, zbudowali\u015bmy drogi i mosty, uruchomili\u015bmy komunikacj\u0119 miejsk\u0105. <br>W ramach planu 3-letniego, kt\u00f3ry by\u0142 planem odbudowy, mo\u017cemy poszczyci\u0107 si\u0119 du\u017cymi osi\u0105gni\u0119ciami. Odbudowali\u015bmy stocznie, przemys\u0142 i rybo\u0142\u00f3wstwo\u201d. (Dziennik Ba\u0142tycki Nr. 82, 1950 r.)<\/p>\n","protected":false},"excerpt":{"rendered":"<p>Nowa powojenna rzeczywisto\u015b\u0107 to zar\u00f3wno ca\u0142kowita podleg\u0142o\u015b\u0107 polityczna Rosji, prze\u015bladowania \u017co\u0142nierzy AK i dzia\u0142aczy organizacji podziemnych jak r\u00f3wnie\u017c drena\u017c gospodarczy Polski i stopniowe podporz\u0105dkowanie ca\u0142ej gospodarki rygorom sowieckim. Stacjonuj\u0105ce w Polsce wojska radzieckie grabi\u0142y i dewastowa\u0142y przemys\u0142 i rolnictwo, pozostaj\u0105c zupe\u0142nie bezkarne wobec tworz\u0105cej si\u0119 w\u0142adzy ludowej. Praca odbudowy i organizowania \u017cycia spo\u0142ecze\u0144stwa przebiega\u0142a w&hellip; <a class=\"more-link\" href=\"http:\/\/duda-dziewierz.pl\/?page_id=86\">Czytaj dalej <span class=\"screen-reader-text\">Ziemie Odzyskane<\/span><\/a><\/p>\n","protected":false},"author":1,"featured_media":0,"parent":0,"menu_order":0,"comment_status":"closed","ping_status":"closed","template":"","meta":{"footnotes":""},"class_list":["post-86","page","type-page","status-publish","hentry","entry"],"yoast_head":"<!-- This site is optimized with the Yoast SEO plugin v21.6 - https:\/\/yoast.com\/wordpress\/plugins\/seo\/ -->\n<title>Ziemie Odzyskane - Antoni Duda-Dziewierz<\/title>\n<meta name=\"robots\" content=\"index, follow, max-snippet:-1, max-image-preview:large, max-video-preview:-1\" \/>\n<link rel=\"canonical\" href=\"http:\/\/duda-dziewierz.pl\/?page_id=86\" \/>\n<meta property=\"og:locale\" content=\"pl_PL\" \/>\n<meta property=\"og:type\" content=\"article\" \/>\n<meta property=\"og:title\" content=\"Ziemie Odzyskane - Antoni Duda-Dziewierz\" \/>\n<meta property=\"og:description\" content=\"Nowa powojenna rzeczywisto\u015b\u0107 to zar\u00f3wno ca\u0142kowita podleg\u0142o\u015b\u0107 polityczna Rosji, prze\u015bladowania \u017co\u0142nierzy AK i dzia\u0142aczy organizacji podziemnych jak r\u00f3wnie\u017c drena\u017c gospodarczy Polski i stopniowe podporz\u0105dkowanie ca\u0142ej gospodarki rygorom sowieckim. Stacjonuj\u0105ce w Polsce wojska radzieckie grabi\u0142y i dewastowa\u0142y przemys\u0142 i rolnictwo, pozostaj\u0105c zupe\u0142nie bezkarne wobec tworz\u0105cej si\u0119 w\u0142adzy ludowej. Praca odbudowy i organizowania \u017cycia spo\u0142ecze\u0144stwa przebiega\u0142a w&hellip; Czytaj dalej Ziemie Odzyskane\" \/>\n<meta property=\"og:url\" content=\"http:\/\/duda-dziewierz.pl\/?page_id=86\" \/>\n<meta property=\"og:site_name\" content=\"Antoni Duda-Dziewierz\" \/>\n<meta property=\"article:modified_time\" content=\"2023-06-05T20:21:21+00:00\" \/>\n<meta property=\"og:image\" content=\"http:\/\/duda-dziewierz.pl\/wp-content\/uploads\/2023\/06\/ADD-zaprasza-do-Zamku-scaled.jpg\" \/>\n\t<meta property=\"og:image:width\" content=\"2150\" \/>\n\t<meta property=\"og:image:height\" content=\"2560\" \/>\n\t<meta property=\"og:image:type\" content=\"image\/jpeg\" \/>\n<meta name=\"twitter:card\" content=\"summary_large_image\" \/>\n<meta name=\"twitter:label1\" content=\"Szacowany czas czytania\" \/>\n\t<meta name=\"twitter:data1\" content=\"2 minuty\" \/>\n<script type=\"application\/ld+json\" class=\"yoast-schema-graph\">{\"@context\":\"https:\/\/schema.org\",\"@graph\":[{\"@type\":\"WebPage\",\"@id\":\"http:\/\/duda-dziewierz.pl\/?page_id=86\",\"url\":\"http:\/\/duda-dziewierz.pl\/?page_id=86\",\"name\":\"Ziemie Odzyskane - Antoni Duda-Dziewierz\",\"isPartOf\":{\"@id\":\"http:\/\/duda-dziewierz.pl\/#website\"},\"datePublished\":\"2023-05-29T16:12:05+00:00\",\"dateModified\":\"2023-06-05T20:21:21+00:00\",\"breadcrumb\":{\"@id\":\"http:\/\/duda-dziewierz.pl\/?page_id=86#breadcrumb\"},\"inLanguage\":\"pl-PL\",\"potentialAction\":[{\"@type\":\"ReadAction\",\"target\":[\"http:\/\/duda-dziewierz.pl\/?page_id=86\"]}]},{\"@type\":\"BreadcrumbList\",\"@id\":\"http:\/\/duda-dziewierz.pl\/?page_id=86#breadcrumb\",\"itemListElement\":[{\"@type\":\"ListItem\",\"position\":1,\"name\":\"Home\",\"item\":\"http:\/\/duda-dziewierz.pl\/\"},{\"@type\":\"ListItem\",\"position\":2,\"name\":\"Ziemie Odzyskane\"}]},{\"@type\":\"WebSite\",\"@id\":\"http:\/\/duda-dziewierz.pl\/#website\",\"url\":\"http:\/\/duda-dziewierz.pl\/\",\"name\":\"Antoni Duda-Dziewierz\",\"description\":\"\u017cycie i dzia\u0142anie w trudnych czasach\",\"alternateName\":\"Duda-Dziewierz\",\"potentialAction\":[{\"@type\":\"SearchAction\",\"target\":{\"@type\":\"EntryPoint\",\"urlTemplate\":\"http:\/\/duda-dziewierz.pl\/?s={search_term_string}\"},\"query-input\":\"required name=search_term_string\"}],\"inLanguage\":\"pl-PL\"}]}<\/script>\n<!-- \/ Yoast SEO plugin. -->","yoast_head_json":{"title":"Ziemie Odzyskane - Antoni Duda-Dziewierz","robots":{"index":"index","follow":"follow","max-snippet":"max-snippet:-1","max-image-preview":"max-image-preview:large","max-video-preview":"max-video-preview:-1"},"canonical":"http:\/\/duda-dziewierz.pl\/?page_id=86","og_locale":"pl_PL","og_type":"article","og_title":"Ziemie Odzyskane - Antoni Duda-Dziewierz","og_description":"Nowa powojenna rzeczywisto\u015b\u0107 to zar\u00f3wno ca\u0142kowita podleg\u0142o\u015b\u0107 polityczna Rosji, prze\u015bladowania \u017co\u0142nierzy AK i dzia\u0142aczy organizacji podziemnych jak r\u00f3wnie\u017c drena\u017c gospodarczy Polski i stopniowe podporz\u0105dkowanie ca\u0142ej gospodarki rygorom sowieckim. Stacjonuj\u0105ce w Polsce wojska radzieckie grabi\u0142y i dewastowa\u0142y przemys\u0142 i rolnictwo, pozostaj\u0105c zupe\u0142nie bezkarne wobec tworz\u0105cej si\u0119 w\u0142adzy ludowej. Praca odbudowy i organizowania \u017cycia spo\u0142ecze\u0144stwa przebiega\u0142a w&hellip; Czytaj dalej Ziemie Odzyskane","og_url":"http:\/\/duda-dziewierz.pl\/?page_id=86","og_site_name":"Antoni Duda-Dziewierz","article_modified_time":"2023-06-05T20:21:21+00:00","og_image":[{"width":2150,"height":2560,"url":"http:\/\/duda-dziewierz.pl\/wp-content\/uploads\/2023\/06\/ADD-zaprasza-do-Zamku-scaled.jpg","type":"image\/jpeg"}],"twitter_card":"summary_large_image","twitter_misc":{"Szacowany czas czytania":"2 minuty"},"schema":{"@context":"https:\/\/schema.org","@graph":[{"@type":"WebPage","@id":"http:\/\/duda-dziewierz.pl\/?page_id=86","url":"http:\/\/duda-dziewierz.pl\/?page_id=86","name":"Ziemie Odzyskane - Antoni Duda-Dziewierz","isPartOf":{"@id":"http:\/\/duda-dziewierz.pl\/#website"},"datePublished":"2023-05-29T16:12:05+00:00","dateModified":"2023-06-05T20:21:21+00:00","breadcrumb":{"@id":"http:\/\/duda-dziewierz.pl\/?page_id=86#breadcrumb"},"inLanguage":"pl-PL","potentialAction":[{"@type":"ReadAction","target":["http:\/\/duda-dziewierz.pl\/?page_id=86"]}]},{"@type":"BreadcrumbList","@id":"http:\/\/duda-dziewierz.pl\/?page_id=86#breadcrumb","itemListElement":[{"@type":"ListItem","position":1,"name":"Home","item":"http:\/\/duda-dziewierz.pl\/"},{"@type":"ListItem","position":2,"name":"Ziemie Odzyskane"}]},{"@type":"WebSite","@id":"http:\/\/duda-dziewierz.pl\/#website","url":"http:\/\/duda-dziewierz.pl\/","name":"Antoni Duda-Dziewierz","description":"\u017cycie i dzia\u0142anie w trudnych czasach","alternateName":"Duda-Dziewierz","potentialAction":[{"@type":"SearchAction","target":{"@type":"EntryPoint","urlTemplate":"http:\/\/duda-dziewierz.pl\/?s={search_term_string}"},"query-input":"required name=search_term_string"}],"inLanguage":"pl-PL"}]}},"_links":{"self":[{"href":"http:\/\/duda-dziewierz.pl\/index.php?rest_route=\/wp\/v2\/pages\/86","targetHints":{"allow":["GET"]}}],"collection":[{"href":"http:\/\/duda-dziewierz.pl\/index.php?rest_route=\/wp\/v2\/pages"}],"about":[{"href":"http:\/\/duda-dziewierz.pl\/index.php?rest_route=\/wp\/v2\/types\/page"}],"author":[{"embeddable":true,"href":"http:\/\/duda-dziewierz.pl\/index.php?rest_route=\/wp\/v2\/users\/1"}],"replies":[{"embeddable":true,"href":"http:\/\/duda-dziewierz.pl\/index.php?rest_route=%2Fwp%2Fv2%2Fcomments&post=86"}],"version-history":[{"count":4,"href":"http:\/\/duda-dziewierz.pl\/index.php?rest_route=\/wp\/v2\/pages\/86\/revisions"}],"predecessor-version":[{"id":572,"href":"http:\/\/duda-dziewierz.pl\/index.php?rest_route=\/wp\/v2\/pages\/86\/revisions\/572"}],"wp:attachment":[{"href":"http:\/\/duda-dziewierz.pl\/index.php?rest_route=%2Fwp%2Fv2%2Fmedia&parent=86"}],"curies":[{"name":"wp","href":"https:\/\/api.w.org\/{rel}","templated":true}]}}