{"id":83,"date":"2023-05-29T18:11:45","date_gmt":"2023-05-29T16:11:45","guid":{"rendered":"http:\/\/duda-dziewierz.pl\/?page_id=83"},"modified":"2023-06-05T22:04:31","modified_gmt":"2023-06-05T20:04:31","slug":"we-lwowie","status":"publish","type":"page","link":"http:\/\/duda-dziewierz.pl\/?page_id=83","title":{"rendered":"We Lwowie"},"content":{"rendered":"\n<p>Wskutek konfliktu z \u00f3wczesnymi w\u0142adzami, jako dzia\u0142acz PPS, Antoni zosta\u0142 zmuszony do opuszczenia pracy i w pocz\u0105tkach 1939 r. przeni\u00f3s\u0142 si\u0119 do Lwowa, gdzie rozpocz\u0105\u0142 prac\u0119 pod zmienionym nazwiskiem.<\/p>\n\n\n\n<p>W maju 1939<a> r. <\/a>zosta\u0142 zarz\u0105dc\u0105, a nast\u0119pnie dyrektorem <br>ds. administracyjnych szpitala Ubezpieczalni Spo\u0142ecznej przy <br>ul. Kurkowej we Lwowie. Po wybuchu wojny pracowa\u0142 nadal, daj\u0105c schronienie i zaopatrzenie uciekaj\u0105cym z tzw. Generalnej Guberni Polakom. Byli w\u015br\u00f3d nich: prof. prof. Ossowscy, <br>prof. prof. Cha\u0142asi\u0144scy, prof. \u017bmigryder-Konopka, prof. Szayer.<\/p>\n\n\n\n<p>Jesieni\u0105 1939 roku zosta\u0142 aresztowany przez NKWD, za umo\u017cliwienie ucieczki wielu oficerom polskim w 1939 r. \u201eTymczasem transport si\u0119 organizowa\u0142. W przeddzie\u0144 wyjazdu komisarz szpitala wr\u0119czy\u0142 mi papiery, na kt\u00f3rych podstawie mog\u0142em wyj\u015b\u0107 ze szpitala. Radzi\u0142 mi jednak jecha\u0107 transportem, gdy\u017c wed\u0142ug jego opinii &#8211; by\u0142o to zgodne z prawd\u0105 \u2013 przesz\u0142o 20 000 ludzi oczekiwa\u0142o ju\u017c na przekroczenie granicy w fatalnych warunkach. Pokaza\u0142 mi te\u017c pismo w\u0142adz niemieckich, wyra\u017caj\u0105cych zgod\u0119 na przyj\u0119cie transportu ci\u0119\u017cko rannych\u201d\u2026. (gen. W\u0142adys\u0142aw Anders \u201eBez ostatniego rozdzia\u0142u\u201d) Do wybuchu wojny niemiecko-sowieckiej, do 23 czerwca 1941 r. przebywa\u0142 w lwowskich wi\u0119zieniach: na Zamarstynowie, nast\u0119pnie <br>w wi\u0119zieniu \u201eBrygidki\u201d. Ocala\u0142. Uda\u0142o mu si\u0119 unikn\u0105\u0107 rozstrzelania przez NKWD i jako jeden z nielicznych uratowanych wi\u0119\u017ani\u00f3w wyszed\u0142 na wolno\u015b\u0107.<\/p>\n","protected":false},"excerpt":{"rendered":"<p>Wskutek konfliktu z \u00f3wczesnymi w\u0142adzami, jako dzia\u0142acz PPS, Antoni zosta\u0142 zmuszony do opuszczenia pracy i w pocz\u0105tkach 1939 r. przeni\u00f3s\u0142 si\u0119 do Lwowa, gdzie rozpocz\u0105\u0142 prac\u0119 pod zmienionym nazwiskiem. W maju 1939 r. zosta\u0142 zarz\u0105dc\u0105, a nast\u0119pnie dyrektorem ds. administracyjnych szpitala Ubezpieczalni Spo\u0142ecznej przy ul. Kurkowej we Lwowie. Po wybuchu wojny pracowa\u0142 nadal, daj\u0105c schronienie&hellip; <a class=\"more-link\" href=\"http:\/\/duda-dziewierz.pl\/?page_id=83\">Czytaj dalej <span class=\"screen-reader-text\">We Lwowie<\/span><\/a><\/p>\n","protected":false},"author":1,"featured_media":0,"parent":0,"menu_order":0,"comment_status":"closed","ping_status":"closed","template":"","meta":{"footnotes":""},"class_list":["post-83","page","type-page","status-publish","hentry","entry"],"yoast_head":"<!-- This site is optimized with the Yoast SEO plugin v21.6 - https:\/\/yoast.com\/wordpress\/plugins\/seo\/ -->\n<title>We Lwowie - Antoni Duda-Dziewierz<\/title>\n<meta name=\"robots\" content=\"index, follow, max-snippet:-1, max-image-preview:large, max-video-preview:-1\" \/>\n<link rel=\"canonical\" href=\"http:\/\/duda-dziewierz.pl\/?page_id=83\" \/>\n<meta property=\"og:locale\" content=\"pl_PL\" \/>\n<meta property=\"og:type\" content=\"article\" \/>\n<meta property=\"og:title\" content=\"We Lwowie - Antoni Duda-Dziewierz\" \/>\n<meta property=\"og:description\" content=\"Wskutek konfliktu z \u00f3wczesnymi w\u0142adzami, jako dzia\u0142acz PPS, Antoni zosta\u0142 zmuszony do opuszczenia pracy i w pocz\u0105tkach 1939 r. przeni\u00f3s\u0142 si\u0119 do Lwowa, gdzie rozpocz\u0105\u0142 prac\u0119 pod zmienionym nazwiskiem. W maju 1939 r. zosta\u0142 zarz\u0105dc\u0105, a nast\u0119pnie dyrektorem ds. administracyjnych szpitala Ubezpieczalni Spo\u0142ecznej przy ul. Kurkowej we Lwowie. Po wybuchu wojny pracowa\u0142 nadal, daj\u0105c schronienie&hellip; Czytaj dalej We Lwowie\" \/>\n<meta property=\"og:url\" content=\"http:\/\/duda-dziewierz.pl\/?page_id=83\" \/>\n<meta property=\"og:site_name\" content=\"Antoni Duda-Dziewierz\" \/>\n<meta property=\"article:modified_time\" content=\"2023-06-05T20:04:31+00:00\" \/>\n<meta property=\"og:image\" content=\"http:\/\/duda-dziewierz.pl\/wp-content\/uploads\/2023\/06\/ADD-zaprasza-do-Zamku-scaled.jpg\" \/>\n\t<meta property=\"og:image:width\" content=\"2150\" \/>\n\t<meta property=\"og:image:height\" content=\"2560\" \/>\n\t<meta property=\"og:image:type\" content=\"image\/jpeg\" \/>\n<meta name=\"twitter:card\" content=\"summary_large_image\" \/>\n<meta name=\"twitter:label1\" content=\"Szacowany czas czytania\" \/>\n\t<meta name=\"twitter:data1\" content=\"1 minuta\" \/>\n<script type=\"application\/ld+json\" class=\"yoast-schema-graph\">{\"@context\":\"https:\/\/schema.org\",\"@graph\":[{\"@type\":\"WebPage\",\"@id\":\"http:\/\/duda-dziewierz.pl\/?page_id=83\",\"url\":\"http:\/\/duda-dziewierz.pl\/?page_id=83\",\"name\":\"We Lwowie - Antoni Duda-Dziewierz\",\"isPartOf\":{\"@id\":\"http:\/\/duda-dziewierz.pl\/#website\"},\"datePublished\":\"2023-05-29T16:11:45+00:00\",\"dateModified\":\"2023-06-05T20:04:31+00:00\",\"breadcrumb\":{\"@id\":\"http:\/\/duda-dziewierz.pl\/?page_id=83#breadcrumb\"},\"inLanguage\":\"pl-PL\",\"potentialAction\":[{\"@type\":\"ReadAction\",\"target\":[\"http:\/\/duda-dziewierz.pl\/?page_id=83\"]}]},{\"@type\":\"BreadcrumbList\",\"@id\":\"http:\/\/duda-dziewierz.pl\/?page_id=83#breadcrumb\",\"itemListElement\":[{\"@type\":\"ListItem\",\"position\":1,\"name\":\"Home\",\"item\":\"http:\/\/duda-dziewierz.pl\/\"},{\"@type\":\"ListItem\",\"position\":2,\"name\":\"We Lwowie\"}]},{\"@type\":\"WebSite\",\"@id\":\"http:\/\/duda-dziewierz.pl\/#website\",\"url\":\"http:\/\/duda-dziewierz.pl\/\",\"name\":\"Antoni Duda-Dziewierz\",\"description\":\"\u017cycie i dzia\u0142anie w trudnych czasach\",\"alternateName\":\"Duda-Dziewierz\",\"potentialAction\":[{\"@type\":\"SearchAction\",\"target\":{\"@type\":\"EntryPoint\",\"urlTemplate\":\"http:\/\/duda-dziewierz.pl\/?s={search_term_string}\"},\"query-input\":\"required name=search_term_string\"}],\"inLanguage\":\"pl-PL\"}]}<\/script>\n<!-- \/ Yoast SEO plugin. -->","yoast_head_json":{"title":"We Lwowie - Antoni Duda-Dziewierz","robots":{"index":"index","follow":"follow","max-snippet":"max-snippet:-1","max-image-preview":"max-image-preview:large","max-video-preview":"max-video-preview:-1"},"canonical":"http:\/\/duda-dziewierz.pl\/?page_id=83","og_locale":"pl_PL","og_type":"article","og_title":"We Lwowie - Antoni Duda-Dziewierz","og_description":"Wskutek konfliktu z \u00f3wczesnymi w\u0142adzami, jako dzia\u0142acz PPS, Antoni zosta\u0142 zmuszony do opuszczenia pracy i w pocz\u0105tkach 1939 r. przeni\u00f3s\u0142 si\u0119 do Lwowa, gdzie rozpocz\u0105\u0142 prac\u0119 pod zmienionym nazwiskiem. W maju 1939 r. zosta\u0142 zarz\u0105dc\u0105, a nast\u0119pnie dyrektorem ds. administracyjnych szpitala Ubezpieczalni Spo\u0142ecznej przy ul. Kurkowej we Lwowie. Po wybuchu wojny pracowa\u0142 nadal, daj\u0105c schronienie&hellip; Czytaj dalej We Lwowie","og_url":"http:\/\/duda-dziewierz.pl\/?page_id=83","og_site_name":"Antoni Duda-Dziewierz","article_modified_time":"2023-06-05T20:04:31+00:00","og_image":[{"width":2150,"height":2560,"url":"http:\/\/duda-dziewierz.pl\/wp-content\/uploads\/2023\/06\/ADD-zaprasza-do-Zamku-scaled.jpg","type":"image\/jpeg"}],"twitter_card":"summary_large_image","twitter_misc":{"Szacowany czas czytania":"1 minuta"},"schema":{"@context":"https:\/\/schema.org","@graph":[{"@type":"WebPage","@id":"http:\/\/duda-dziewierz.pl\/?page_id=83","url":"http:\/\/duda-dziewierz.pl\/?page_id=83","name":"We Lwowie - Antoni Duda-Dziewierz","isPartOf":{"@id":"http:\/\/duda-dziewierz.pl\/#website"},"datePublished":"2023-05-29T16:11:45+00:00","dateModified":"2023-06-05T20:04:31+00:00","breadcrumb":{"@id":"http:\/\/duda-dziewierz.pl\/?page_id=83#breadcrumb"},"inLanguage":"pl-PL","potentialAction":[{"@type":"ReadAction","target":["http:\/\/duda-dziewierz.pl\/?page_id=83"]}]},{"@type":"BreadcrumbList","@id":"http:\/\/duda-dziewierz.pl\/?page_id=83#breadcrumb","itemListElement":[{"@type":"ListItem","position":1,"name":"Home","item":"http:\/\/duda-dziewierz.pl\/"},{"@type":"ListItem","position":2,"name":"We Lwowie"}]},{"@type":"WebSite","@id":"http:\/\/duda-dziewierz.pl\/#website","url":"http:\/\/duda-dziewierz.pl\/","name":"Antoni Duda-Dziewierz","description":"\u017cycie i dzia\u0142anie w trudnych czasach","alternateName":"Duda-Dziewierz","potentialAction":[{"@type":"SearchAction","target":{"@type":"EntryPoint","urlTemplate":"http:\/\/duda-dziewierz.pl\/?s={search_term_string}"},"query-input":"required name=search_term_string"}],"inLanguage":"pl-PL"}]}},"_links":{"self":[{"href":"http:\/\/duda-dziewierz.pl\/index.php?rest_route=\/wp\/v2\/pages\/83","targetHints":{"allow":["GET"]}}],"collection":[{"href":"http:\/\/duda-dziewierz.pl\/index.php?rest_route=\/wp\/v2\/pages"}],"about":[{"href":"http:\/\/duda-dziewierz.pl\/index.php?rest_route=\/wp\/v2\/types\/page"}],"author":[{"embeddable":true,"href":"http:\/\/duda-dziewierz.pl\/index.php?rest_route=\/wp\/v2\/users\/1"}],"replies":[{"embeddable":true,"href":"http:\/\/duda-dziewierz.pl\/index.php?rest_route=%2Fwp%2Fv2%2Fcomments&post=83"}],"version-history":[{"count":3,"href":"http:\/\/duda-dziewierz.pl\/index.php?rest_route=\/wp\/v2\/pages\/83\/revisions"}],"predecessor-version":[{"id":562,"href":"http:\/\/duda-dziewierz.pl\/index.php?rest_route=\/wp\/v2\/pages\/83\/revisions\/562"}],"wp:attachment":[{"href":"http:\/\/duda-dziewierz.pl\/index.php?rest_route=%2Fwp%2Fv2%2Fmedia&parent=83"}],"curies":[{"name":"wp","href":"https:\/\/api.w.org\/{rel}","templated":true}]}}