{"id":80,"date":"2023-05-29T18:11:19","date_gmt":"2023-05-29T16:11:19","guid":{"rendered":"http:\/\/duda-dziewierz.pl\/?page_id=80"},"modified":"2023-08-01T14:48:55","modified_gmt":"2023-08-01T12:48:55","slug":"wsm","status":"publish","type":"page","link":"http:\/\/duda-dziewierz.pl\/?page_id=80","title":{"rendered":"WSM"},"content":{"rendered":"\n<p>W 1921 roku Antoni zwi\u0105za\u0142 si\u0119 z grup\u0105 dzia\u0142aczy, inicjator\u00f3w Warszawskiej Sp\u00f3\u0142dzielni Mieszkaniowej na \u017boliborzu. Zatrudniony by\u0142 w\u00f3wczas w Elektrowni Warszawskiej. W nowopowstaj\u0105cej sp\u00f3\u0142dzielni pracowa\u0142 pocz\u0105tkowo spo\u0142ecznie. W 1925 roku rozpocz\u0119to budow\u0119 I Kolonii na \u017boliborzu przy Placu Wilsona dla pierwszych 95 mieszka\u0144c\u00f3w. Mieszkania zosta\u0142y oddane do u\u017cytku <br>w styczniu 1927 roku. W\u00f3wczas Antoni obj\u0105\u0142 administrowanie Osiedlem. Pozosta\u0142 tam do 1936 roku.<\/p>\n\n\n\n<p>\u201ePi\u0119knie mieszka\u0107?- owszem \u2013 wiem: zapisz si\u0119 do WSM\u201d (Henryk \u0141adosz 1935)<\/p>\n\n\n\n<p>Sp\u00f3\u0142dzielczo\u015b\u0107 to wsp\u00f3\u0142dzia\u0142anie i wzajemna pomoc. Wprowadzenie tych praktyk bardzo dobrze funkcjonowa\u0142o w dziedzinie mieszkaniowej. Na ziemiach polskich istnia\u0142y sp\u00f3\u0142dzielnie o du\u017co d\u0142u\u017cszej historii ni\u017c sp\u00f3\u0142dzielnia \u017coliborska, na przyk\u0142ad w Poznaniu lub w Krakowie, ale masowy mieszkaniowy ruch sp\u00f3\u0142dzielczy sta\u0142 si\u0119 niezaprzeczalnie dzie\u0142em dzia\u0142aczy warszawskich.<\/p>\n\n\n\n<p>Powstanie WSM by\u0142o efektem pionierskiej dzia\u0142alno\u015bci w kraju. Sp\u00f3\u0142dzielnia nie mog\u0142a rozwi\u0105za\u0107, w szerszej skali, \u00f3wczesnych problem\u00f3w lokalowych, ale da\u0142a podwaliny pod sp\u00f3\u0142dzielcze budownictwo mieszkaniowe i odegra\u0142a istotn\u0105 rol\u0119, r\u00f3wnie\u017c po II wojnie \u015bwiatowej, w rozwi\u0105zywaniu tych kwestii drog\u0105 dzia\u0142alno\u015bci sp\u00f3\u0142dzielczej. <\/p>\n\n\n\n<p>To w\u0142a\u015bnie idee towarzysz\u0105ce powstaniu WSM oraz praca na \u017boliborzu by\u0142y czynnikami kszta\u0142tuj\u0105cymi postaw\u0119 \u017cyciow\u0105 Antoniego \u2013 promowa\u0142y zaradno\u015b\u0107, afirmowa\u0142y wsp\u00f3\u0142prac\u0119, kszta\u0142towa\u0142y odporno\u015b\u0107 na niepowodzenia. To z tej dzia\u0142alno\u015bci, jako m\u0142ody cz\u0142owiek, wyni\u00f3s\u0142 umiej\u0119tno\u015b\u0107 pracy z lud\u017ami wywodz\u0105cymi si\u0119 z ka\u017cdej grupy spo\u0142ecznej, tutaj spotka\u0142 autorytety naukowe <br>i moralne, nawi\u0105za\u0142 najbardziej warto\u015bciowe kontakty. <br>Z WSM wyni\u00f3s\u0142 do\u015bwiadczenie gospodarno\u015bci, umiej\u0119tno\u015b\u0107 zarz\u0105dzania, podstawy ekonomii, a tak\u017ce samego budownictwa.<\/p>\n\n\n\n<p>W mojej ocenie, bez do\u015bwiadcze\u0144 z pracy w WSM nie by\u0142oby ani jego powojennej aktywno\u015bci w budownictwie mieszkaniowym <br>i u\u017cyteczno\u015bci publicznej na Wybrze\u017cu, ani fenomenalnego <br>i godnego podziwu remontu \u0141a\u0144cuta, ani rekordowo szybkich <br>i nadzwyczaj skutecznych dzia\u0142a\u0144 przy odbudowie Malborka po po\u017carze, ani remontu zamku w Krasiczynie czy dworku w \u017barnowcu. <br>Tej sprawno\u015bci operacyjnej, pewno\u015bci i skuteczno\u015bci nabra\u0142 w\u0142a\u015bnie podczas pracy w WSM.<\/p>\n\n\n\n<p>W latach 1936-1938 administrowa\u0142 warszawskim osiedlem Towarzystwa Osiedli Robotniczych (TOR) na Kole.<\/p>\n","protected":false},"excerpt":{"rendered":"<p>W 1921 roku Antoni zwi\u0105za\u0142 si\u0119 z grup\u0105 dzia\u0142aczy, inicjator\u00f3w Warszawskiej Sp\u00f3\u0142dzielni Mieszkaniowej na \u017boliborzu. Zatrudniony by\u0142 w\u00f3wczas w Elektrowni Warszawskiej. W nowopowstaj\u0105cej sp\u00f3\u0142dzielni pracowa\u0142 pocz\u0105tkowo spo\u0142ecznie. W 1925 roku rozpocz\u0119to budow\u0119 I Kolonii na \u017boliborzu przy Placu Wilsona dla pierwszych 95 mieszka\u0144c\u00f3w. Mieszkania zosta\u0142y oddane do u\u017cytku w styczniu 1927 roku. W\u00f3wczas Antoni obj\u0105\u0142&hellip; <a class=\"more-link\" href=\"http:\/\/duda-dziewierz.pl\/?page_id=80\">Czytaj dalej <span class=\"screen-reader-text\">WSM<\/span><\/a><\/p>\n","protected":false},"author":1,"featured_media":0,"parent":0,"menu_order":0,"comment_status":"closed","ping_status":"closed","template":"","meta":{"footnotes":""},"class_list":["post-80","page","type-page","status-publish","hentry","entry"],"yoast_head":"<!-- This site is optimized with the Yoast SEO plugin v21.6 - https:\/\/yoast.com\/wordpress\/plugins\/seo\/ -->\n<title>WSM - Antoni Duda-Dziewierz<\/title>\n<meta name=\"robots\" content=\"index, follow, max-snippet:-1, max-image-preview:large, max-video-preview:-1\" \/>\n<link rel=\"canonical\" href=\"http:\/\/duda-dziewierz.pl\/?page_id=80\" \/>\n<meta property=\"og:locale\" content=\"pl_PL\" \/>\n<meta property=\"og:type\" content=\"article\" \/>\n<meta property=\"og:title\" content=\"WSM - Antoni Duda-Dziewierz\" \/>\n<meta property=\"og:description\" content=\"W 1921 roku Antoni zwi\u0105za\u0142 si\u0119 z grup\u0105 dzia\u0142aczy, inicjator\u00f3w Warszawskiej Sp\u00f3\u0142dzielni Mieszkaniowej na \u017boliborzu. Zatrudniony by\u0142 w\u00f3wczas w Elektrowni Warszawskiej. W nowopowstaj\u0105cej sp\u00f3\u0142dzielni pracowa\u0142 pocz\u0105tkowo spo\u0142ecznie. W 1925 roku rozpocz\u0119to budow\u0119 I Kolonii na \u017boliborzu przy Placu Wilsona dla pierwszych 95 mieszka\u0144c\u00f3w. Mieszkania zosta\u0142y oddane do u\u017cytku w styczniu 1927 roku. W\u00f3wczas Antoni obj\u0105\u0142&hellip; Czytaj dalej WSM\" \/>\n<meta property=\"og:url\" content=\"http:\/\/duda-dziewierz.pl\/?page_id=80\" \/>\n<meta property=\"og:site_name\" content=\"Antoni Duda-Dziewierz\" \/>\n<meta property=\"article:modified_time\" content=\"2023-08-01T12:48:55+00:00\" \/>\n<meta property=\"og:image\" content=\"http:\/\/duda-dziewierz.pl\/wp-content\/uploads\/2023\/06\/ADD-zaprasza-do-Zamku-scaled.jpg\" \/>\n\t<meta property=\"og:image:width\" content=\"2150\" \/>\n\t<meta property=\"og:image:height\" content=\"2560\" \/>\n\t<meta property=\"og:image:type\" content=\"image\/jpeg\" \/>\n<meta name=\"twitter:card\" content=\"summary_large_image\" \/>\n<meta name=\"twitter:label1\" content=\"Szacowany czas czytania\" \/>\n\t<meta name=\"twitter:data1\" content=\"2 minuty\" \/>\n<script type=\"application\/ld+json\" class=\"yoast-schema-graph\">{\"@context\":\"https:\/\/schema.org\",\"@graph\":[{\"@type\":\"WebPage\",\"@id\":\"http:\/\/duda-dziewierz.pl\/?page_id=80\",\"url\":\"http:\/\/duda-dziewierz.pl\/?page_id=80\",\"name\":\"WSM - Antoni Duda-Dziewierz\",\"isPartOf\":{\"@id\":\"http:\/\/duda-dziewierz.pl\/#website\"},\"datePublished\":\"2023-05-29T16:11:19+00:00\",\"dateModified\":\"2023-08-01T12:48:55+00:00\",\"breadcrumb\":{\"@id\":\"http:\/\/duda-dziewierz.pl\/?page_id=80#breadcrumb\"},\"inLanguage\":\"pl-PL\",\"potentialAction\":[{\"@type\":\"ReadAction\",\"target\":[\"http:\/\/duda-dziewierz.pl\/?page_id=80\"]}]},{\"@type\":\"BreadcrumbList\",\"@id\":\"http:\/\/duda-dziewierz.pl\/?page_id=80#breadcrumb\",\"itemListElement\":[{\"@type\":\"ListItem\",\"position\":1,\"name\":\"Home\",\"item\":\"http:\/\/duda-dziewierz.pl\/\"},{\"@type\":\"ListItem\",\"position\":2,\"name\":\"WSM\"}]},{\"@type\":\"WebSite\",\"@id\":\"http:\/\/duda-dziewierz.pl\/#website\",\"url\":\"http:\/\/duda-dziewierz.pl\/\",\"name\":\"Antoni Duda-Dziewierz\",\"description\":\"\u017cycie i dzia\u0142anie w trudnych czasach\",\"alternateName\":\"Duda-Dziewierz\",\"potentialAction\":[{\"@type\":\"SearchAction\",\"target\":{\"@type\":\"EntryPoint\",\"urlTemplate\":\"http:\/\/duda-dziewierz.pl\/?s={search_term_string}\"},\"query-input\":\"required name=search_term_string\"}],\"inLanguage\":\"pl-PL\"}]}<\/script>\n<!-- \/ Yoast SEO plugin. -->","yoast_head_json":{"title":"WSM - Antoni Duda-Dziewierz","robots":{"index":"index","follow":"follow","max-snippet":"max-snippet:-1","max-image-preview":"max-image-preview:large","max-video-preview":"max-video-preview:-1"},"canonical":"http:\/\/duda-dziewierz.pl\/?page_id=80","og_locale":"pl_PL","og_type":"article","og_title":"WSM - Antoni Duda-Dziewierz","og_description":"W 1921 roku Antoni zwi\u0105za\u0142 si\u0119 z grup\u0105 dzia\u0142aczy, inicjator\u00f3w Warszawskiej Sp\u00f3\u0142dzielni Mieszkaniowej na \u017boliborzu. Zatrudniony by\u0142 w\u00f3wczas w Elektrowni Warszawskiej. W nowopowstaj\u0105cej sp\u00f3\u0142dzielni pracowa\u0142 pocz\u0105tkowo spo\u0142ecznie. W 1925 roku rozpocz\u0119to budow\u0119 I Kolonii na \u017boliborzu przy Placu Wilsona dla pierwszych 95 mieszka\u0144c\u00f3w. Mieszkania zosta\u0142y oddane do u\u017cytku w styczniu 1927 roku. W\u00f3wczas Antoni obj\u0105\u0142&hellip; Czytaj dalej WSM","og_url":"http:\/\/duda-dziewierz.pl\/?page_id=80","og_site_name":"Antoni Duda-Dziewierz","article_modified_time":"2023-08-01T12:48:55+00:00","og_image":[{"width":2150,"height":2560,"url":"http:\/\/duda-dziewierz.pl\/wp-content\/uploads\/2023\/06\/ADD-zaprasza-do-Zamku-scaled.jpg","type":"image\/jpeg"}],"twitter_card":"summary_large_image","twitter_misc":{"Szacowany czas czytania":"2 minuty"},"schema":{"@context":"https:\/\/schema.org","@graph":[{"@type":"WebPage","@id":"http:\/\/duda-dziewierz.pl\/?page_id=80","url":"http:\/\/duda-dziewierz.pl\/?page_id=80","name":"WSM - Antoni Duda-Dziewierz","isPartOf":{"@id":"http:\/\/duda-dziewierz.pl\/#website"},"datePublished":"2023-05-29T16:11:19+00:00","dateModified":"2023-08-01T12:48:55+00:00","breadcrumb":{"@id":"http:\/\/duda-dziewierz.pl\/?page_id=80#breadcrumb"},"inLanguage":"pl-PL","potentialAction":[{"@type":"ReadAction","target":["http:\/\/duda-dziewierz.pl\/?page_id=80"]}]},{"@type":"BreadcrumbList","@id":"http:\/\/duda-dziewierz.pl\/?page_id=80#breadcrumb","itemListElement":[{"@type":"ListItem","position":1,"name":"Home","item":"http:\/\/duda-dziewierz.pl\/"},{"@type":"ListItem","position":2,"name":"WSM"}]},{"@type":"WebSite","@id":"http:\/\/duda-dziewierz.pl\/#website","url":"http:\/\/duda-dziewierz.pl\/","name":"Antoni Duda-Dziewierz","description":"\u017cycie i dzia\u0142anie w trudnych czasach","alternateName":"Duda-Dziewierz","potentialAction":[{"@type":"SearchAction","target":{"@type":"EntryPoint","urlTemplate":"http:\/\/duda-dziewierz.pl\/?s={search_term_string}"},"query-input":"required name=search_term_string"}],"inLanguage":"pl-PL"}]}},"_links":{"self":[{"href":"http:\/\/duda-dziewierz.pl\/index.php?rest_route=\/wp\/v2\/pages\/80","targetHints":{"allow":["GET"]}}],"collection":[{"href":"http:\/\/duda-dziewierz.pl\/index.php?rest_route=\/wp\/v2\/pages"}],"about":[{"href":"http:\/\/duda-dziewierz.pl\/index.php?rest_route=\/wp\/v2\/types\/page"}],"author":[{"embeddable":true,"href":"http:\/\/duda-dziewierz.pl\/index.php?rest_route=\/wp\/v2\/users\/1"}],"replies":[{"embeddable":true,"href":"http:\/\/duda-dziewierz.pl\/index.php?rest_route=%2Fwp%2Fv2%2Fcomments&post=80"}],"version-history":[{"count":6,"href":"http:\/\/duda-dziewierz.pl\/index.php?rest_route=\/wp\/v2\/pages\/80\/revisions"}],"predecessor-version":[{"id":678,"href":"http:\/\/duda-dziewierz.pl\/index.php?rest_route=\/wp\/v2\/pages\/80\/revisions\/678"}],"wp:attachment":[{"href":"http:\/\/duda-dziewierz.pl\/index.php?rest_route=%2Fwp%2Fv2%2Fmedia&parent=80"}],"curies":[{"name":"wp","href":"https:\/\/api.w.org\/{rel}","templated":true}]}}