{"id":77,"date":"2023-05-29T18:10:55","date_gmt":"2023-05-29T16:10:55","guid":{"rendered":"http:\/\/duda-dziewierz.pl\/?page_id=77"},"modified":"2023-12-01T22:50:25","modified_gmt":"2023-12-01T21:50:25","slug":"rodzina","status":"publish","type":"page","link":"http:\/\/duda-dziewierz.pl\/?page_id=77","title":{"rendered":"Rodzina"},"content":{"rendered":"\n<p>\u201eJa pochodz\u0119 z wielodzietnej rodziny \u2013 m\u00f3wi\u0142 Duda-Dziewierz <br>w programie telewizyjnym w 1971 r. &#8211; By\u0142o nas 12 syn\u00f3w. Ojciec by\u0142 nauczycielem wiejskim pod Skierniewicami, w takiej ma\u0142ej wiosce &#8211; <br>w Puszczy Maria\u0144skiej. Urodzi\u0142em si\u0119 tam gdzie\u015b w ko\u0144cu ubieg\u0142ego wieku.<\/p>\n\n\n\n<p>Antoni pochodzi\u0142 z rodziny o korzeniach robotniczych i szlacheckich.<\/p>\n\n\n\n<p>Jego dziad by\u0142 g\u00f3rnikiem ze \u015al\u0105ska. Na dzia\u0142ce gruntu, kt\u00f3r\u0105 posiada\u0142, odkry\u0142 z\u0142o\u017ca w\u0119gla kamiennego. Wydobycie tego surowca pozwoli\u0142o mu poprawi\u0107 zar\u00f3wno sw\u00f3j byt materialny, jak <br>i zrealizowa\u0107 kszta\u0142cenie obydwu syn\u00f3w.<\/p>\n\n\n\n<p>Ojciec, Stanis\u0142aw Duda-Dziewierz vel Duda (ur. 1854 r.) zosta\u0142 w 1873 roku nauczycielem wiejskim pod Skierniewicami (jego brat pozosta\u0142 <br>w Sosnowcu). Naucza\u0142 kolejno: w Starej Rawie, w Be\u0142chowie ko\u0142o Nieborowa, od 1896 r. w Puszczy Maria\u0144skiej, nast\u0119pnie w Warce, Powsinie i we wsi Boczki ko\u0142o \u0141owicza. Odznacza\u0142 si\u0119 wielkim przywi\u0105zaniem do warto\u015bci narodowych. By\u0142 bardzo ceniony <br>w swoim otoczeniu za prowadzenie patriotycznej edukacji dzieci, krzewienie j\u0119zyka polskiego i ducha narodowego.<\/p>\n\n\n\n<p>Matka, Leokadia Maria z d. Szymanowska urodzi\u0142a si\u0119 w 1852 r., <br>w rodzinie szlacheckiej w okolicach Poznania. Oboje rodzic\u00f3w utraci\u0142a za udzia\u0142 w powstaniu styczniowym 1863 roku, a ich posiad\u0142o\u015b\u0107 rz\u0105d carski skonfiskowa\u0142. Przez dalsz\u0105 rodzin\u0119 oddana zosta\u0142a na wychowanie do zgromadzenia si\u00f3str w Poznaniu, gdzie przebywa\u0142a do pe\u0142noletno\u015bci. Znajomo\u015b\u0107 dw\u00f3ch obcych j\u0119zyk\u00f3w umo\u017cliwi\u0142a jej prac\u0119 w charakterze bony w maj\u0105tku pa\u0144stwa Orsettich w Nowym Dworze.<\/p>\n\n\n\n<p>W 1875 r. Leokadia i Stanis\u0142aw zawarli \u015blub w Starej Rawie. Po kolei na \u015bwiat przysz\u0142o 12 syn\u00f3w. Najstarszy syn &#8211; Adam, ur. w 1879 r. zosta\u0142 ksi\u0119dzem, Tadeusz \u2013 r\u00f3wnie\u017c ksi\u0119dzem, Mieczys\u0142aw &#8211; krawcem, Boles\u0142aw &#8211; nauczycielem, Zygmunt &#8211; lekarzem. Cz\u0119\u015b\u0107 braci zmar\u0142o <br>na szkarlatyn\u0119. Antoni by\u0142 najm\u0142odszym synem, urodzonym w 1896 roku.<\/p>\n","protected":false},"excerpt":{"rendered":"<p>\u201eJa pochodz\u0119 z wielodzietnej rodziny \u2013 m\u00f3wi\u0142 Duda-Dziewierz w programie telewizyjnym w 1971 r. &#8211; By\u0142o nas 12 syn\u00f3w. Ojciec by\u0142 nauczycielem wiejskim pod Skierniewicami, w takiej ma\u0142ej wiosce &#8211; w Puszczy Maria\u0144skiej. Urodzi\u0142em si\u0119 tam gdzie\u015b w ko\u0144cu ubieg\u0142ego wieku. Antoni pochodzi\u0142 z rodziny o korzeniach robotniczych i szlacheckich. Jego dziad by\u0142 g\u00f3rnikiem ze&hellip; <a class=\"more-link\" href=\"http:\/\/duda-dziewierz.pl\/?page_id=77\">Czytaj dalej <span class=\"screen-reader-text\">Rodzina<\/span><\/a><\/p>\n","protected":false},"author":1,"featured_media":0,"parent":0,"menu_order":0,"comment_status":"closed","ping_status":"closed","template":"","meta":{"footnotes":""},"class_list":["post-77","page","type-page","status-publish","hentry","entry"],"yoast_head":"<!-- This site is optimized with the Yoast SEO plugin v21.6 - https:\/\/yoast.com\/wordpress\/plugins\/seo\/ -->\n<title>Rodzina - Antoni Duda-Dziewierz<\/title>\n<meta name=\"description\" content=\"Antoni pochodzi\u0142 z wielodzietnej rodziny. Ojciec - nauczyciel wiejski w Puszczy Maria\u0144skiej wychowa\u0142 syn\u00f3w patriotycznie, o czym \u015bwiadcz\u0105 ich losy.\" \/>\n<meta name=\"robots\" content=\"index, follow, max-snippet:-1, max-image-preview:large, max-video-preview:-1\" \/>\n<link rel=\"canonical\" href=\"http:\/\/duda-dziewierz.pl\/?page_id=77\" \/>\n<meta property=\"og:locale\" content=\"pl_PL\" \/>\n<meta property=\"og:type\" content=\"article\" \/>\n<meta property=\"og:title\" content=\"Rodzina - Antoni Duda-Dziewierz\" \/>\n<meta property=\"og:description\" content=\"Antoni pochodzi\u0142 z wielodzietnej rodziny. Ojciec - nauczyciel wiejski w Puszczy Maria\u0144skiej wychowa\u0142 syn\u00f3w patriotycznie, o czym \u015bwiadcz\u0105 ich losy.\" \/>\n<meta property=\"og:url\" content=\"http:\/\/duda-dziewierz.pl\/?page_id=77\" \/>\n<meta property=\"og:site_name\" content=\"Antoni Duda-Dziewierz\" \/>\n<meta property=\"article:modified_time\" content=\"2023-12-01T21:50:25+00:00\" \/>\n<meta property=\"og:image\" content=\"http:\/\/duda-dziewierz.pl\/wp-content\/uploads\/2023\/06\/ADD-zaprasza-do-Zamku-scaled.jpg\" \/>\n\t<meta property=\"og:image:width\" content=\"2150\" \/>\n\t<meta property=\"og:image:height\" content=\"2560\" \/>\n\t<meta property=\"og:image:type\" content=\"image\/jpeg\" \/>\n<meta name=\"twitter:card\" content=\"summary_large_image\" \/>\n<meta name=\"twitter:label1\" content=\"Szacowany czas czytania\" \/>\n\t<meta name=\"twitter:data1\" content=\"2 minuty\" \/>\n<script type=\"application\/ld+json\" class=\"yoast-schema-graph\">{\"@context\":\"https:\/\/schema.org\",\"@graph\":[{\"@type\":\"WebPage\",\"@id\":\"http:\/\/duda-dziewierz.pl\/?page_id=77\",\"url\":\"http:\/\/duda-dziewierz.pl\/?page_id=77\",\"name\":\"Rodzina - Antoni Duda-Dziewierz\",\"isPartOf\":{\"@id\":\"http:\/\/duda-dziewierz.pl\/#website\"},\"datePublished\":\"2023-05-29T16:10:55+00:00\",\"dateModified\":\"2023-12-01T21:50:25+00:00\",\"description\":\"Antoni pochodzi\u0142 z wielodzietnej rodziny. Ojciec - nauczyciel wiejski w Puszczy Maria\u0144skiej wychowa\u0142 syn\u00f3w patriotycznie, o czym \u015bwiadcz\u0105 ich losy.\",\"breadcrumb\":{\"@id\":\"http:\/\/duda-dziewierz.pl\/?page_id=77#breadcrumb\"},\"inLanguage\":\"pl-PL\",\"potentialAction\":[{\"@type\":\"ReadAction\",\"target\":[\"http:\/\/duda-dziewierz.pl\/?page_id=77\"]}]},{\"@type\":\"BreadcrumbList\",\"@id\":\"http:\/\/duda-dziewierz.pl\/?page_id=77#breadcrumb\",\"itemListElement\":[{\"@type\":\"ListItem\",\"position\":1,\"name\":\"Home\",\"item\":\"http:\/\/duda-dziewierz.pl\/\"},{\"@type\":\"ListItem\",\"position\":2,\"name\":\"Rodzina\"}]},{\"@type\":\"WebSite\",\"@id\":\"http:\/\/duda-dziewierz.pl\/#website\",\"url\":\"http:\/\/duda-dziewierz.pl\/\",\"name\":\"Antoni Duda-Dziewierz\",\"description\":\"\u017cycie i dzia\u0142anie w trudnych czasach\",\"alternateName\":\"Duda-Dziewierz\",\"potentialAction\":[{\"@type\":\"SearchAction\",\"target\":{\"@type\":\"EntryPoint\",\"urlTemplate\":\"http:\/\/duda-dziewierz.pl\/?s={search_term_string}\"},\"query-input\":\"required name=search_term_string\"}],\"inLanguage\":\"pl-PL\"}]}<\/script>\n<!-- \/ Yoast SEO plugin. -->","yoast_head_json":{"title":"Rodzina - Antoni Duda-Dziewierz","description":"Antoni pochodzi\u0142 z wielodzietnej rodziny. Ojciec - nauczyciel wiejski w Puszczy Maria\u0144skiej wychowa\u0142 syn\u00f3w patriotycznie, o czym \u015bwiadcz\u0105 ich losy.","robots":{"index":"index","follow":"follow","max-snippet":"max-snippet:-1","max-image-preview":"max-image-preview:large","max-video-preview":"max-video-preview:-1"},"canonical":"http:\/\/duda-dziewierz.pl\/?page_id=77","og_locale":"pl_PL","og_type":"article","og_title":"Rodzina - Antoni Duda-Dziewierz","og_description":"Antoni pochodzi\u0142 z wielodzietnej rodziny. Ojciec - nauczyciel wiejski w Puszczy Maria\u0144skiej wychowa\u0142 syn\u00f3w patriotycznie, o czym \u015bwiadcz\u0105 ich losy.","og_url":"http:\/\/duda-dziewierz.pl\/?page_id=77","og_site_name":"Antoni Duda-Dziewierz","article_modified_time":"2023-12-01T21:50:25+00:00","og_image":[{"width":2150,"height":2560,"url":"http:\/\/duda-dziewierz.pl\/wp-content\/uploads\/2023\/06\/ADD-zaprasza-do-Zamku-scaled.jpg","type":"image\/jpeg"}],"twitter_card":"summary_large_image","twitter_misc":{"Szacowany czas czytania":"2 minuty"},"schema":{"@context":"https:\/\/schema.org","@graph":[{"@type":"WebPage","@id":"http:\/\/duda-dziewierz.pl\/?page_id=77","url":"http:\/\/duda-dziewierz.pl\/?page_id=77","name":"Rodzina - Antoni Duda-Dziewierz","isPartOf":{"@id":"http:\/\/duda-dziewierz.pl\/#website"},"datePublished":"2023-05-29T16:10:55+00:00","dateModified":"2023-12-01T21:50:25+00:00","description":"Antoni pochodzi\u0142 z wielodzietnej rodziny. Ojciec - nauczyciel wiejski w Puszczy Maria\u0144skiej wychowa\u0142 syn\u00f3w patriotycznie, o czym \u015bwiadcz\u0105 ich losy.","breadcrumb":{"@id":"http:\/\/duda-dziewierz.pl\/?page_id=77#breadcrumb"},"inLanguage":"pl-PL","potentialAction":[{"@type":"ReadAction","target":["http:\/\/duda-dziewierz.pl\/?page_id=77"]}]},{"@type":"BreadcrumbList","@id":"http:\/\/duda-dziewierz.pl\/?page_id=77#breadcrumb","itemListElement":[{"@type":"ListItem","position":1,"name":"Home","item":"http:\/\/duda-dziewierz.pl\/"},{"@type":"ListItem","position":2,"name":"Rodzina"}]},{"@type":"WebSite","@id":"http:\/\/duda-dziewierz.pl\/#website","url":"http:\/\/duda-dziewierz.pl\/","name":"Antoni Duda-Dziewierz","description":"\u017cycie i dzia\u0142anie w trudnych czasach","alternateName":"Duda-Dziewierz","potentialAction":[{"@type":"SearchAction","target":{"@type":"EntryPoint","urlTemplate":"http:\/\/duda-dziewierz.pl\/?s={search_term_string}"},"query-input":"required name=search_term_string"}],"inLanguage":"pl-PL"}]}},"_links":{"self":[{"href":"http:\/\/duda-dziewierz.pl\/index.php?rest_route=\/wp\/v2\/pages\/77","targetHints":{"allow":["GET"]}}],"collection":[{"href":"http:\/\/duda-dziewierz.pl\/index.php?rest_route=\/wp\/v2\/pages"}],"about":[{"href":"http:\/\/duda-dziewierz.pl\/index.php?rest_route=\/wp\/v2\/types\/page"}],"author":[{"embeddable":true,"href":"http:\/\/duda-dziewierz.pl\/index.php?rest_route=\/wp\/v2\/users\/1"}],"replies":[{"embeddable":true,"href":"http:\/\/duda-dziewierz.pl\/index.php?rest_route=%2Fwp%2Fv2%2Fcomments&post=77"}],"version-history":[{"count":4,"href":"http:\/\/duda-dziewierz.pl\/index.php?rest_route=\/wp\/v2\/pages\/77\/revisions"}],"predecessor-version":[{"id":694,"href":"http:\/\/duda-dziewierz.pl\/index.php?rest_route=\/wp\/v2\/pages\/77\/revisions\/694"}],"wp:attachment":[{"href":"http:\/\/duda-dziewierz.pl\/index.php?rest_route=%2Fwp%2Fv2%2Fmedia&parent=77"}],"curies":[{"name":"wp","href":"https:\/\/api.w.org\/{rel}","templated":true}]}}