{"id":666,"date":"2023-07-31T13:56:47","date_gmt":"2023-07-31T11:56:47","guid":{"rendered":"http:\/\/duda-dziewierz.pl\/?page_id=666"},"modified":"2023-12-01T21:54:16","modified_gmt":"2023-12-01T20:54:16","slug":"ostatnie-chwile","status":"publish","type":"page","link":"http:\/\/duda-dziewierz.pl\/?page_id=666","title":{"rendered":"Ostatnie chwile"},"content":{"rendered":"\n<p>Antoni umiera w \u201ezim\u0119 stulecia\u201d \u2013 9 stycznia 1979 roku. Zapada na zapalenie p\u0142uc. Przebywa w Szpitalu Biela\u0144skim. <br>Dr Zofia Krzywicka wspomina: \u201ecodziennie odwiedza\u0142am Go kiedy by\u0142 pacjentem ju\u017c przed \u015bmierci\u0105 w oddziale internistycznym. To by\u0142 taki czas rozdzieraj\u0105cego smutku, bo Agnieszka [c\u00f3rka] o niego walczy\u0142a, a On prosi\u0142 \u017cebym Jej wyt\u0142umaczy\u0142a \u017ce on naprawd\u0119 chce ju\u017c odej\u015b\u0107. Do ko\u0144ca emanowa\u0142 spokojem i osobist\u0105 kultur\u0105\u201d.<\/p>\n\n\n\n<p>Na pogrzeb, pomimo dramatycznie trudnych warunk\u00f3w atmosferycznych (porywisty wiatr, mr\u00f3z dochodz\u0105cy do -30 stopni, kraj sparali\u017cowany przez \u015bnie\u017cne zaspy na drogach, zamarzni\u0119te tory, zwrotnice kolejowe i tramwajowe) przyje\u017cd\u017ca, wynaj\u0119tym autobusem, za\u0142oga \u0142a\u0144cuckiego Muzeum. <br>Pogrzeb (mimo braku komunikacji miejskiej) gromadzi wielu uczestnik\u00f3w, kt\u00f3rzy nie zwa\u017caj\u0105c na mr\u00f3z uczestnicz\u0105 w ca\u0142ej uroczysto\u015bci. Szereg os\u00f3b wyg\u0142asza s\u0142owa po\u017cegnalne.<\/p>\n\n\n\n<p>\u201eKiedy przemawia\u0142em na pogrzebie, to ma\u0142o brakowa\u0142o, \u017cebym zamiast wyraz\u00f3w wsp\u00f3\u0142czucia z\u0142o\u017cy\u0142 gratulacje z powodu posiadania takiego Ojca, Dziadka i Te\u015bcia\u201d \u2013 pisze po latach dyrektor W\u0142adys\u0142aw Czajewski (Rzesz\u00f3w 14.02.1995)<\/p>\n\n\n\n<p>W artykule \u201eWspomnienie w 100-lecie urodzin\u201d (GW-Sto\u0142eczna z 20.05.1996) Agnieszka napisa\u0142a: \u201eBy\u0142 cz\u0142owiekiem o wielkim uroku osobistym, niezwykle lubianym przez wszystkich, kt\u00f3rzy si\u0119 z nim zetkn\u0119li, cenionym przez pracownik\u00f3w, kt\u00f3rzy nie zawiedli Go w ostatniej drodze i przyjechali po\u017cegna\u0107 i odprowadzi\u0107 na miejsce spoczynku na Starych Pow\u0105zkach w jedn\u0105 z najci\u0119\u017cszych zim tego stulecia&#8221;.<\/p>\n\n\n\n<p>Kwatera 254 (254-IV-7) sta\u0142a si\u0119 miejscem poch\u00f3wku obojga Pa\u0144stwa Dziewierz\u00f3w. Zlokalizowana jest w nowszej cz\u0119\u015bci cmentarza Pow\u0105zkowskiego, zabudowywanej od 1871 roku. Grobowce znajduj\u0105ce si\u0119 w tej cz\u0119\u015bci cmentarza r\u00f3wnie\u017c pochodz\u0105 z r\u00f3\u017cnych epok, nie trzymaj\u0105c si\u0119 \u015bcis\u0142ej chronologii dziej\u00f3w.<\/p>\n\n\n\n<p>W \u201ePrzewodniku po cmentarzu Pow\u0105zkowskim\u201d Jerzego Waldorffa gr\u00f3b znajduje si\u0119 na szlaku nr VII, w\u015br\u00f3d \u201emiejsc spoczynku ludzi og\u00f3lnie znanych, nieznanych a niegdy\u015b czynnych i znacz\u0105cych <br>w polskim \u017cyciu spo\u0142ecznym i kulturalnym\u201d.<\/p>\n\n\n\n<p>Antoniego Dud\u0119-Dziewierza opisano tam nast\u0119puj\u0105cymi s\u0142owami: \u201eDzia\u0142acz sp\u00f3\u0142dzielczy i kulturalny; wsp\u00f3\u0142za\u0142o\u017cyciel Warszawskiej Sp\u00f3\u0142dzielni Mieszkaniowej (WSM) i spo\u0142eczno-kulturalnego stowarzyszenia Wzajemnej Pomocy Lokator\u00f3w WSM \u201eSzklane Domy\u201d; dzia\u0142acz Towarzystwa Osiedli Robotniczych (TOR) i powojennego Zak\u0142adu Osiedli Robotniczych (ZOR); organizator i d\u0142ugoletni dyrektor Muzeum w \u0141a\u0144cucie\u201d.<\/p>\n","protected":false},"excerpt":{"rendered":"<p>Antoni umiera w \u201ezim\u0119 stulecia\u201d \u2013 9 stycznia 1979 roku. Zapada na zapalenie p\u0142uc. Przebywa w Szpitalu Biela\u0144skim. Dr Zofia Krzywicka wspomina: \u201ecodziennie odwiedza\u0142am Go kiedy by\u0142 pacjentem ju\u017c przed \u015bmierci\u0105 w oddziale internistycznym. To by\u0142 taki czas rozdzieraj\u0105cego smutku, bo Agnieszka [c\u00f3rka] o niego walczy\u0142a, a On prosi\u0142 \u017cebym Jej wyt\u0142umaczy\u0142a \u017ce on naprawd\u0119&hellip; <a class=\"more-link\" href=\"http:\/\/duda-dziewierz.pl\/?page_id=666\">Czytaj dalej <span class=\"screen-reader-text\">Ostatnie chwile<\/span><\/a><\/p>\n","protected":false},"author":2,"featured_media":0,"parent":0,"menu_order":0,"comment_status":"closed","ping_status":"closed","template":"","meta":{"footnotes":""},"class_list":["post-666","page","type-page","status-publish","hentry","entry"],"yoast_head":"<!-- This site is optimized with the Yoast SEO plugin v21.6 - https:\/\/yoast.com\/wordpress\/plugins\/seo\/ -->\n<title>Ostatnie chwile - Antoni Duda-Dziewierz<\/title>\n<meta name=\"description\" content=\"09.01.1979, zima stulecia, cmentarz Pow\u0105zki. Dzia\u0142acz sp\u00f3\u0142dzielczy - WSM, TOR, ZOR, wsp\u00f3\u0142za\u0142o\u017cyciel Stow. WSM \u201eSzklane Domy\u201d, organizator i dyrektor Muzeum w \u0141a\u0144cucie.\" \/>\n<meta name=\"robots\" content=\"index, follow, max-snippet:-1, max-image-preview:large, max-video-preview:-1\" \/>\n<link rel=\"canonical\" href=\"http:\/\/duda-dziewierz.pl\/?page_id=666\" \/>\n<meta property=\"og:locale\" content=\"pl_PL\" \/>\n<meta property=\"og:type\" content=\"article\" \/>\n<meta property=\"og:title\" content=\"Ostatnie chwile - Antoni Duda-Dziewierz\" \/>\n<meta property=\"og:description\" content=\"09.01.1979, zima stulecia, cmentarz Pow\u0105zki. Dzia\u0142acz sp\u00f3\u0142dzielczy - WSM, TOR, ZOR, wsp\u00f3\u0142za\u0142o\u017cyciel Stow. WSM \u201eSzklane Domy\u201d, organizator i dyrektor Muzeum w \u0141a\u0144cucie.\" \/>\n<meta property=\"og:url\" content=\"http:\/\/duda-dziewierz.pl\/?page_id=666\" \/>\n<meta property=\"og:site_name\" content=\"Antoni Duda-Dziewierz\" \/>\n<meta property=\"article:modified_time\" content=\"2023-12-01T20:54:16+00:00\" \/>\n<meta property=\"og:image\" content=\"http:\/\/duda-dziewierz.pl\/wp-content\/uploads\/2023\/06\/ADD-zaprasza-do-Zamku-scaled.jpg\" \/>\n\t<meta property=\"og:image:width\" content=\"2150\" \/>\n\t<meta property=\"og:image:height\" content=\"2560\" \/>\n\t<meta property=\"og:image:type\" content=\"image\/jpeg\" \/>\n<meta name=\"twitter:card\" content=\"summary_large_image\" \/>\n<meta name=\"twitter:label1\" content=\"Szacowany czas czytania\" \/>\n\t<meta name=\"twitter:data1\" content=\"2 minuty\" \/>\n<script type=\"application\/ld+json\" class=\"yoast-schema-graph\">{\"@context\":\"https:\/\/schema.org\",\"@graph\":[{\"@type\":\"WebPage\",\"@id\":\"http:\/\/duda-dziewierz.pl\/?page_id=666\",\"url\":\"http:\/\/duda-dziewierz.pl\/?page_id=666\",\"name\":\"Ostatnie chwile - Antoni Duda-Dziewierz\",\"isPartOf\":{\"@id\":\"http:\/\/duda-dziewierz.pl\/#website\"},\"datePublished\":\"2023-07-31T11:56:47+00:00\",\"dateModified\":\"2023-12-01T20:54:16+00:00\",\"description\":\"09.01.1979, zima stulecia, cmentarz Pow\u0105zki. Dzia\u0142acz sp\u00f3\u0142dzielczy - WSM, TOR, ZOR, wsp\u00f3\u0142za\u0142o\u017cyciel Stow. WSM \u201eSzklane Domy\u201d, organizator i dyrektor Muzeum w \u0141a\u0144cucie.\",\"breadcrumb\":{\"@id\":\"http:\/\/duda-dziewierz.pl\/?page_id=666#breadcrumb\"},\"inLanguage\":\"pl-PL\",\"potentialAction\":[{\"@type\":\"ReadAction\",\"target\":[\"http:\/\/duda-dziewierz.pl\/?page_id=666\"]}]},{\"@type\":\"BreadcrumbList\",\"@id\":\"http:\/\/duda-dziewierz.pl\/?page_id=666#breadcrumb\",\"itemListElement\":[{\"@type\":\"ListItem\",\"position\":1,\"name\":\"Home\",\"item\":\"http:\/\/duda-dziewierz.pl\/\"},{\"@type\":\"ListItem\",\"position\":2,\"name\":\"Ostatnie chwile\"}]},{\"@type\":\"WebSite\",\"@id\":\"http:\/\/duda-dziewierz.pl\/#website\",\"url\":\"http:\/\/duda-dziewierz.pl\/\",\"name\":\"Antoni Duda-Dziewierz\",\"description\":\"\u017cycie i dzia\u0142anie w trudnych czasach\",\"alternateName\":\"Duda-Dziewierz\",\"potentialAction\":[{\"@type\":\"SearchAction\",\"target\":{\"@type\":\"EntryPoint\",\"urlTemplate\":\"http:\/\/duda-dziewierz.pl\/?s={search_term_string}\"},\"query-input\":\"required name=search_term_string\"}],\"inLanguage\":\"pl-PL\"}]}<\/script>\n<!-- \/ Yoast SEO plugin. -->","yoast_head_json":{"title":"Ostatnie chwile - Antoni Duda-Dziewierz","description":"09.01.1979, zima stulecia, cmentarz Pow\u0105zki. Dzia\u0142acz sp\u00f3\u0142dzielczy - WSM, TOR, ZOR, wsp\u00f3\u0142za\u0142o\u017cyciel Stow. WSM \u201eSzklane Domy\u201d, organizator i dyrektor Muzeum w \u0141a\u0144cucie.","robots":{"index":"index","follow":"follow","max-snippet":"max-snippet:-1","max-image-preview":"max-image-preview:large","max-video-preview":"max-video-preview:-1"},"canonical":"http:\/\/duda-dziewierz.pl\/?page_id=666","og_locale":"pl_PL","og_type":"article","og_title":"Ostatnie chwile - Antoni Duda-Dziewierz","og_description":"09.01.1979, zima stulecia, cmentarz Pow\u0105zki. Dzia\u0142acz sp\u00f3\u0142dzielczy - WSM, TOR, ZOR, wsp\u00f3\u0142za\u0142o\u017cyciel Stow. WSM \u201eSzklane Domy\u201d, organizator i dyrektor Muzeum w \u0141a\u0144cucie.","og_url":"http:\/\/duda-dziewierz.pl\/?page_id=666","og_site_name":"Antoni Duda-Dziewierz","article_modified_time":"2023-12-01T20:54:16+00:00","og_image":[{"width":2150,"height":2560,"url":"http:\/\/duda-dziewierz.pl\/wp-content\/uploads\/2023\/06\/ADD-zaprasza-do-Zamku-scaled.jpg","type":"image\/jpeg"}],"twitter_card":"summary_large_image","twitter_misc":{"Szacowany czas czytania":"2 minuty"},"schema":{"@context":"https:\/\/schema.org","@graph":[{"@type":"WebPage","@id":"http:\/\/duda-dziewierz.pl\/?page_id=666","url":"http:\/\/duda-dziewierz.pl\/?page_id=666","name":"Ostatnie chwile - Antoni Duda-Dziewierz","isPartOf":{"@id":"http:\/\/duda-dziewierz.pl\/#website"},"datePublished":"2023-07-31T11:56:47+00:00","dateModified":"2023-12-01T20:54:16+00:00","description":"09.01.1979, zima stulecia, cmentarz Pow\u0105zki. Dzia\u0142acz sp\u00f3\u0142dzielczy - WSM, TOR, ZOR, wsp\u00f3\u0142za\u0142o\u017cyciel Stow. WSM \u201eSzklane Domy\u201d, organizator i dyrektor Muzeum w \u0141a\u0144cucie.","breadcrumb":{"@id":"http:\/\/duda-dziewierz.pl\/?page_id=666#breadcrumb"},"inLanguage":"pl-PL","potentialAction":[{"@type":"ReadAction","target":["http:\/\/duda-dziewierz.pl\/?page_id=666"]}]},{"@type":"BreadcrumbList","@id":"http:\/\/duda-dziewierz.pl\/?page_id=666#breadcrumb","itemListElement":[{"@type":"ListItem","position":1,"name":"Home","item":"http:\/\/duda-dziewierz.pl\/"},{"@type":"ListItem","position":2,"name":"Ostatnie chwile"}]},{"@type":"WebSite","@id":"http:\/\/duda-dziewierz.pl\/#website","url":"http:\/\/duda-dziewierz.pl\/","name":"Antoni Duda-Dziewierz","description":"\u017cycie i dzia\u0142anie w trudnych czasach","alternateName":"Duda-Dziewierz","potentialAction":[{"@type":"SearchAction","target":{"@type":"EntryPoint","urlTemplate":"http:\/\/duda-dziewierz.pl\/?s={search_term_string}"},"query-input":"required name=search_term_string"}],"inLanguage":"pl-PL"}]}},"_links":{"self":[{"href":"http:\/\/duda-dziewierz.pl\/index.php?rest_route=\/wp\/v2\/pages\/666","targetHints":{"allow":["GET"]}}],"collection":[{"href":"http:\/\/duda-dziewierz.pl\/index.php?rest_route=\/wp\/v2\/pages"}],"about":[{"href":"http:\/\/duda-dziewierz.pl\/index.php?rest_route=\/wp\/v2\/types\/page"}],"author":[{"embeddable":true,"href":"http:\/\/duda-dziewierz.pl\/index.php?rest_route=\/wp\/v2\/users\/2"}],"replies":[{"embeddable":true,"href":"http:\/\/duda-dziewierz.pl\/index.php?rest_route=%2Fwp%2Fv2%2Fcomments&post=666"}],"version-history":[{"count":3,"href":"http:\/\/duda-dziewierz.pl\/index.php?rest_route=\/wp\/v2\/pages\/666\/revisions"}],"predecessor-version":[{"id":692,"href":"http:\/\/duda-dziewierz.pl\/index.php?rest_route=\/wp\/v2\/pages\/666\/revisions\/692"}],"wp:attachment":[{"href":"http:\/\/duda-dziewierz.pl\/index.php?rest_route=%2Fwp%2Fv2%2Fmedia&parent=666"}],"curies":[{"name":"wp","href":"https:\/\/api.w.org\/{rel}","templated":true}]}}