{"id":554,"date":"2023-06-05T13:24:37","date_gmt":"2023-06-05T11:24:37","guid":{"rendered":"http:\/\/duda-dziewierz.pl\/?page_id=554"},"modified":"2023-12-01T20:04:14","modified_gmt":"2023-12-01T19:04:14","slug":"lata-1970-1972-i-odejscie-z-muzeum","status":"publish","type":"page","link":"http:\/\/duda-dziewierz.pl\/?page_id=554","title":{"rendered":"Lata 1970-1972 i odej\u015bcie z Muzeum"},"content":{"rendered":"\n<p><\/p>\n\n\n\n<div class=\"wp-block-getwid-section alignfull alignfull getwid-section-content-custom-width\"><div class=\"wp-block-getwid-section__wrapper getwid-padding-left-medium getwid-padding-right-medium\"><div class=\"wp-block-getwid-section__inner-wrapper\" style=\"max-width:1140px\"><div class=\"wp-block-getwid-section__background-holder\"><div class=\"wp-block-getwid-section__background\"><\/div><div class=\"wp-block-getwid-section__foreground\"><\/div><\/div><div class=\"wp-block-getwid-section__content\"><div class=\"wp-block-getwid-section__inner-content\">\n<div class=\"wp-block-columns has-2-columns are-vertically-aligned-center is-layout-flex wp-container-core-columns-is-layout-9d6595d7 wp-block-columns-is-layout-flex\">\n<div class=\"wp-block-column is-vertically-aligned-center is-layout-flow wp-block-column-is-layout-flow\">\n<p>W latach 1970-1972 dyrektor Duda-Dziewierz jest na szczycie popularno\u015bci zwi\u0105zanej z \u0142a\u0144cuckim Muzeum. W gazetach og\u00f3lnopolskich i bran\u017cowych ukazuj\u0105 si\u0119 artyku\u0142y o jego pracy i wywiady. Telewizja Polska kr\u0119ci z nim w \u0141a\u0144cucie odcinek \u201eJubilat\u201d, nale\u017c\u0105cy do g\u0142o\u015bnego w\u00f3wczas cyklu \u201eCharaktery\u201d, w kt\u00f3rym przedstawiano sylwetki os\u00f3b nieznanych og\u00f3\u0142owi spo\u0142ecze\u0144stwa, a maj\u0105cych znacz\u0105cy wk\u0142ad w rozw\u00f3j Pa\u0144stwa Polskiego.<\/p>\n<\/div>\n\n\n\n<div class=\"wp-block-column is-vertically-aligned-center is-layout-flow wp-block-column-is-layout-flow\">\n<figure class=\"wp-block-image size-large is-resized\"><img loading=\"lazy\" decoding=\"async\" width=\"1024\" height=\"973\" src=\"http:\/\/duda-dziewierz.pl\/wp-content\/uploads\/2023\/06\/przed-zamkiem-portret-1024x973.jpg\" alt=\"\" class=\"wp-image-555\" style=\"width:297px;height:273px\" srcset=\"http:\/\/duda-dziewierz.pl\/wp-content\/uploads\/2023\/06\/przed-zamkiem-portret-1024x973.jpg 1024w, http:\/\/duda-dziewierz.pl\/wp-content\/uploads\/2023\/06\/przed-zamkiem-portret-300x285.jpg 300w, http:\/\/duda-dziewierz.pl\/wp-content\/uploads\/2023\/06\/przed-zamkiem-portret-768x730.jpg 768w, http:\/\/duda-dziewierz.pl\/wp-content\/uploads\/2023\/06\/przed-zamkiem-portret-1536x1460.jpg 1536w, http:\/\/duda-dziewierz.pl\/wp-content\/uploads\/2023\/06\/przed-zamkiem-portret-2048x1947.jpg 2048w, http:\/\/duda-dziewierz.pl\/wp-content\/uploads\/2023\/06\/przed-zamkiem-portret-1568x1490.jpg 1568w\" sizes=\"auto, (max-width: 1024px) 100vw, 1024px\" \/><figcaption class=\"wp-element-caption\">Antoni Duda-Dziewierz, fot. z archiwum rodzinnego<\/figcaption><\/figure>\n<\/div>\n<\/div>\n<\/div><\/div><\/div><\/div><\/div>\n\n\n\n<div class=\"wp-block-getwid-section alignfull alignfull getwid-section-content-custom-width\"><div class=\"wp-block-getwid-section__wrapper getwid-padding-left-medium getwid-padding-right-medium\"><div class=\"wp-block-getwid-section__inner-wrapper\" style=\"max-width:1140px\"><div class=\"wp-block-getwid-section__background-holder\"><div class=\"wp-block-getwid-section__background\"><\/div><div class=\"wp-block-getwid-section__foreground\"><\/div><\/div><div class=\"wp-block-getwid-section__content\"><div class=\"wp-block-getwid-section__inner-content\">\n<div class=\"wp-block-columns has-2-columns are-vertically-aligned-center is-layout-flex wp-container-core-columns-is-layout-9d6595d7 wp-block-columns-is-layout-flex\">\n<div class=\"wp-block-column is-vertically-aligned-center is-layout-flow wp-block-column-is-layout-flow\">\n<p>Rozstrzygni\u0119cia dotycz\u0105ce Zamku w Krasiczynie, pozbawiaj\u0105ce go realnej pieczy nad tym obiektem, <br>z jednej strony przynios\u0142y rozczarowanie co do niekonsekwentnych poczyna\u0144 w\u0142adz odno\u015bnie zabytk\u00f3w wysokiej klasy, z drugiej strony uwolni\u0142y jego czas i energi\u0119 umo\u017cliwiaj\u0105c podj\u0119cie nowych wyzwa\u0144. Nale\u017ca\u0142y do nich nie tylko przekszta\u0142cenie pa\u0142acu w Przeworsku w plac\u00f3wk\u0119 muzealn\u0105, ale r\u00f3wnie\u017c oferta prof. Lorentza z Muzeum Narodowego w Warszawie obj\u0119cia Oddzia\u0142u w Nieborowie i Arkadii.<\/p>\n\n\n\n<p>O tych projektach, o przyznanej w 1971 r. Nagrodzie Ministra Kultury i Sztuki II stopnia za dzia\u0142alno\u015b\u0107 <br>w dziedzinie muzealnictwa, szczeg\u00f3lnie w ochronie park\u00f3w zabytkowych, oraz o powa\u017cnych trudno\u015bciach w nominowaniu nast\u0119pcy na stanowisko dyrektora \u0142a\u0144cuckiego Muzeum napisano w tym rozdziale.<\/p>\n<\/div>\n\n\n\n<div class=\"wp-block-column is-vertically-aligned-center is-layout-flow wp-block-column-is-layout-flow\">\n<figure class=\"wp-block-image size-large\"><img loading=\"lazy\" decoding=\"async\" width=\"1024\" height=\"871\" src=\"http:\/\/duda-dziewierz.pl\/wp-content\/uploads\/2023\/06\/Pozegnanie-ADD-1024x871.jpg\" alt=\"\" class=\"wp-image-557\" srcset=\"http:\/\/duda-dziewierz.pl\/wp-content\/uploads\/2023\/06\/Pozegnanie-ADD-1024x871.jpg 1024w, http:\/\/duda-dziewierz.pl\/wp-content\/uploads\/2023\/06\/Pozegnanie-ADD-300x255.jpg 300w, http:\/\/duda-dziewierz.pl\/wp-content\/uploads\/2023\/06\/Pozegnanie-ADD-768x653.jpg 768w, http:\/\/duda-dziewierz.pl\/wp-content\/uploads\/2023\/06\/Pozegnanie-ADD-1536x1307.jpg 1536w, http:\/\/duda-dziewierz.pl\/wp-content\/uploads\/2023\/06\/Pozegnanie-ADD-1568x1334.jpg 1568w, http:\/\/duda-dziewierz.pl\/wp-content\/uploads\/2023\/06\/Pozegnanie-ADD.jpg 1781w\" sizes=\"auto, (max-width: 1024px) 100vw, 1024px\" \/><figcaption class=\"wp-element-caption\">Po\u017cegnanie w Sieni Zamkowej 09.09.1972 r.<br> Antoni i Sabina Duda-Dziewierz, fot, z archiwum rodzinnego<\/figcaption><\/figure>\n<\/div>\n<\/div>\n<\/div><\/div><\/div><\/div><\/div>\n","protected":false},"excerpt":{"rendered":"","protected":false},"author":1,"featured_media":0,"parent":0,"menu_order":0,"comment_status":"closed","ping_status":"closed","template":"","meta":{"footnotes":""},"class_list":["post-554","page","type-page","status-publish","hentry","entry"],"yoast_head":"<!-- This site is optimized with the Yoast SEO plugin v21.6 - https:\/\/yoast.com\/wordpress\/plugins\/seo\/ -->\n<title>Lata 1970-1972 i odej\u015bcie z Muzeum - Antoni Duda-Dziewierz<\/title>\n<meta name=\"description\" content=\"Szczytowa popularno\u015b\u0107 Muzeum w \u0141a\u0144cucie. Nagroda MKiS za dzia\u0142alno\u015b\u0107 w muzealnictwie, ochronie park\u00f3w zabytkowych. Przeszkody w nominowaniu nast\u0119pcy.\" \/>\n<meta name=\"robots\" content=\"index, follow, max-snippet:-1, max-image-preview:large, max-video-preview:-1\" \/>\n<link rel=\"canonical\" href=\"http:\/\/duda-dziewierz.pl\/?page_id=554\" \/>\n<meta property=\"og:locale\" content=\"pl_PL\" \/>\n<meta property=\"og:type\" content=\"article\" \/>\n<meta property=\"og:title\" content=\"Lata 1970-1972 i odej\u015bcie z Muzeum - Antoni Duda-Dziewierz\" \/>\n<meta property=\"og:description\" content=\"Szczytowa popularno\u015b\u0107 Muzeum w \u0141a\u0144cucie. Nagroda MKiS za dzia\u0142alno\u015b\u0107 w muzealnictwie, ochronie park\u00f3w zabytkowych. Przeszkody w nominowaniu nast\u0119pcy.\" \/>\n<meta property=\"og:url\" content=\"http:\/\/duda-dziewierz.pl\/?page_id=554\" \/>\n<meta property=\"og:site_name\" content=\"Antoni Duda-Dziewierz\" \/>\n<meta property=\"article:modified_time\" content=\"2023-12-01T19:04:14+00:00\" \/>\n<meta property=\"og:image\" content=\"http:\/\/duda-dziewierz.pl\/wp-content\/uploads\/2023\/06\/przed-zamkiem-portret-1024x973.jpg\" \/>\n<meta name=\"twitter:card\" content=\"summary_large_image\" \/>\n<meta name=\"twitter:label1\" content=\"Szacowany czas czytania\" \/>\n\t<meta name=\"twitter:data1\" content=\"2 minuty\" \/>\n<script type=\"application\/ld+json\" class=\"yoast-schema-graph\">{\"@context\":\"https:\/\/schema.org\",\"@graph\":[{\"@type\":\"WebPage\",\"@id\":\"http:\/\/duda-dziewierz.pl\/?page_id=554\",\"url\":\"http:\/\/duda-dziewierz.pl\/?page_id=554\",\"name\":\"Lata 1970-1972 i odej\u015bcie z Muzeum - Antoni Duda-Dziewierz\",\"isPartOf\":{\"@id\":\"http:\/\/duda-dziewierz.pl\/#website\"},\"datePublished\":\"2023-06-05T11:24:37+00:00\",\"dateModified\":\"2023-12-01T19:04:14+00:00\",\"description\":\"Szczytowa popularno\u015b\u0107 Muzeum w \u0141a\u0144cucie. Nagroda MKiS za dzia\u0142alno\u015b\u0107 w muzealnictwie, ochronie park\u00f3w zabytkowych. Przeszkody w nominowaniu nast\u0119pcy.\",\"breadcrumb\":{\"@id\":\"http:\/\/duda-dziewierz.pl\/?page_id=554#breadcrumb\"},\"inLanguage\":\"pl-PL\",\"potentialAction\":[{\"@type\":\"ReadAction\",\"target\":[\"http:\/\/duda-dziewierz.pl\/?page_id=554\"]}]},{\"@type\":\"BreadcrumbList\",\"@id\":\"http:\/\/duda-dziewierz.pl\/?page_id=554#breadcrumb\",\"itemListElement\":[{\"@type\":\"ListItem\",\"position\":1,\"name\":\"Home\",\"item\":\"http:\/\/duda-dziewierz.pl\/\"},{\"@type\":\"ListItem\",\"position\":2,\"name\":\"Lata 1970-1972 i odej\u015bcie z Muzeum\"}]},{\"@type\":\"WebSite\",\"@id\":\"http:\/\/duda-dziewierz.pl\/#website\",\"url\":\"http:\/\/duda-dziewierz.pl\/\",\"name\":\"Antoni Duda-Dziewierz\",\"description\":\"\u017cycie i dzia\u0142anie w trudnych czasach\",\"alternateName\":\"Duda-Dziewierz\",\"potentialAction\":[{\"@type\":\"SearchAction\",\"target\":{\"@type\":\"EntryPoint\",\"urlTemplate\":\"http:\/\/duda-dziewierz.pl\/?s={search_term_string}\"},\"query-input\":\"required name=search_term_string\"}],\"inLanguage\":\"pl-PL\"}]}<\/script>\n<!-- \/ Yoast SEO plugin. -->","yoast_head_json":{"title":"Lata 1970-1972 i odej\u015bcie z Muzeum - Antoni Duda-Dziewierz","description":"Szczytowa popularno\u015b\u0107 Muzeum w \u0141a\u0144cucie. Nagroda MKiS za dzia\u0142alno\u015b\u0107 w muzealnictwie, ochronie park\u00f3w zabytkowych. Przeszkody w nominowaniu nast\u0119pcy.","robots":{"index":"index","follow":"follow","max-snippet":"max-snippet:-1","max-image-preview":"max-image-preview:large","max-video-preview":"max-video-preview:-1"},"canonical":"http:\/\/duda-dziewierz.pl\/?page_id=554","og_locale":"pl_PL","og_type":"article","og_title":"Lata 1970-1972 i odej\u015bcie z Muzeum - Antoni Duda-Dziewierz","og_description":"Szczytowa popularno\u015b\u0107 Muzeum w \u0141a\u0144cucie. Nagroda MKiS za dzia\u0142alno\u015b\u0107 w muzealnictwie, ochronie park\u00f3w zabytkowych. Przeszkody w nominowaniu nast\u0119pcy.","og_url":"http:\/\/duda-dziewierz.pl\/?page_id=554","og_site_name":"Antoni Duda-Dziewierz","article_modified_time":"2023-12-01T19:04:14+00:00","og_image":[{"url":"http:\/\/duda-dziewierz.pl\/wp-content\/uploads\/2023\/06\/przed-zamkiem-portret-1024x973.jpg"}],"twitter_card":"summary_large_image","twitter_misc":{"Szacowany czas czytania":"2 minuty"},"schema":{"@context":"https:\/\/schema.org","@graph":[{"@type":"WebPage","@id":"http:\/\/duda-dziewierz.pl\/?page_id=554","url":"http:\/\/duda-dziewierz.pl\/?page_id=554","name":"Lata 1970-1972 i odej\u015bcie z Muzeum - Antoni Duda-Dziewierz","isPartOf":{"@id":"http:\/\/duda-dziewierz.pl\/#website"},"datePublished":"2023-06-05T11:24:37+00:00","dateModified":"2023-12-01T19:04:14+00:00","description":"Szczytowa popularno\u015b\u0107 Muzeum w \u0141a\u0144cucie. Nagroda MKiS za dzia\u0142alno\u015b\u0107 w muzealnictwie, ochronie park\u00f3w zabytkowych. Przeszkody w nominowaniu nast\u0119pcy.","breadcrumb":{"@id":"http:\/\/duda-dziewierz.pl\/?page_id=554#breadcrumb"},"inLanguage":"pl-PL","potentialAction":[{"@type":"ReadAction","target":["http:\/\/duda-dziewierz.pl\/?page_id=554"]}]},{"@type":"BreadcrumbList","@id":"http:\/\/duda-dziewierz.pl\/?page_id=554#breadcrumb","itemListElement":[{"@type":"ListItem","position":1,"name":"Home","item":"http:\/\/duda-dziewierz.pl\/"},{"@type":"ListItem","position":2,"name":"Lata 1970-1972 i odej\u015bcie z Muzeum"}]},{"@type":"WebSite","@id":"http:\/\/duda-dziewierz.pl\/#website","url":"http:\/\/duda-dziewierz.pl\/","name":"Antoni Duda-Dziewierz","description":"\u017cycie i dzia\u0142anie w trudnych czasach","alternateName":"Duda-Dziewierz","potentialAction":[{"@type":"SearchAction","target":{"@type":"EntryPoint","urlTemplate":"http:\/\/duda-dziewierz.pl\/?s={search_term_string}"},"query-input":"required name=search_term_string"}],"inLanguage":"pl-PL"}]}},"_links":{"self":[{"href":"http:\/\/duda-dziewierz.pl\/index.php?rest_route=\/wp\/v2\/pages\/554","targetHints":{"allow":["GET"]}}],"collection":[{"href":"http:\/\/duda-dziewierz.pl\/index.php?rest_route=\/wp\/v2\/pages"}],"about":[{"href":"http:\/\/duda-dziewierz.pl\/index.php?rest_route=\/wp\/v2\/types\/page"}],"author":[{"embeddable":true,"href":"http:\/\/duda-dziewierz.pl\/index.php?rest_route=\/wp\/v2\/users\/1"}],"replies":[{"embeddable":true,"href":"http:\/\/duda-dziewierz.pl\/index.php?rest_route=%2Fwp%2Fv2%2Fcomments&post=554"}],"version-history":[{"count":3,"href":"http:\/\/duda-dziewierz.pl\/index.php?rest_route=\/wp\/v2\/pages\/554\/revisions"}],"predecessor-version":[{"id":689,"href":"http:\/\/duda-dziewierz.pl\/index.php?rest_route=\/wp\/v2\/pages\/554\/revisions\/689"}],"wp:attachment":[{"href":"http:\/\/duda-dziewierz.pl\/index.php?rest_route=%2Fwp%2Fv2%2Fmedia&parent=554"}],"curies":[{"name":"wp","href":"https:\/\/api.w.org\/{rel}","templated":true}]}}