{"id":547,"date":"2023-06-05T13:11:25","date_gmt":"2023-06-05T11:11:25","guid":{"rendered":"http:\/\/duda-dziewierz.pl\/?page_id=547"},"modified":"2023-12-01T22:30:27","modified_gmt":"2023-12-01T21:30:27","slug":"remont-i-konserwacja-dla-wnikliwych","status":"publish","type":"page","link":"http:\/\/duda-dziewierz.pl\/?page_id=547","title":{"rendered":"Remont i konserwacja dla wnikliwych"},"content":{"rendered":"\n<p>\u201eGdyby zliczy\u0107 z\u0142ot\u00f3wki przyznane samemu \u0141a\u0144cutowi w ustalonych dotacjach, starczy\u0142oby ich zaledwie na remont dach\u00f3w i kilku komnat. \u0141a\u0144cut mimo to stan\u0105\u0142 w pe\u0142nej okaza\u0142o\u015bci, ol\u015bniewaj\u0105cy kapitaln\u0105 rekonstrukcj\u0105 wn\u0119trz, zadbanym parkiem, kwitn\u0105cym ogrodem botanicznym, b\u0142yszcz\u0105c\u0105 powozowni\u0105, stajniami, i \u015bwie\u017co uko\u0144czonym zameczkiem romantycznym\u201d. <br>(Krasicki M., \u201ePolityka\u201d Rok XII, 23.11.1968)<\/p>\n\n\n\n<p><\/p>\n\n\n\n<div class=\"wp-block-getwid-section alignfull alignfull getwid-section-content-custom-width\"><div class=\"wp-block-getwid-section__wrapper getwid-padding-left-medium getwid-padding-right-medium\"><div class=\"wp-block-getwid-section__inner-wrapper\" style=\"max-width:1140px\"><div class=\"wp-block-getwid-section__background-holder\"><div class=\"wp-block-getwid-section__background\"><\/div><div class=\"wp-block-getwid-section__foreground\"><\/div><\/div><div class=\"wp-block-getwid-section__content\"><div class=\"wp-block-getwid-section__inner-content\">\n<div class=\"wp-block-columns has-2-columns are-vertically-aligned-center is-layout-flex wp-container-core-columns-is-layout-9d6595d7 wp-block-columns-is-layout-flex\">\n<div class=\"wp-block-column is-vertically-aligned-center is-layout-flow wp-block-column-is-layout-flow\">\n<p>W rozdziale opisano poszczeg\u00f3lne etapy prac remontowych i konserwatorskich w ca\u0142ym kompleksie budynk\u00f3w muzealnych. Przybli\u017cono trudno\u015bci techniczne, na jakie napotykali pracownicy przy remoncie poszczeg\u00f3lnych sal i korytarzy, rozprowadzaniu centralnego ogrzewania <br>i elektryczno\u015bci. Om\u00f3wiono prace konserwatorskie <br>w najbardziej eksponowanych pomieszczeniach budowli i dokonane podczas nich odkrycia dawnych dekoracji Zamku. Wspomniano decyzje konserwatorskie czo\u0142owych autorytet\u00f3w muzealnictwa, przybywaj\u0105cych na wizje lokalne do \u0141a\u0144cuta. Odniesiono si\u0119 do urz\u0105dzenia i wyposa\u017cenia pomieszcze\u0144 muzealnych oraz przeprowadzonych na ten cel zakup\u00f3w i pozyskanych depozyt\u00f3w.<\/p>\n<\/div>\n\n\n\n<div class=\"wp-block-column is-vertically-aligned-center is-layout-flow wp-block-column-is-layout-flow\">\n<figure class=\"wp-block-image size-large is-resized\"><img loading=\"lazy\" decoding=\"async\" src=\"http:\/\/duda-dziewierz.pl\/wp-content\/uploads\/2023\/06\/remont-elewacji-726x1024.jpg\" alt=\"\" class=\"wp-image-548\" width=\"363\" height=\"512\" srcset=\"http:\/\/duda-dziewierz.pl\/wp-content\/uploads\/2023\/06\/remont-elewacji-726x1024.jpg 726w, http:\/\/duda-dziewierz.pl\/wp-content\/uploads\/2023\/06\/remont-elewacji-213x300.jpg 213w, http:\/\/duda-dziewierz.pl\/wp-content\/uploads\/2023\/06\/remont-elewacji-768x1083.jpg 768w, http:\/\/duda-dziewierz.pl\/wp-content\/uploads\/2023\/06\/remont-elewacji-1089x1536.jpg 1089w, http:\/\/duda-dziewierz.pl\/wp-content\/uploads\/2023\/06\/remont-elewacji-1452x2048.jpg 1452w, http:\/\/duda-dziewierz.pl\/wp-content\/uploads\/2023\/06\/remont-elewacji-1568x2212.jpg 1568w, http:\/\/duda-dziewierz.pl\/wp-content\/uploads\/2023\/06\/remont-elewacji-scaled.jpg 1815w\" sizes=\"auto, (max-width: 363px) 100vw, 363px\" \/><figcaption class=\"wp-element-caption\">Remont elewacji lata 50. fot. z arch. rodzinnego<\/figcaption><\/figure>\n<\/div>\n<\/div>\n<\/div><\/div><\/div><\/div><\/div>\n\n\n\n<div class=\"wp-block-getwid-section alignfull alignfull getwid-section-content-custom-width\"><div class=\"wp-block-getwid-section__wrapper getwid-padding-left-medium getwid-padding-right-medium\"><div class=\"wp-block-getwid-section__inner-wrapper\" style=\"max-width:1140px\"><div class=\"wp-block-getwid-section__background-holder\"><div class=\"wp-block-getwid-section__background\"><\/div><div class=\"wp-block-getwid-section__foreground\"><\/div><\/div><div class=\"wp-block-getwid-section__content\"><div class=\"wp-block-getwid-section__inner-content\">\n<div class=\"wp-block-columns has-2-columns are-vertically-aligned-center is-layout-flex wp-container-core-columns-is-layout-9d6595d7 wp-block-columns-is-layout-flex\">\n<div class=\"wp-block-column is-vertically-aligned-center is-layout-flow wp-block-column-is-layout-flow\">\n<p>\u201eOdnowiony zamek \u0142a\u0144cucki sta\u0142 si\u0119 du\u017cym o\u015brodkiem kulturalnym Rzeszowszczyzny. W jednym ze skrzyde\u0142 zamku powsta\u0142 Hotel i Restauracja. Klasycystyczna uje\u017cd\u017calnia zaadaptowana zosta\u0142a na hal\u0119 sportow\u0105, <br>w aignerowskiej oran\u017cerii zrekonstruowano ogr\u00f3d zimowy, w odrestaurowanym zameczku romantycznym, po\u0142o\u017conym w g\u0142\u0119bi parku dzia\u0142a klub i biblioteka, <br>a w dawnych stajniach cugowych powsta\u0142y nowoczesne magazyny dzie\u0142 sztuki i pracownie konserwatorskie. Obecnie zamek \u0142a\u0144cucki jest najwi\u0119kszym w kraju muzeum utworzonym w rezydencji magnackiej. [&#8230;] Kosztem ponad 25 milion\u00f3w z\u0142otych r\u0119ce rzemie\u015blnik\u00f3w i konserwator\u00f3w doprowadzi\u0142y zamek, park i budowle ogrodowe do stanu z naj\u015bwietniejszych okres\u00f3w jego historii. Wn\u0119trza, dzi\u0119ki zakupom i depozytom innych Muze\u00f3w znowu zape\u0142niono dzie\u0142ami sztuki\u201d. <br>(\u017burawski J., \u0141a\u0144cut: Zamek \u2013 Muzeum, 1969)<\/p>\n<\/div>\n\n\n\n<div class=\"wp-block-column is-vertically-aligned-center is-layout-flow wp-block-column-is-layout-flow\">\n<figure class=\"wp-block-image size-large\"><img loading=\"lazy\" decoding=\"async\" width=\"860\" height=\"1024\" src=\"http:\/\/duda-dziewierz.pl\/wp-content\/uploads\/2023\/06\/ADD-zaprasza-do-Zamku-860x1024.jpg\" alt=\"\" class=\"wp-image-551\" srcset=\"http:\/\/duda-dziewierz.pl\/wp-content\/uploads\/2023\/06\/ADD-zaprasza-do-Zamku-860x1024.jpg 860w, http:\/\/duda-dziewierz.pl\/wp-content\/uploads\/2023\/06\/ADD-zaprasza-do-Zamku-252x300.jpg 252w, http:\/\/duda-dziewierz.pl\/wp-content\/uploads\/2023\/06\/ADD-zaprasza-do-Zamku-768x914.jpg 768w, http:\/\/duda-dziewierz.pl\/wp-content\/uploads\/2023\/06\/ADD-zaprasza-do-Zamku-1290x1536.jpg 1290w, http:\/\/duda-dziewierz.pl\/wp-content\/uploads\/2023\/06\/ADD-zaprasza-do-Zamku-1720x2048.jpg 1720w, http:\/\/duda-dziewierz.pl\/wp-content\/uploads\/2023\/06\/ADD-zaprasza-do-Zamku-1568x1867.jpg 1568w\" sizes=\"auto, (max-width: 860px) 100vw, 860px\" \/><figcaption class=\"wp-element-caption\">Antoni Duda-Dziewierz zaprasza do Muzeum, lata 60. <br>fot. z arch. rodzinnego<\/figcaption><\/figure>\n<\/div>\n<\/div>\n<\/div><\/div><\/div><\/div><\/div>\n","protected":false},"excerpt":{"rendered":"<p>\u201eGdyby zliczy\u0107 z\u0142ot\u00f3wki przyznane samemu \u0141a\u0144cutowi w ustalonych dotacjach, starczy\u0142oby ich zaledwie na remont dach\u00f3w i kilku komnat. \u0141a\u0144cut mimo to stan\u0105\u0142 w pe\u0142nej okaza\u0142o\u015bci, ol\u015bniewaj\u0105cy kapitaln\u0105 rekonstrukcj\u0105 wn\u0119trz, zadbanym parkiem, kwitn\u0105cym ogrodem botanicznym, b\u0142yszcz\u0105c\u0105 powozowni\u0105, stajniami, i \u015bwie\u017co uko\u0144czonym zameczkiem romantycznym\u201d. (Krasicki M., \u201ePolityka\u201d Rok XII, 23.11.1968)<\/p>\n","protected":false},"author":1,"featured_media":0,"parent":0,"menu_order":0,"comment_status":"closed","ping_status":"closed","template":"","meta":{"footnotes":""},"class_list":["post-547","page","type-page","status-publish","hentry","entry"],"yoast_head":"<!-- This site is optimized with the Yoast SEO plugin v21.6 - https:\/\/yoast.com\/wordpress\/plugins\/seo\/ -->\n<title>Remont i konserwacja dla wnikliwych - Antoni Duda-Dziewierz<\/title>\n<meta name=\"description\" content=\"szczeg\u00f3\u0142y prac remontowych i konserwatorskich w kompleksie Muzeum Zamku w \u0141a\u0144cucie. Trudno\u015bci techniczne, odkrycia dawnych dekoracji, adaptacja pomieszcze\u0144\" \/>\n<meta name=\"robots\" content=\"index, follow, max-snippet:-1, max-image-preview:large, max-video-preview:-1\" \/>\n<link rel=\"canonical\" href=\"http:\/\/duda-dziewierz.pl\/?page_id=547\" \/>\n<meta property=\"og:locale\" content=\"pl_PL\" \/>\n<meta property=\"og:type\" content=\"article\" \/>\n<meta property=\"og:title\" content=\"Remont i konserwacja dla wnikliwych - Antoni Duda-Dziewierz\" \/>\n<meta property=\"og:description\" content=\"szczeg\u00f3\u0142y prac remontowych i konserwatorskich w kompleksie Muzeum Zamku w \u0141a\u0144cucie. Trudno\u015bci techniczne, odkrycia dawnych dekoracji, adaptacja pomieszcze\u0144\" \/>\n<meta property=\"og:url\" content=\"http:\/\/duda-dziewierz.pl\/?page_id=547\" \/>\n<meta property=\"og:site_name\" content=\"Antoni Duda-Dziewierz\" \/>\n<meta property=\"article:modified_time\" content=\"2023-12-01T21:30:27+00:00\" \/>\n<meta property=\"og:image\" content=\"http:\/\/duda-dziewierz.pl\/wp-content\/uploads\/2023\/06\/remont-elewacji-726x1024.jpg\" \/>\n<meta name=\"twitter:card\" content=\"summary_large_image\" \/>\n<meta name=\"twitter:label1\" content=\"Szacowany czas czytania\" \/>\n\t<meta name=\"twitter:data1\" content=\"2 minuty\" \/>\n<script type=\"application\/ld+json\" class=\"yoast-schema-graph\">{\"@context\":\"https:\/\/schema.org\",\"@graph\":[{\"@type\":\"WebPage\",\"@id\":\"http:\/\/duda-dziewierz.pl\/?page_id=547\",\"url\":\"http:\/\/duda-dziewierz.pl\/?page_id=547\",\"name\":\"Remont i konserwacja dla wnikliwych - Antoni Duda-Dziewierz\",\"isPartOf\":{\"@id\":\"http:\/\/duda-dziewierz.pl\/#website\"},\"datePublished\":\"2023-06-05T11:11:25+00:00\",\"dateModified\":\"2023-12-01T21:30:27+00:00\",\"description\":\"szczeg\u00f3\u0142y prac remontowych i konserwatorskich w kompleksie Muzeum Zamku w \u0141a\u0144cucie. Trudno\u015bci techniczne, odkrycia dawnych dekoracji, adaptacja pomieszcze\u0144\",\"breadcrumb\":{\"@id\":\"http:\/\/duda-dziewierz.pl\/?page_id=547#breadcrumb\"},\"inLanguage\":\"pl-PL\",\"potentialAction\":[{\"@type\":\"ReadAction\",\"target\":[\"http:\/\/duda-dziewierz.pl\/?page_id=547\"]}]},{\"@type\":\"BreadcrumbList\",\"@id\":\"http:\/\/duda-dziewierz.pl\/?page_id=547#breadcrumb\",\"itemListElement\":[{\"@type\":\"ListItem\",\"position\":1,\"name\":\"Home\",\"item\":\"http:\/\/duda-dziewierz.pl\/\"},{\"@type\":\"ListItem\",\"position\":2,\"name\":\"Remont i konserwacja dla wnikliwych\"}]},{\"@type\":\"WebSite\",\"@id\":\"http:\/\/duda-dziewierz.pl\/#website\",\"url\":\"http:\/\/duda-dziewierz.pl\/\",\"name\":\"Antoni Duda-Dziewierz\",\"description\":\"\u017cycie i dzia\u0142anie w trudnych czasach\",\"alternateName\":\"Duda-Dziewierz\",\"potentialAction\":[{\"@type\":\"SearchAction\",\"target\":{\"@type\":\"EntryPoint\",\"urlTemplate\":\"http:\/\/duda-dziewierz.pl\/?s={search_term_string}\"},\"query-input\":\"required name=search_term_string\"}],\"inLanguage\":\"pl-PL\"}]}<\/script>\n<!-- \/ Yoast SEO plugin. -->","yoast_head_json":{"title":"Remont i konserwacja dla wnikliwych - Antoni Duda-Dziewierz","description":"szczeg\u00f3\u0142y prac remontowych i konserwatorskich w kompleksie Muzeum Zamku w \u0141a\u0144cucie. Trudno\u015bci techniczne, odkrycia dawnych dekoracji, adaptacja pomieszcze\u0144","robots":{"index":"index","follow":"follow","max-snippet":"max-snippet:-1","max-image-preview":"max-image-preview:large","max-video-preview":"max-video-preview:-1"},"canonical":"http:\/\/duda-dziewierz.pl\/?page_id=547","og_locale":"pl_PL","og_type":"article","og_title":"Remont i konserwacja dla wnikliwych - Antoni Duda-Dziewierz","og_description":"szczeg\u00f3\u0142y prac remontowych i konserwatorskich w kompleksie Muzeum Zamku w \u0141a\u0144cucie. Trudno\u015bci techniczne, odkrycia dawnych dekoracji, adaptacja pomieszcze\u0144","og_url":"http:\/\/duda-dziewierz.pl\/?page_id=547","og_site_name":"Antoni Duda-Dziewierz","article_modified_time":"2023-12-01T21:30:27+00:00","og_image":[{"url":"http:\/\/duda-dziewierz.pl\/wp-content\/uploads\/2023\/06\/remont-elewacji-726x1024.jpg"}],"twitter_card":"summary_large_image","twitter_misc":{"Szacowany czas czytania":"2 minuty"},"schema":{"@context":"https:\/\/schema.org","@graph":[{"@type":"WebPage","@id":"http:\/\/duda-dziewierz.pl\/?page_id=547","url":"http:\/\/duda-dziewierz.pl\/?page_id=547","name":"Remont i konserwacja dla wnikliwych - Antoni Duda-Dziewierz","isPartOf":{"@id":"http:\/\/duda-dziewierz.pl\/#website"},"datePublished":"2023-06-05T11:11:25+00:00","dateModified":"2023-12-01T21:30:27+00:00","description":"szczeg\u00f3\u0142y prac remontowych i konserwatorskich w kompleksie Muzeum Zamku w \u0141a\u0144cucie. Trudno\u015bci techniczne, odkrycia dawnych dekoracji, adaptacja pomieszcze\u0144","breadcrumb":{"@id":"http:\/\/duda-dziewierz.pl\/?page_id=547#breadcrumb"},"inLanguage":"pl-PL","potentialAction":[{"@type":"ReadAction","target":["http:\/\/duda-dziewierz.pl\/?page_id=547"]}]},{"@type":"BreadcrumbList","@id":"http:\/\/duda-dziewierz.pl\/?page_id=547#breadcrumb","itemListElement":[{"@type":"ListItem","position":1,"name":"Home","item":"http:\/\/duda-dziewierz.pl\/"},{"@type":"ListItem","position":2,"name":"Remont i konserwacja dla wnikliwych"}]},{"@type":"WebSite","@id":"http:\/\/duda-dziewierz.pl\/#website","url":"http:\/\/duda-dziewierz.pl\/","name":"Antoni Duda-Dziewierz","description":"\u017cycie i dzia\u0142anie w trudnych czasach","alternateName":"Duda-Dziewierz","potentialAction":[{"@type":"SearchAction","target":{"@type":"EntryPoint","urlTemplate":"http:\/\/duda-dziewierz.pl\/?s={search_term_string}"},"query-input":"required name=search_term_string"}],"inLanguage":"pl-PL"}]}},"_links":{"self":[{"href":"http:\/\/duda-dziewierz.pl\/index.php?rest_route=\/wp\/v2\/pages\/547","targetHints":{"allow":["GET"]}}],"collection":[{"href":"http:\/\/duda-dziewierz.pl\/index.php?rest_route=\/wp\/v2\/pages"}],"about":[{"href":"http:\/\/duda-dziewierz.pl\/index.php?rest_route=\/wp\/v2\/types\/page"}],"author":[{"embeddable":true,"href":"http:\/\/duda-dziewierz.pl\/index.php?rest_route=\/wp\/v2\/users\/1"}],"replies":[{"embeddable":true,"href":"http:\/\/duda-dziewierz.pl\/index.php?rest_route=%2Fwp%2Fv2%2Fcomments&post=547"}],"version-history":[{"count":2,"href":"http:\/\/duda-dziewierz.pl\/index.php?rest_route=\/wp\/v2\/pages\/547\/revisions"}],"predecessor-version":[{"id":641,"href":"http:\/\/duda-dziewierz.pl\/index.php?rest_route=\/wp\/v2\/pages\/547\/revisions\/641"}],"wp:attachment":[{"href":"http:\/\/duda-dziewierz.pl\/index.php?rest_route=%2Fwp%2Fv2%2Fmedia&parent=547"}],"curies":[{"name":"wp","href":"https:\/\/api.w.org\/{rel}","templated":true}]}}