{"id":539,"date":"2023-06-05T12:58:55","date_gmt":"2023-06-05T10:58:55","guid":{"rendered":"http:\/\/duda-dziewierz.pl\/?page_id=539"},"modified":"2023-12-01T20:14:23","modified_gmt":"2023-12-01T19:14:23","slug":"marzenie-o-skansenie","status":"publish","type":"page","link":"http:\/\/duda-dziewierz.pl\/?page_id=539","title":{"rendered":"Marzenie o skansenie"},"content":{"rendered":"\n<p>Troska pa\u0144stwa o zachowanie relikt\u00f3w budownictwa drewnianego doprowadzi\u0142a do zorganizowania, w 1958 r., muzeum skansenowskiego w Sanoku. Powsta\u0142o w\u00f3wczas w kraju szereg plac\u00f3wek tego typu i uwa\u017cano, \u017ce sie\u0107 muze\u00f3w na wolnym powietrzu  jest ju\u017c wystarczaj\u0105ca dla zabezpieczenia i wyeksponowania typowych zabytkowych obiekt\u00f3w.<\/p>\n\n\n\n<div class=\"wp-block-getwid-section alignfull alignfull getwid-section-content-custom-width\"><div class=\"wp-block-getwid-section__wrapper getwid-padding-left-medium getwid-padding-right-medium\"><div class=\"wp-block-getwid-section__inner-wrapper\" style=\"max-width:1140px\"><div class=\"wp-block-getwid-section__background-holder\"><div class=\"wp-block-getwid-section__background\"><\/div><div class=\"wp-block-getwid-section__foreground\"><\/div><\/div><div class=\"wp-block-getwid-section__content\"><div class=\"wp-block-getwid-section__inner-content\">\n<div class=\"wp-block-columns has-2-columns are-vertically-aligned-center is-layout-flex wp-container-core-columns-is-layout-9d6595d7 wp-block-columns-is-layout-flex\">\n<div class=\"wp-block-column is-vertically-aligned-center is-layout-flow wp-block-column-is-layout-flow\">\n<p>Sprawa drewnianych cerkwi Rzeszowszczyzny przedstawia\u0142a si\u0119 jednak inaczej. Ochrona ich wyposa\u017cenia w Sk\u0142adnicy Zabytk\u00f3w Ruchomych <br>w Muzeum w \u0141a\u0144cucie (od 1961 roku) nie rozwi\u0105zywa\u0142a problemu niszczej\u0105cych budowli sakralnych. Tylko <br>w najs\u0142ynniejszych z nich, przeprowadzono w tamtym okresie prace remontowe. Pozosta\u0142e trwa\u0142y w oczekiwaniu, a ich stan si\u0119 pogarsza\u0142. Powstanie skansenu cerkwi stanowi\u0142o przedmiot rozwa\u017ca\u0144 <br>w gronie konserwator\u00f3w zabytk\u00f3w. W czerwcu 1965 r., podczas obrad Wojew\u00f3dzkiej Konferencji Konserwatorskiej w Przemy\u015blu, debatowano nad zagadnieniem organizacji skansenu w okolicy Smolnika, w powiecie Ustrzyki Dolne.<\/p>\n<\/div>\n\n\n\n<div class=\"wp-block-column is-vertically-aligned-center is-layout-flow wp-block-column-is-layout-flow\">\n<figure class=\"wp-block-image size-large\"><img loading=\"lazy\" decoding=\"async\" width=\"1024\" height=\"634\" src=\"http:\/\/duda-dziewierz.pl\/wp-content\/uploads\/2023\/06\/pkz_Czarna_5-2-1024x634.jpg\" alt=\"Drewniana cerkiew w Czarnej ll.60. fot. W. Gorski PPKZ\" class=\"wp-image-540\" srcset=\"http:\/\/duda-dziewierz.pl\/wp-content\/uploads\/2023\/06\/pkz_Czarna_5-2-1024x634.jpg 1024w, http:\/\/duda-dziewierz.pl\/wp-content\/uploads\/2023\/06\/pkz_Czarna_5-2-300x186.jpg 300w, http:\/\/duda-dziewierz.pl\/wp-content\/uploads\/2023\/06\/pkz_Czarna_5-2-768x475.jpg 768w, http:\/\/duda-dziewierz.pl\/wp-content\/uploads\/2023\/06\/pkz_Czarna_5-2-1536x950.jpg 1536w, http:\/\/duda-dziewierz.pl\/wp-content\/uploads\/2023\/06\/pkz_Czarna_5-2-2048x1267.jpg 2048w, http:\/\/duda-dziewierz.pl\/wp-content\/uploads\/2023\/06\/pkz_Czarna_5-2-1568x970.jpg 1568w\" sizes=\"auto, (max-width: 1024px) 100vw, 1024px\" \/><figcaption class=\"wp-element-caption\">cerkiew drewniana w Czarnej ko\u0142o Gorlic<br>fot. W. G\u00f3rski ok. 1970 r. z arch. PPKZ w likwidacji<\/figcaption><\/figure>\n<\/div>\n<\/div>\n<\/div><\/div><\/div><\/div><\/div>\n\n\n\n<div class=\"wp-block-getwid-section alignfull alignfull getwid-section-content-custom-width\"><div class=\"wp-block-getwid-section__wrapper getwid-padding-left-medium getwid-padding-right-medium\"><div class=\"wp-block-getwid-section__inner-wrapper\" style=\"max-width:1140px\"><div class=\"wp-block-getwid-section__background-holder\"><div class=\"wp-block-getwid-section__background\"><\/div><div class=\"wp-block-getwid-section__foreground\"><\/div><\/div><div class=\"wp-block-getwid-section__content\"><div class=\"wp-block-getwid-section__inner-content\">\n<div class=\"wp-block-columns has-2-columns are-vertically-aligned-center is-layout-flex wp-container-core-columns-is-layout-9d6595d7 wp-block-columns-is-layout-flex\">\n<div class=\"wp-block-column is-vertically-aligned-center is-layout-flow wp-block-column-is-layout-flow\">\n<p>W lipcu 1965 roku Duda-Dziewierz wystosowa\u0142 \u201eMemoria\u0142 w sprawie zabezpieczenia Ludowej architektury kulturowej Po\u0142udniowej Rzeszowszczyzny <br>i w sprawie turystycznego zagospodarowania Bieszczad\u201d, szczeg\u00f3\u0142owo opisuj\u0105cy zagadnienie <br>i przedstawiaj\u0105cy konkretny program zagospodarowania. Zyska\u0142 przychylno\u015b\u0107 w\u0142adz centralnych dla swego projektu i obietnic\u0119 finansowania.<br>Ale w \u015brodowisku zawrza\u0142o\u2026.<\/p>\n\n\n\n<p>W zwi\u0105zku z kontrowersyjnym stanowiskiem specjalist\u00f3w wobec tego konkretnego projektu utworzenia skansenu cerkwi; w obliczu szerokiej dyskusji w \u015brodowisku oraz w prasie bran\u017cowej i krajowej, <br>a tak\u017ce pewnej \u201enagonki medialnej\u201d jak to si\u0119 wsp\u00f3\u0142cze\u015bnie okre\u015bla, jego realizacja napotka\u0142a szereg przeszk\u00f3d, o kt\u00f3rych szczeg\u00f3\u0142owo opowiada ten rozdzia\u0142.<\/p>\n<\/div>\n\n\n\n<div class=\"wp-block-column is-vertically-aligned-center is-layout-flow wp-block-column-is-layout-flow\">\n<figure class=\"wp-block-image size-large\"><img loading=\"lazy\" decoding=\"async\" width=\"703\" height=\"1024\" src=\"http:\/\/duda-dziewierz.pl\/wp-content\/uploads\/2023\/06\/pkz_70_3-2-703x1024.jpg\" alt=\"cerkiew w Bodakach ok 1970 r. fot. J.Szandomirski PPKZ\n\" class=\"wp-image-541\" srcset=\"http:\/\/duda-dziewierz.pl\/wp-content\/uploads\/2023\/06\/pkz_70_3-2-703x1024.jpg 703w, http:\/\/duda-dziewierz.pl\/wp-content\/uploads\/2023\/06\/pkz_70_3-2-206x300.jpg 206w, http:\/\/duda-dziewierz.pl\/wp-content\/uploads\/2023\/06\/pkz_70_3-2-768x1119.jpg 768w, http:\/\/duda-dziewierz.pl\/wp-content\/uploads\/2023\/06\/pkz_70_3-2-1054x1536.jpg 1054w, http:\/\/duda-dziewierz.pl\/wp-content\/uploads\/2023\/06\/pkz_70_3-2-1405x2048.jpg 1405w, http:\/\/duda-dziewierz.pl\/wp-content\/uploads\/2023\/06\/pkz_70_3-2-1568x2285.jpg 1568w, http:\/\/duda-dziewierz.pl\/wp-content\/uploads\/2023\/06\/pkz_70_3-2-scaled.jpg 1757w\" sizes=\"auto, (max-width: 703px) 100vw, 703px\" \/><figcaption class=\"wp-element-caption\">Drewniana cerkiew w Bodakach na Rzeszowszczy\u017anie 1970 r. <br>fot. J. Szandomirski, z arch. PPKZ w likwidacji <\/figcaption><\/figure>\n<\/div>\n<\/div>\n<\/div><\/div><\/div><\/div><\/div>\n","protected":false},"excerpt":{"rendered":"<p>Troska pa\u0144stwa o zachowanie relikt\u00f3w budownictwa drewnianego doprowadzi\u0142a do zorganizowania, w 1958 r., muzeum skansenowskiego w Sanoku. Powsta\u0142o w\u00f3wczas w kraju szereg plac\u00f3wek tego typu i uwa\u017cano, \u017ce sie\u0107 muze\u00f3w na wolnym powietrzu jest ju\u017c wystarczaj\u0105ca dla zabezpieczenia i wyeksponowania typowych zabytkowych obiekt\u00f3w.<\/p>\n","protected":false},"author":1,"featured_media":0,"parent":0,"menu_order":0,"comment_status":"closed","ping_status":"closed","template":"","meta":{"footnotes":""},"class_list":["post-539","page","type-page","status-publish","hentry","entry"],"yoast_head":"<!-- This site is optimized with the Yoast SEO plugin v21.6 - https:\/\/yoast.com\/wordpress\/plugins\/seo\/ -->\n<title>Marzenie o skansenie - Antoni Duda-Dziewierz<\/title>\n<meta name=\"description\" content=\"Ochrona zabytk\u00f3w sztuki ludowej - drewnianych cerkwi Rzeszowszczyzny. Memoria\u0142 ws. utworzenia skansenu cerkwi w Bieszczadach - w Smolniku, decyzje partyjne.\" \/>\n<meta name=\"robots\" content=\"index, follow, max-snippet:-1, max-image-preview:large, max-video-preview:-1\" \/>\n<link rel=\"canonical\" href=\"http:\/\/duda-dziewierz.pl\/?page_id=539\" \/>\n<meta property=\"og:locale\" content=\"pl_PL\" \/>\n<meta property=\"og:type\" content=\"article\" \/>\n<meta property=\"og:title\" content=\"Marzenie o skansenie - Antoni Duda-Dziewierz\" \/>\n<meta property=\"og:description\" content=\"Ochrona zabytk\u00f3w sztuki ludowej - drewnianych cerkwi Rzeszowszczyzny. Memoria\u0142 ws. utworzenia skansenu cerkwi w Bieszczadach - w Smolniku, decyzje partyjne.\" \/>\n<meta property=\"og:url\" content=\"http:\/\/duda-dziewierz.pl\/?page_id=539\" \/>\n<meta property=\"og:site_name\" content=\"Antoni Duda-Dziewierz\" \/>\n<meta property=\"article:modified_time\" content=\"2023-12-01T19:14:23+00:00\" \/>\n<meta property=\"og:image\" content=\"http:\/\/duda-dziewierz.pl\/wp-content\/uploads\/2023\/06\/pkz_Czarna_5-2-1024x634.jpg\" \/>\n<meta name=\"twitter:card\" content=\"summary_large_image\" \/>\n<meta name=\"twitter:label1\" content=\"Szacowany czas czytania\" \/>\n\t<meta name=\"twitter:data1\" content=\"2 minuty\" \/>\n<script type=\"application\/ld+json\" class=\"yoast-schema-graph\">{\"@context\":\"https:\/\/schema.org\",\"@graph\":[{\"@type\":\"WebPage\",\"@id\":\"http:\/\/duda-dziewierz.pl\/?page_id=539\",\"url\":\"http:\/\/duda-dziewierz.pl\/?page_id=539\",\"name\":\"Marzenie o skansenie - Antoni Duda-Dziewierz\",\"isPartOf\":{\"@id\":\"http:\/\/duda-dziewierz.pl\/#website\"},\"datePublished\":\"2023-06-05T10:58:55+00:00\",\"dateModified\":\"2023-12-01T19:14:23+00:00\",\"description\":\"Ochrona zabytk\u00f3w sztuki ludowej - drewnianych cerkwi Rzeszowszczyzny. Memoria\u0142 ws. utworzenia skansenu cerkwi w Bieszczadach - w Smolniku, decyzje partyjne.\",\"breadcrumb\":{\"@id\":\"http:\/\/duda-dziewierz.pl\/?page_id=539#breadcrumb\"},\"inLanguage\":\"pl-PL\",\"potentialAction\":[{\"@type\":\"ReadAction\",\"target\":[\"http:\/\/duda-dziewierz.pl\/?page_id=539\"]}]},{\"@type\":\"BreadcrumbList\",\"@id\":\"http:\/\/duda-dziewierz.pl\/?page_id=539#breadcrumb\",\"itemListElement\":[{\"@type\":\"ListItem\",\"position\":1,\"name\":\"Home\",\"item\":\"http:\/\/duda-dziewierz.pl\/\"},{\"@type\":\"ListItem\",\"position\":2,\"name\":\"Marzenie o skansenie\"}]},{\"@type\":\"WebSite\",\"@id\":\"http:\/\/duda-dziewierz.pl\/#website\",\"url\":\"http:\/\/duda-dziewierz.pl\/\",\"name\":\"Antoni Duda-Dziewierz\",\"description\":\"\u017cycie i dzia\u0142anie w trudnych czasach\",\"alternateName\":\"Duda-Dziewierz\",\"potentialAction\":[{\"@type\":\"SearchAction\",\"target\":{\"@type\":\"EntryPoint\",\"urlTemplate\":\"http:\/\/duda-dziewierz.pl\/?s={search_term_string}\"},\"query-input\":\"required name=search_term_string\"}],\"inLanguage\":\"pl-PL\"}]}<\/script>\n<!-- \/ Yoast SEO plugin. -->","yoast_head_json":{"title":"Marzenie o skansenie - Antoni Duda-Dziewierz","description":"Ochrona zabytk\u00f3w sztuki ludowej - drewnianych cerkwi Rzeszowszczyzny. Memoria\u0142 ws. utworzenia skansenu cerkwi w Bieszczadach - w Smolniku, decyzje partyjne.","robots":{"index":"index","follow":"follow","max-snippet":"max-snippet:-1","max-image-preview":"max-image-preview:large","max-video-preview":"max-video-preview:-1"},"canonical":"http:\/\/duda-dziewierz.pl\/?page_id=539","og_locale":"pl_PL","og_type":"article","og_title":"Marzenie o skansenie - Antoni Duda-Dziewierz","og_description":"Ochrona zabytk\u00f3w sztuki ludowej - drewnianych cerkwi Rzeszowszczyzny. Memoria\u0142 ws. utworzenia skansenu cerkwi w Bieszczadach - w Smolniku, decyzje partyjne.","og_url":"http:\/\/duda-dziewierz.pl\/?page_id=539","og_site_name":"Antoni Duda-Dziewierz","article_modified_time":"2023-12-01T19:14:23+00:00","og_image":[{"url":"http:\/\/duda-dziewierz.pl\/wp-content\/uploads\/2023\/06\/pkz_Czarna_5-2-1024x634.jpg"}],"twitter_card":"summary_large_image","twitter_misc":{"Szacowany czas czytania":"2 minuty"},"schema":{"@context":"https:\/\/schema.org","@graph":[{"@type":"WebPage","@id":"http:\/\/duda-dziewierz.pl\/?page_id=539","url":"http:\/\/duda-dziewierz.pl\/?page_id=539","name":"Marzenie o skansenie - Antoni Duda-Dziewierz","isPartOf":{"@id":"http:\/\/duda-dziewierz.pl\/#website"},"datePublished":"2023-06-05T10:58:55+00:00","dateModified":"2023-12-01T19:14:23+00:00","description":"Ochrona zabytk\u00f3w sztuki ludowej - drewnianych cerkwi Rzeszowszczyzny. Memoria\u0142 ws. utworzenia skansenu cerkwi w Bieszczadach - w Smolniku, decyzje partyjne.","breadcrumb":{"@id":"http:\/\/duda-dziewierz.pl\/?page_id=539#breadcrumb"},"inLanguage":"pl-PL","potentialAction":[{"@type":"ReadAction","target":["http:\/\/duda-dziewierz.pl\/?page_id=539"]}]},{"@type":"BreadcrumbList","@id":"http:\/\/duda-dziewierz.pl\/?page_id=539#breadcrumb","itemListElement":[{"@type":"ListItem","position":1,"name":"Home","item":"http:\/\/duda-dziewierz.pl\/"},{"@type":"ListItem","position":2,"name":"Marzenie o skansenie"}]},{"@type":"WebSite","@id":"http:\/\/duda-dziewierz.pl\/#website","url":"http:\/\/duda-dziewierz.pl\/","name":"Antoni Duda-Dziewierz","description":"\u017cycie i dzia\u0142anie w trudnych czasach","alternateName":"Duda-Dziewierz","potentialAction":[{"@type":"SearchAction","target":{"@type":"EntryPoint","urlTemplate":"http:\/\/duda-dziewierz.pl\/?s={search_term_string}"},"query-input":"required name=search_term_string"}],"inLanguage":"pl-PL"}]}},"_links":{"self":[{"href":"http:\/\/duda-dziewierz.pl\/index.php?rest_route=\/wp\/v2\/pages\/539","targetHints":{"allow":["GET"]}}],"collection":[{"href":"http:\/\/duda-dziewierz.pl\/index.php?rest_route=\/wp\/v2\/pages"}],"about":[{"href":"http:\/\/duda-dziewierz.pl\/index.php?rest_route=\/wp\/v2\/types\/page"}],"author":[{"embeddable":true,"href":"http:\/\/duda-dziewierz.pl\/index.php?rest_route=\/wp\/v2\/users\/1"}],"replies":[{"embeddable":true,"href":"http:\/\/duda-dziewierz.pl\/index.php?rest_route=%2Fwp%2Fv2%2Fcomments&post=539"}],"version-history":[{"count":3,"href":"http:\/\/duda-dziewierz.pl\/index.php?rest_route=\/wp\/v2\/pages\/539\/revisions"}],"predecessor-version":[{"id":625,"href":"http:\/\/duda-dziewierz.pl\/index.php?rest_route=\/wp\/v2\/pages\/539\/revisions\/625"}],"wp:attachment":[{"href":"http:\/\/duda-dziewierz.pl\/index.php?rest_route=%2Fwp%2Fv2%2Fmedia&parent=539"}],"curies":[{"name":"wp","href":"https:\/\/api.w.org\/{rel}","templated":true}]}}