{"id":519,"date":"2023-06-05T12:20:13","date_gmt":"2023-06-05T10:20:13","guid":{"rendered":"http:\/\/duda-dziewierz.pl\/?page_id=519"},"modified":"2023-12-01T20:50:41","modified_gmt":"2023-12-01T19:50:41","slug":"na-zamku-w-krasiczynie","status":"publish","type":"page","link":"http:\/\/duda-dziewierz.pl\/?page_id=519","title":{"rendered":"Na Zamku w Krasiczynie"},"content":{"rendered":"\n<p>Po opracowaniu, w 1960 r., danych z inwentaryzacji zabytk\u00f3w architektury w Polsce, okaza\u0142o si\u0119 z 12 000 obiekt\u00f3w zabytkowych, tylko 3 500 mo\u017cna by\u0142o obj\u0105\u0107 akcj\u0105 zagospodarowania. Pozosta\u0142e obiekty si\u0119 rozpad\u0142y, uleg\u0142y rozbi\u00f3rce, nie mia\u0142y istotnej warto\u015bci zabytkowej, lub ich stan techniczny nie dawa\u0142 szans na odbudow\u0119. Podj\u0119ta w\u00f3wczas decyzja, \u017ce wi\u0119kszo\u015b\u0107 odbudowanych zabytk\u00f3w architektury zostanie zagospodarowana przez inne resorty, z jednej strony zmniejsza\u0142a potencjalne koszty resortu kultury, a z drugiej umo\u017cliwia\u0142a wykorzystanie gospodarcze zrujnowanych budowli zabytkowych. Te elementy znalaz\u0142y si\u0119 m.in., w tzw. \u201ePlanie 5-letnim na lata 1961-65\u201d. Odbudowa obiekt\u00f3w \u015bci\u015ble zabytkowych i nie nadaj\u0105cych si\u0119 na cele u\u017cytkowe nadal mia\u0142a by\u0107 finansowana <br>z funduszy konserwatorskich resortu kultury i sztuki, pozosta\u0142e znalaz\u0142y si\u0119 w bud\u017cetach rad narodowych i akcji spo\u0142ecznych. Niestety, na przej\u0119cie i zagospodarowanie wielu z tych obiekt\u00f3w przez kolejne lata wcale nie by\u0142o ch\u0119tnych. <\/p>\n\n\n\n<p>Wa\u017cy\u0142y si\u0119 losy Zamku w Krasiczynie, kt\u00f3ry przej\u0105\u0142 po wojnie, na o\u015brodek szkoleniowy, Wojew\u00f3dzki Zwi\u0105zek Gminnych Sp\u00f3\u0142dzielni \u201eSamopomoc Ch\u0142opska\u201d, a nast\u0119pnie ulokowano tam na wiele lat Technikum Le\u015bne.<\/p>\n\n\n\n<div class=\"wp-block-getwid-section alignfull alignfull getwid-section-content-custom-width\"><div class=\"wp-block-getwid-section__wrapper getwid-padding-left-medium getwid-padding-right-medium\"><div class=\"wp-block-getwid-section__inner-wrapper\" style=\"max-width:1140px\"><div class=\"wp-block-getwid-section__background-holder\"><div class=\"wp-block-getwid-section__background\"><\/div><div class=\"wp-block-getwid-section__foreground\"><\/div><\/div><div class=\"wp-block-getwid-section__content\"><div class=\"wp-block-getwid-section__inner-content\">\n<div class=\"wp-block-columns has-2-columns are-vertically-aligned-center is-layout-flex wp-container-core-columns-is-layout-9d6595d7 wp-block-columns-is-layout-flex\">\n<div class=\"wp-block-column is-vertically-aligned-center is-layout-flow wp-block-column-is-layout-flow\">\n<p>31.10.1963 roku Antoni Duda-Dziewierz zosta\u0142 powo\u0142any na stanowisko Pe\u0142nomocnika Ministra Kultury i Sztuki do spraw zabezpieczenia i konserwacji Zespo\u0142u Zamkowego w Krasiczynie. Rozpocz\u0105\u0142 w\u00f3wczas remont z prawdziwego zdarzenia, kt\u00f3ry obejmowa\u0142 zar\u00f3wno budynki jak i teren parku przyzamkowego.<\/p>\n\n\n\n<p>\u201eW roku 1968 Wojew\u00f3dzki Konserwator Zabytk\u00f3w Prezydium Wojew\u00f3dzkiej Rady Narodowej w Rzeszowie dokona\u0142 wpisu zespo\u0142u zamkowego w Krasiczynie do rejestru zabytk\u00f3w nieruchomych. Zgodnie z opisem konserwatora w sk\u0142ad zespo\u0142u wchodzi\u0142y: zamek, domek szwajcarski, stajnie cugowe i park. [&#8230;] W opinii konserwatora zesp\u00f3\u0142 w Krasiczynie by\u0142 jednym <br>z nielicznych zachowanych polskich zamk\u00f3w-rezydencji renesansowych i ze wzgl\u0119du na sw\u00f3j uk\u0142ad, wyposa\u017cenie architektoniczne, rze\u017abiarskie i malarskie oraz ze wzgl\u0119du na po\u0142o\u017cenie stanowi\u0142 obiekt wyj\u0105tkowy o warto\u015bci artystycznej i historycznej\u201d.<\/p>\n<\/div>\n\n\n\n<div class=\"wp-block-column is-vertically-aligned-center is-layout-flow wp-block-column-is-layout-flow\">\n<figure class=\"wp-block-image size-large\"><img loading=\"lazy\" decoding=\"async\" width=\"985\" height=\"1024\" src=\"http:\/\/duda-dziewierz.pl\/wp-content\/uploads\/2023\/06\/Krasiczyn-remont3-985x1024.jpg\" alt=\"\" class=\"wp-image-520\" srcset=\"http:\/\/duda-dziewierz.pl\/wp-content\/uploads\/2023\/06\/Krasiczyn-remont3-985x1024.jpg 985w, http:\/\/duda-dziewierz.pl\/wp-content\/uploads\/2023\/06\/Krasiczyn-remont3-289x300.jpg 289w, http:\/\/duda-dziewierz.pl\/wp-content\/uploads\/2023\/06\/Krasiczyn-remont3-768x799.jpg 768w, http:\/\/duda-dziewierz.pl\/wp-content\/uploads\/2023\/06\/Krasiczyn-remont3-1477x1536.jpg 1477w, http:\/\/duda-dziewierz.pl\/wp-content\/uploads\/2023\/06\/Krasiczyn-remont3-1970x2048.jpg 1970w, http:\/\/duda-dziewierz.pl\/wp-content\/uploads\/2023\/06\/Krasiczyn-remont3-1568x1630.jpg 1568w\" sizes=\"auto, (max-width: 985px) 100vw, 985px\" \/><figcaption class=\"wp-element-caption\">Krasiczyn &#8211; dziedziniec zamkowy ok 1963 r. fot. z arch. rodzinnego<\/figcaption><\/figure>\n<\/div>\n<\/div>\n<\/div><\/div><\/div><\/div><\/div>\n\n\n\n<p><\/p>\n\n\n\n<div class=\"wp-block-getwid-section alignfull alignfull getwid-section-content-custom-width\"><div class=\"wp-block-getwid-section__wrapper getwid-padding-left-medium getwid-padding-right-medium\"><div class=\"wp-block-getwid-section__inner-wrapper\" style=\"max-width:1140px\"><div class=\"wp-block-getwid-section__background-holder\"><div class=\"wp-block-getwid-section__background\"><\/div><div class=\"wp-block-getwid-section__foreground\"><\/div><\/div><div class=\"wp-block-getwid-section__content\"><div class=\"wp-block-getwid-section__inner-content\">\n<div class=\"wp-block-columns has-2-columns are-vertically-aligned-center is-layout-flex wp-container-core-columns-is-layout-9d6595d7 wp-block-columns-is-layout-flex\">\n<div class=\"wp-block-column is-vertically-aligned-center is-layout-flow wp-block-column-is-layout-flow\">\n<p>Przebieg prowadzonego remontu by\u0142 niezwykle trudny, z uwagi na skal\u0119 zabytku i jego stan zachowania. Wykonane w pierwszych latach prace archeologiczne przyczyni\u0142y si\u0119 wydatnie do poznania najdalszej historii tego obiektu. Jednak kiedy budowla zacz\u0119\u0142a skutecznie wynurza\u0107 si\u0119 ze zniszcze\u0144, kiedy dumnie zaprezentowa\u0142a si\u0119 Baszta Boska pokryta nowym dachem miedzianym i zaja\u015bnia\u0142a cz\u0119\u015b\u0107 zrekonstruowanych sgraffit i kiedy wreszcie wyprowadzona zosta\u0142a z jej mur\u00f3w szko\u0142a, licz\u0105ca 1000 uczni\u00f3w &#8211; w\u00f3wczas znalaz\u0142o si\u0119 wiele powa\u017cnych powod\u00f3w, aby nie kontynuowa\u0107 tych, <br>z impetem prowadzonych, prac.<\/p>\n\n\n\n<p>O losach Krasiczy\u0144skiego Zamku i inicjatywy Dudy-Dziewierza zorganizowania w nim muzeum sztuki sarmackiej opowiadam szeroko w tym rozdziale.<\/p>\n<\/div>\n\n\n\n<div class=\"wp-block-column is-vertically-aligned-center is-layout-flow wp-block-column-is-layout-flow\">\n<figure class=\"wp-block-image size-large is-resized\"><img loading=\"lazy\" decoding=\"async\" src=\"http:\/\/duda-dziewierz.pl\/wp-content\/uploads\/2023\/06\/remont-w-Krasiczynie-706x1024.jpg\" alt=\"\" class=\"wp-image-521\" width=\"373\" height=\"512\"\/><figcaption class=\"wp-element-caption\">Remont zamku w Krasiczynie ok 1963 r. fot. z arch. rodzinnego<\/figcaption><\/figure>\n<\/div>\n<\/div>\n<\/div><\/div><\/div><\/div><\/div>\n","protected":false},"excerpt":{"rendered":"<p>Po opracowaniu, w 1960 r., danych z inwentaryzacji zabytk\u00f3w architektury w Polsce, okaza\u0142o si\u0119 z 12 000 obiekt\u00f3w zabytkowych, tylko 3 500 mo\u017cna by\u0142o obj\u0105\u0107 akcj\u0105 zagospodarowania. Pozosta\u0142e obiekty si\u0119 rozpad\u0142y, uleg\u0142y rozbi\u00f3rce, nie mia\u0142y istotnej warto\u015bci zabytkowej, lub ich stan techniczny nie dawa\u0142 szans na odbudow\u0119. Podj\u0119ta w\u00f3wczas decyzja, \u017ce wi\u0119kszo\u015b\u0107 odbudowanych zabytk\u00f3w architektury&hellip; <a class=\"more-link\" href=\"http:\/\/duda-dziewierz.pl\/?page_id=519\">Czytaj dalej <span class=\"screen-reader-text\">Na Zamku w Krasiczynie<\/span><\/a><\/p>\n","protected":false},"author":1,"featured_media":0,"parent":0,"menu_order":0,"comment_status":"closed","ping_status":"closed","template":"","meta":{"footnotes":""},"class_list":["post-519","page","type-page","status-publish","hentry","entry"],"yoast_head":"<!-- This site is optimized with the Yoast SEO plugin v21.6 - https:\/\/yoast.com\/wordpress\/plugins\/seo\/ -->\n<title>Na Zamku w Krasiczynie - Antoni Duda-Dziewierz<\/title>\n<meta name=\"description\" content=\"1963 jako Pe\u0142nomocnik MKiS ds. konserwacji Zesp. Zamkowego w Krasiczynie zdoby\u0142 blach\u0119 miedzian\u0105 do pokrycia Baszty Boskiej, muzeum sztuki sarmackiej zaplanowa\u0142\" \/>\n<meta name=\"robots\" content=\"index, follow, max-snippet:-1, max-image-preview:large, max-video-preview:-1\" \/>\n<link rel=\"canonical\" href=\"http:\/\/duda-dziewierz.pl\/?page_id=519\" \/>\n<meta property=\"og:locale\" content=\"pl_PL\" \/>\n<meta property=\"og:type\" content=\"article\" \/>\n<meta property=\"og:title\" content=\"Na Zamku w Krasiczynie - Antoni Duda-Dziewierz\" \/>\n<meta property=\"og:description\" content=\"1963 jako Pe\u0142nomocnik MKiS ds. konserwacji Zesp. Zamkowego w Krasiczynie zdoby\u0142 blach\u0119 miedzian\u0105 do pokrycia Baszty Boskiej, muzeum sztuki sarmackiej zaplanowa\u0142\" \/>\n<meta property=\"og:url\" content=\"http:\/\/duda-dziewierz.pl\/?page_id=519\" \/>\n<meta property=\"og:site_name\" content=\"Antoni Duda-Dziewierz\" \/>\n<meta property=\"article:modified_time\" content=\"2023-12-01T19:50:41+00:00\" \/>\n<meta property=\"og:image\" content=\"http:\/\/duda-dziewierz.pl\/wp-content\/uploads\/2023\/06\/Krasiczyn-remont3-985x1024.jpg\" \/>\n<meta name=\"twitter:card\" content=\"summary_large_image\" \/>\n<meta name=\"twitter:label1\" content=\"Szacowany czas czytania\" \/>\n\t<meta name=\"twitter:data1\" content=\"3 minuty\" \/>\n<script type=\"application\/ld+json\" class=\"yoast-schema-graph\">{\"@context\":\"https:\/\/schema.org\",\"@graph\":[{\"@type\":\"WebPage\",\"@id\":\"http:\/\/duda-dziewierz.pl\/?page_id=519\",\"url\":\"http:\/\/duda-dziewierz.pl\/?page_id=519\",\"name\":\"Na Zamku w Krasiczynie - Antoni Duda-Dziewierz\",\"isPartOf\":{\"@id\":\"http:\/\/duda-dziewierz.pl\/#website\"},\"datePublished\":\"2023-06-05T10:20:13+00:00\",\"dateModified\":\"2023-12-01T19:50:41+00:00\",\"description\":\"1963 jako Pe\u0142nomocnik MKiS ds. konserwacji Zesp. Zamkowego w Krasiczynie zdoby\u0142 blach\u0119 miedzian\u0105 do pokrycia Baszty Boskiej, muzeum sztuki sarmackiej zaplanowa\u0142\",\"breadcrumb\":{\"@id\":\"http:\/\/duda-dziewierz.pl\/?page_id=519#breadcrumb\"},\"inLanguage\":\"pl-PL\",\"potentialAction\":[{\"@type\":\"ReadAction\",\"target\":[\"http:\/\/duda-dziewierz.pl\/?page_id=519\"]}]},{\"@type\":\"BreadcrumbList\",\"@id\":\"http:\/\/duda-dziewierz.pl\/?page_id=519#breadcrumb\",\"itemListElement\":[{\"@type\":\"ListItem\",\"position\":1,\"name\":\"Home\",\"item\":\"http:\/\/duda-dziewierz.pl\/\"},{\"@type\":\"ListItem\",\"position\":2,\"name\":\"Na Zamku w Krasiczynie\"}]},{\"@type\":\"WebSite\",\"@id\":\"http:\/\/duda-dziewierz.pl\/#website\",\"url\":\"http:\/\/duda-dziewierz.pl\/\",\"name\":\"Antoni Duda-Dziewierz\",\"description\":\"\u017cycie i dzia\u0142anie w trudnych czasach\",\"alternateName\":\"Duda-Dziewierz\",\"potentialAction\":[{\"@type\":\"SearchAction\",\"target\":{\"@type\":\"EntryPoint\",\"urlTemplate\":\"http:\/\/duda-dziewierz.pl\/?s={search_term_string}\"},\"query-input\":\"required name=search_term_string\"}],\"inLanguage\":\"pl-PL\"}]}<\/script>\n<!-- \/ Yoast SEO plugin. -->","yoast_head_json":{"title":"Na Zamku w Krasiczynie - Antoni Duda-Dziewierz","description":"1963 jako Pe\u0142nomocnik MKiS ds. konserwacji Zesp. Zamkowego w Krasiczynie zdoby\u0142 blach\u0119 miedzian\u0105 do pokrycia Baszty Boskiej, muzeum sztuki sarmackiej zaplanowa\u0142","robots":{"index":"index","follow":"follow","max-snippet":"max-snippet:-1","max-image-preview":"max-image-preview:large","max-video-preview":"max-video-preview:-1"},"canonical":"http:\/\/duda-dziewierz.pl\/?page_id=519","og_locale":"pl_PL","og_type":"article","og_title":"Na Zamku w Krasiczynie - Antoni Duda-Dziewierz","og_description":"1963 jako Pe\u0142nomocnik MKiS ds. konserwacji Zesp. Zamkowego w Krasiczynie zdoby\u0142 blach\u0119 miedzian\u0105 do pokrycia Baszty Boskiej, muzeum sztuki sarmackiej zaplanowa\u0142","og_url":"http:\/\/duda-dziewierz.pl\/?page_id=519","og_site_name":"Antoni Duda-Dziewierz","article_modified_time":"2023-12-01T19:50:41+00:00","og_image":[{"url":"http:\/\/duda-dziewierz.pl\/wp-content\/uploads\/2023\/06\/Krasiczyn-remont3-985x1024.jpg"}],"twitter_card":"summary_large_image","twitter_misc":{"Szacowany czas czytania":"3 minuty"},"schema":{"@context":"https:\/\/schema.org","@graph":[{"@type":"WebPage","@id":"http:\/\/duda-dziewierz.pl\/?page_id=519","url":"http:\/\/duda-dziewierz.pl\/?page_id=519","name":"Na Zamku w Krasiczynie - Antoni Duda-Dziewierz","isPartOf":{"@id":"http:\/\/duda-dziewierz.pl\/#website"},"datePublished":"2023-06-05T10:20:13+00:00","dateModified":"2023-12-01T19:50:41+00:00","description":"1963 jako Pe\u0142nomocnik MKiS ds. konserwacji Zesp. Zamkowego w Krasiczynie zdoby\u0142 blach\u0119 miedzian\u0105 do pokrycia Baszty Boskiej, muzeum sztuki sarmackiej zaplanowa\u0142","breadcrumb":{"@id":"http:\/\/duda-dziewierz.pl\/?page_id=519#breadcrumb"},"inLanguage":"pl-PL","potentialAction":[{"@type":"ReadAction","target":["http:\/\/duda-dziewierz.pl\/?page_id=519"]}]},{"@type":"BreadcrumbList","@id":"http:\/\/duda-dziewierz.pl\/?page_id=519#breadcrumb","itemListElement":[{"@type":"ListItem","position":1,"name":"Home","item":"http:\/\/duda-dziewierz.pl\/"},{"@type":"ListItem","position":2,"name":"Na Zamku w Krasiczynie"}]},{"@type":"WebSite","@id":"http:\/\/duda-dziewierz.pl\/#website","url":"http:\/\/duda-dziewierz.pl\/","name":"Antoni Duda-Dziewierz","description":"\u017cycie i dzia\u0142anie w trudnych czasach","alternateName":"Duda-Dziewierz","potentialAction":[{"@type":"SearchAction","target":{"@type":"EntryPoint","urlTemplate":"http:\/\/duda-dziewierz.pl\/?s={search_term_string}"},"query-input":"required name=search_term_string"}],"inLanguage":"pl-PL"}]}},"_links":{"self":[{"href":"http:\/\/duda-dziewierz.pl\/index.php?rest_route=\/wp\/v2\/pages\/519","targetHints":{"allow":["GET"]}}],"collection":[{"href":"http:\/\/duda-dziewierz.pl\/index.php?rest_route=\/wp\/v2\/pages"}],"about":[{"href":"http:\/\/duda-dziewierz.pl\/index.php?rest_route=\/wp\/v2\/types\/page"}],"author":[{"embeddable":true,"href":"http:\/\/duda-dziewierz.pl\/index.php?rest_route=\/wp\/v2\/users\/1"}],"replies":[{"embeddable":true,"href":"http:\/\/duda-dziewierz.pl\/index.php?rest_route=%2Fwp%2Fv2%2Fcomments&post=519"}],"version-history":[{"count":3,"href":"http:\/\/duda-dziewierz.pl\/index.php?rest_route=\/wp\/v2\/pages\/519\/revisions"}],"predecessor-version":[{"id":628,"href":"http:\/\/duda-dziewierz.pl\/index.php?rest_route=\/wp\/v2\/pages\/519\/revisions\/628"}],"wp:attachment":[{"href":"http:\/\/duda-dziewierz.pl\/index.php?rest_route=%2Fwp%2Fv2%2Fmedia&parent=519"}],"curies":[{"name":"wp","href":"https:\/\/api.w.org\/{rel}","templated":true}]}}