{"id":509,"date":"2023-06-05T12:00:35","date_gmt":"2023-06-05T10:00:35","guid":{"rendered":"http:\/\/duda-dziewierz.pl\/?page_id=509"},"modified":"2023-12-01T19:31:39","modified_gmt":"2023-12-01T18:31:39","slug":"kontakt-z-potockimi","status":"publish","type":"page","link":"http:\/\/duda-dziewierz.pl\/?page_id=509","title":{"rendered":"Kontakt z Potockimi"},"content":{"rendered":"\n<p>W kronice Muzeum odnotowano, \u017ce w maju 1972 r. przyjecha\u0142a do \u0141a\u0144cuta pani Izabella Potocka z domu Jodko-Narkiewicz primo voto Sidney, \u017cona ostatniego w\u0142a\u015bciciela \u0141a\u0144cuta &#8211; Alfreda Potockiego. By\u0142a to jej pierwsza wizyta w \u0141a\u0144cucie. \u201eZapozna\u0142a si\u0119 dok\u0142adnie <br>z Zamkiem, jego zbiorami, parkiem, kolekcj\u0105 pojazd\u00f3w konnych, znanymi sobie dot\u0105d jedynie ze wspomnie\u0144 innych ludzi i by\u0107 mo\u017ce z ilustracji. Pani Potocka obejrza\u0142a te\u017c Julin, zwiedzi\u0142a Le\u017cajsk, Przeworsk i Krasiczyn. Przed wyjazdem wyrazi\u0142a swoj\u0105 rado\u015b\u0107, \u017ce dawna siedziba rodu jej m\u0119\u017ca jest tak dobrze utrzymanym muzeum\u201d.<\/p>\n\n\n\n<div class=\"wp-block-getwid-section alignfull alignfull getwid-section-content-custom-width\"><div class=\"wp-block-getwid-section__wrapper getwid-padding-left-medium getwid-padding-right-medium\"><div class=\"wp-block-getwid-section__inner-wrapper\" style=\"max-width:1140px\"><div class=\"wp-block-getwid-section__background-holder\"><div class=\"wp-block-getwid-section__background\"><\/div><div class=\"wp-block-getwid-section__foreground\"><\/div><\/div><div class=\"wp-block-getwid-section__content\"><div class=\"wp-block-getwid-section__inner-content\">\n<div class=\"wp-block-columns has-2-columns are-vertically-aligned-center is-layout-flex wp-container-core-columns-is-layout-9d6595d7 wp-block-columns-is-layout-flex\">\n<div class=\"wp-block-column is-vertically-aligned-center is-layout-flow wp-block-column-is-layout-flow\">\n<p><\/p>\n\n\n\n<p>Pani Izabella Potocka by\u0142a w \u0141a\u0144cucie bardzo wa\u017cnym go\u015bciem. W rozdziale opisano jak dosz\u0142o do tej wizyty, co latami sta\u0142o na przeszkodzie jej zorganizowania, jak przebiega\u0142 kontakt dyrektora pa\u0144stwowej plac\u00f3wki muzealnej w PRL z osob\u0105 z \u201eZachodu\u201d, reprezentuj\u0105c\u0105 przedwojennego w\u0142a\u015bciciela maj\u0105tku hr. Alfreda Potockiego oraz jaki przebieg mia\u0142a sama wizyta Izabelli Alfredowej Potockiej i jakie korzy\u015bci przynios\u0142a Muzeum i spo\u0142ecze\u0144stwu.<\/p>\n<\/div>\n\n\n\n<div class=\"wp-block-column is-vertically-aligned-center is-layout-flow wp-block-column-is-layout-flow\">\n<figure class=\"wp-block-image size-large\"><img loading=\"lazy\" decoding=\"async\" width=\"1024\" height=\"659\" src=\"http:\/\/duda-dziewierz.pl\/wp-content\/uploads\/2023\/06\/zamek-7-1024x659.jpg\" alt=\"\" class=\"wp-image-510\" srcset=\"http:\/\/duda-dziewierz.pl\/wp-content\/uploads\/2023\/06\/zamek-7-1024x659.jpg 1024w, http:\/\/duda-dziewierz.pl\/wp-content\/uploads\/2023\/06\/zamek-7-300x193.jpg 300w, http:\/\/duda-dziewierz.pl\/wp-content\/uploads\/2023\/06\/zamek-7-768x494.jpg 768w, http:\/\/duda-dziewierz.pl\/wp-content\/uploads\/2023\/06\/zamek-7-1536x989.jpg 1536w, http:\/\/duda-dziewierz.pl\/wp-content\/uploads\/2023\/06\/zamek-7-2048x1318.jpg 2048w, http:\/\/duda-dziewierz.pl\/wp-content\/uploads\/2023\/06\/zamek-7-1568x1009.jpg 1568w\" sizes=\"auto, (max-width: 1024px) 100vw, 1024px\" \/><figcaption class=\"wp-element-caption\">Zamek w \u0141a\u0144cucie lata 60. fot. z archiwum rodzinnego<\/figcaption><\/figure>\n<\/div>\n<\/div>\n<\/div><\/div><\/div><\/div><\/div>\n","protected":false},"excerpt":{"rendered":"<p>W kronice Muzeum odnotowano, \u017ce w maju 1972 r. przyjecha\u0142a do \u0141a\u0144cuta pani Izabella Potocka z domu Jodko-Narkiewicz primo voto Sidney, \u017cona ostatniego w\u0142a\u015bciciela \u0141a\u0144cuta &#8211; Alfreda Potockiego. By\u0142a to jej pierwsza wizyta w \u0141a\u0144cucie. \u201eZapozna\u0142a si\u0119 dok\u0142adnie z Zamkiem, jego zbiorami, parkiem, kolekcj\u0105 pojazd\u00f3w konnych, znanymi sobie dot\u0105d jedynie ze wspomnie\u0144 innych ludzi i&hellip; <a class=\"more-link\" href=\"http:\/\/duda-dziewierz.pl\/?page_id=509\">Czytaj dalej <span class=\"screen-reader-text\">Kontakt z Potockimi<\/span><\/a><\/p>\n","protected":false},"author":1,"featured_media":0,"parent":0,"menu_order":0,"comment_status":"closed","ping_status":"closed","template":"","meta":{"footnotes":""},"class_list":["post-509","page","type-page","status-publish","hentry","entry"],"yoast_head":"<!-- This site is optimized with the Yoast SEO plugin v21.6 - https:\/\/yoast.com\/wordpress\/plugins\/seo\/ -->\n<title>Kontakt z Potockimi - Antoni Duda-Dziewierz<\/title>\n<meta name=\"description\" content=\"Opis wizyty Izabelli Alfredowej Potockiej na Zamku w \u0141a\u0144cucie w maju 1972.\" \/>\n<meta name=\"robots\" content=\"index, follow, max-snippet:-1, max-image-preview:large, max-video-preview:-1\" \/>\n<link rel=\"canonical\" href=\"http:\/\/duda-dziewierz.pl\/?page_id=509\" \/>\n<meta property=\"og:locale\" content=\"pl_PL\" \/>\n<meta property=\"og:type\" content=\"article\" \/>\n<meta property=\"og:title\" content=\"Kontakt z Potockimi - Antoni Duda-Dziewierz\" \/>\n<meta property=\"og:description\" content=\"Opis wizyty Izabelli Alfredowej Potockiej na Zamku w \u0141a\u0144cucie w maju 1972.\" \/>\n<meta property=\"og:url\" content=\"http:\/\/duda-dziewierz.pl\/?page_id=509\" \/>\n<meta property=\"og:site_name\" content=\"Antoni Duda-Dziewierz\" \/>\n<meta property=\"article:modified_time\" content=\"2023-12-01T18:31:39+00:00\" \/>\n<meta property=\"og:image\" content=\"http:\/\/duda-dziewierz.pl\/wp-content\/uploads\/2023\/06\/zamek-7-1024x659.jpg\" \/>\n<meta name=\"twitter:card\" content=\"summary_large_image\" \/>\n<meta name=\"twitter:label1\" content=\"Szacowany czas czytania\" \/>\n\t<meta name=\"twitter:data1\" content=\"2 minuty\" \/>\n<script type=\"application\/ld+json\" class=\"yoast-schema-graph\">{\"@context\":\"https:\/\/schema.org\",\"@graph\":[{\"@type\":\"WebPage\",\"@id\":\"http:\/\/duda-dziewierz.pl\/?page_id=509\",\"url\":\"http:\/\/duda-dziewierz.pl\/?page_id=509\",\"name\":\"Kontakt z Potockimi - Antoni Duda-Dziewierz\",\"isPartOf\":{\"@id\":\"http:\/\/duda-dziewierz.pl\/#website\"},\"datePublished\":\"2023-06-05T10:00:35+00:00\",\"dateModified\":\"2023-12-01T18:31:39+00:00\",\"description\":\"Opis wizyty Izabelli Alfredowej Potockiej na Zamku w \u0141a\u0144cucie w maju 1972.\",\"breadcrumb\":{\"@id\":\"http:\/\/duda-dziewierz.pl\/?page_id=509#breadcrumb\"},\"inLanguage\":\"pl-PL\",\"potentialAction\":[{\"@type\":\"ReadAction\",\"target\":[\"http:\/\/duda-dziewierz.pl\/?page_id=509\"]}]},{\"@type\":\"BreadcrumbList\",\"@id\":\"http:\/\/duda-dziewierz.pl\/?page_id=509#breadcrumb\",\"itemListElement\":[{\"@type\":\"ListItem\",\"position\":1,\"name\":\"Home\",\"item\":\"http:\/\/duda-dziewierz.pl\/\"},{\"@type\":\"ListItem\",\"position\":2,\"name\":\"Kontakt z Potockimi\"}]},{\"@type\":\"WebSite\",\"@id\":\"http:\/\/duda-dziewierz.pl\/#website\",\"url\":\"http:\/\/duda-dziewierz.pl\/\",\"name\":\"Antoni Duda-Dziewierz\",\"description\":\"\u017cycie i dzia\u0142anie w trudnych czasach\",\"alternateName\":\"Duda-Dziewierz\",\"potentialAction\":[{\"@type\":\"SearchAction\",\"target\":{\"@type\":\"EntryPoint\",\"urlTemplate\":\"http:\/\/duda-dziewierz.pl\/?s={search_term_string}\"},\"query-input\":\"required name=search_term_string\"}],\"inLanguage\":\"pl-PL\"}]}<\/script>\n<!-- \/ Yoast SEO plugin. -->","yoast_head_json":{"title":"Kontakt z Potockimi - Antoni Duda-Dziewierz","description":"Opis wizyty Izabelli Alfredowej Potockiej na Zamku w \u0141a\u0144cucie w maju 1972.","robots":{"index":"index","follow":"follow","max-snippet":"max-snippet:-1","max-image-preview":"max-image-preview:large","max-video-preview":"max-video-preview:-1"},"canonical":"http:\/\/duda-dziewierz.pl\/?page_id=509","og_locale":"pl_PL","og_type":"article","og_title":"Kontakt z Potockimi - Antoni Duda-Dziewierz","og_description":"Opis wizyty Izabelli Alfredowej Potockiej na Zamku w \u0141a\u0144cucie w maju 1972.","og_url":"http:\/\/duda-dziewierz.pl\/?page_id=509","og_site_name":"Antoni Duda-Dziewierz","article_modified_time":"2023-12-01T18:31:39+00:00","og_image":[{"url":"http:\/\/duda-dziewierz.pl\/wp-content\/uploads\/2023\/06\/zamek-7-1024x659.jpg"}],"twitter_card":"summary_large_image","twitter_misc":{"Szacowany czas czytania":"2 minuty"},"schema":{"@context":"https:\/\/schema.org","@graph":[{"@type":"WebPage","@id":"http:\/\/duda-dziewierz.pl\/?page_id=509","url":"http:\/\/duda-dziewierz.pl\/?page_id=509","name":"Kontakt z Potockimi - Antoni Duda-Dziewierz","isPartOf":{"@id":"http:\/\/duda-dziewierz.pl\/#website"},"datePublished":"2023-06-05T10:00:35+00:00","dateModified":"2023-12-01T18:31:39+00:00","description":"Opis wizyty Izabelli Alfredowej Potockiej na Zamku w \u0141a\u0144cucie w maju 1972.","breadcrumb":{"@id":"http:\/\/duda-dziewierz.pl\/?page_id=509#breadcrumb"},"inLanguage":"pl-PL","potentialAction":[{"@type":"ReadAction","target":["http:\/\/duda-dziewierz.pl\/?page_id=509"]}]},{"@type":"BreadcrumbList","@id":"http:\/\/duda-dziewierz.pl\/?page_id=509#breadcrumb","itemListElement":[{"@type":"ListItem","position":1,"name":"Home","item":"http:\/\/duda-dziewierz.pl\/"},{"@type":"ListItem","position":2,"name":"Kontakt z Potockimi"}]},{"@type":"WebSite","@id":"http:\/\/duda-dziewierz.pl\/#website","url":"http:\/\/duda-dziewierz.pl\/","name":"Antoni Duda-Dziewierz","description":"\u017cycie i dzia\u0142anie w trudnych czasach","alternateName":"Duda-Dziewierz","potentialAction":[{"@type":"SearchAction","target":{"@type":"EntryPoint","urlTemplate":"http:\/\/duda-dziewierz.pl\/?s={search_term_string}"},"query-input":"required name=search_term_string"}],"inLanguage":"pl-PL"}]}},"_links":{"self":[{"href":"http:\/\/duda-dziewierz.pl\/index.php?rest_route=\/wp\/v2\/pages\/509","targetHints":{"allow":["GET"]}}],"collection":[{"href":"http:\/\/duda-dziewierz.pl\/index.php?rest_route=\/wp\/v2\/pages"}],"about":[{"href":"http:\/\/duda-dziewierz.pl\/index.php?rest_route=\/wp\/v2\/types\/page"}],"author":[{"embeddable":true,"href":"http:\/\/duda-dziewierz.pl\/index.php?rest_route=\/wp\/v2\/users\/1"}],"replies":[{"embeddable":true,"href":"http:\/\/duda-dziewierz.pl\/index.php?rest_route=%2Fwp%2Fv2%2Fcomments&post=509"}],"version-history":[{"count":2,"href":"http:\/\/duda-dziewierz.pl\/index.php?rest_route=\/wp\/v2\/pages\/509\/revisions"}],"predecessor-version":[{"id":612,"href":"http:\/\/duda-dziewierz.pl\/index.php?rest_route=\/wp\/v2\/pages\/509\/revisions\/612"}],"wp:attachment":[{"href":"http:\/\/duda-dziewierz.pl\/index.php?rest_route=%2Fwp%2Fv2%2Fmedia&parent=509"}],"curies":[{"name":"wp","href":"https:\/\/api.w.org\/{rel}","templated":true}]}}