{"id":495,"date":"2023-06-05T11:41:51","date_gmt":"2023-06-05T09:41:51","guid":{"rendered":"http:\/\/duda-dziewierz.pl\/?page_id=495"},"modified":"2023-12-01T23:01:08","modified_gmt":"2023-12-01T22:01:08","slug":"turkus-czyli-niespelnione-plany-i-marzenia","status":"publish","type":"page","link":"http:\/\/duda-dziewierz.pl\/?page_id=495","title":{"rendered":"TURKUS czyli niespe\u0142nione plany i marzenia"},"content":{"rendered":"\n<p>Rzeszowszczyzna, niezwykle zr\u00f3\u017cnicowana krajobrazowo, by\u0142a od pocz\u0105tku lat powojennych postrzegana jako region o du\u017cych walorach turystyczno-krajoznawczych, zdrowotnych <br>i wypoczynkowych. Analiza ruchu turystycznego, przeprowadzona <br>w pocz\u0105tkach lat 60-tych, wykaza\u0142a znaczne zainteresowanie Muzeum w \u0141a\u0144cucie, kt\u00f3re praktycznie kierunkowa\u0142o ruch turystyczny na tym terenie.<\/p>\n\n\n\n<p>Wszystkie wycieczki przyje\u017cdzaj\u0105ce w ten region udawa\u0142y si\u0119 do \u0141a\u0144cuta, a stamt\u0105d w Bieszczady, albo przez Przemy\u015bl, albo przez Rzesz\u00f3w \u2013 Brzoz\u00f3w \u2013 Sanok. Bieszczady, by\u0142y drug\u0105 po \u0141a\u0144cucie najpopularniejsz\u0105 destynacj\u0105 w tym okresie. Otwarcie, w 1962 r. tzw. \u201eobwodnicy bieszczadzkiej\u201d znacznie przyczyni\u0142o si\u0119 do wzmo\u017cenia turystyki zmotoryzowanej, a powstanie w kolejnych latach zalew\u00f3w <br>w Myczkowcach i Solinie &#8211; do dalszej rozbudowy turystyki tego regionu. Dzi\u0119ki rozwijaniu sieci dr\u00f3g, a nast\u0119pnie infrastruktury hotelowej i gastronomicznej, Bieszczady w latach 60-tych otworzy\u0142y si\u0119 na turystyk\u0119 krajoznawcz\u0105.<\/p>\n\n\n\n<div class=\"wp-block-getwid-section alignfull alignfull getwid-section-content-custom-width\"><div class=\"wp-block-getwid-section__wrapper getwid-padding-left-medium getwid-padding-right-medium\"><div class=\"wp-block-getwid-section__inner-wrapper\" style=\"max-width:1140px\"><div class=\"wp-block-getwid-section__background-holder\"><div class=\"wp-block-getwid-section__background\"><\/div><div class=\"wp-block-getwid-section__foreground\"><\/div><\/div><div class=\"wp-block-getwid-section__content\"><div class=\"wp-block-getwid-section__inner-content\">\n<div class=\"wp-block-columns has-2-columns are-vertically-aligned-center is-layout-flex wp-container-core-columns-is-layout-9d6595d7 wp-block-columns-is-layout-flex\">\n<div class=\"wp-block-column is-vertically-aligned-center is-layout-flow wp-block-column-is-layout-flow\">\n<p>Rok 1967 og\u0142oszony zosta\u0142 przez Zarz\u0105d Muze\u00f3w <br>i Ochrony Zabytk\u00f3w \u2013 \u201eRokiem zabytk\u00f3w w turystyce\u201d, co mia\u0142o sprzyja\u0107 zagospodarowaniu obiekt\u00f3w muzealnych le\u017c\u0105cych na szlakach turystycznych. <br>W \u0141a\u0144cucie odby\u0142o si\u0119 w\u00f3wczas I posiedzenie Mi\u0119dzyresortowej Komisji do spraw Wsp\u00f3\u0142dzia\u0142ania Ministerstwa Kultury i Sztuki (MKiS) oraz G\u0142\u00f3wnego Komitetu Kultury Fizycznej i Turystyki (GKKFiT). Efektem konferencji by\u0142 szereg inicjatyw, dotycz\u0105cych wsp\u00f3\u0142pracy mi\u0119dzy tymi dziedzinami, dla rozwoju zr\u00f3\u017cnicowanej oferty kulturalno-wypoczynkowej. Jednak skutkiem pierwszorz\u0119dnym by\u0142o zaprezentowanie Rzeszowszczyzny jako regionu atrakcyjnego turystycznie, pod wzgl\u0119dem zar\u00f3wno krajobrazowym jak i historycznym. <br><\/p>\n<\/div>\n\n\n\n<div class=\"wp-block-column is-vertically-aligned-center is-layout-flow wp-block-column-is-layout-flow\">\n<figure class=\"wp-block-image size-large\"><img loading=\"lazy\" decoding=\"async\" width=\"1024\" height=\"698\" src=\"http:\/\/duda-dziewierz.pl\/wp-content\/uploads\/2023\/06\/bar-Turysta-E.Kluz_-1024x698.jpg\" alt=\"\" class=\"wp-image-497\" srcset=\"http:\/\/duda-dziewierz.pl\/wp-content\/uploads\/2023\/06\/bar-Turysta-E.Kluz_-1024x698.jpg 1024w, http:\/\/duda-dziewierz.pl\/wp-content\/uploads\/2023\/06\/bar-Turysta-E.Kluz_-300x205.jpg 300w, http:\/\/duda-dziewierz.pl\/wp-content\/uploads\/2023\/06\/bar-Turysta-E.Kluz_-768x524.jpg 768w, http:\/\/duda-dziewierz.pl\/wp-content\/uploads\/2023\/06\/bar-Turysta-E.Kluz_-1536x1047.jpg 1536w, http:\/\/duda-dziewierz.pl\/wp-content\/uploads\/2023\/06\/bar-Turysta-E.Kluz_-2048x1396.jpg 2048w, http:\/\/duda-dziewierz.pl\/wp-content\/uploads\/2023\/06\/bar-Turysta-E.Kluz_-1568x1069.jpg 1568w\" sizes=\"auto, (max-width: 1024px) 100vw, 1024px\" \/><figcaption class=\"wp-element-caption\">Bar Turysta w \u0141a\u0144cucie, lata 60. fot. z arch. El\u017cbiety Kluz<\/figcaption><\/figure>\n<\/div>\n<\/div>\n<\/div><\/div><\/div><\/div><\/div>\n\n\n\n<div class=\"wp-block-getwid-section alignfull alignfull getwid-section-content-custom-width\"><div class=\"wp-block-getwid-section__wrapper getwid-padding-left-medium getwid-padding-right-medium\"><div class=\"wp-block-getwid-section__inner-wrapper\" style=\"max-width:1140px\"><div class=\"wp-block-getwid-section__background-holder\"><div class=\"wp-block-getwid-section__background\"><\/div><div class=\"wp-block-getwid-section__foreground\"><\/div><\/div><div class=\"wp-block-getwid-section__content\"><div class=\"wp-block-getwid-section__inner-content\">\n<div class=\"wp-block-columns has-2-columns are-vertically-aligned-center is-layout-flex wp-container-core-columns-is-layout-9d6595d7 wp-block-columns-is-layout-flex\">\n<div class=\"wp-block-column is-vertically-aligned-center is-layout-flow wp-block-column-is-layout-flow\">\n<p>Wysuni\u0119to w\u00f3wczas propozycje szerokiego wykorzystania zabytk\u00f3w kultury narodowej regionu <br>w dzia\u0142alno\u015bci turystycznej, rekreacji <br>i wypoczynku. I chodzi\u0142o nie tyle o sam Zamek <br>w \u0141a\u0144cucie, w\u00f3wczas ciesz\u0105cy si\u0119 ju\u017c niezwyk\u0142\u0105 popularno\u015bci\u0105, ale o Krasiczyn (jeszcze w fazie remontu), skansen cerkiewny (kt\u00f3rego utworzenie pozytywnie zaopiniowa\u0142y w\u0142adze centralne i terenowe), o Sieniaw\u0119, Przeworsk, Le\u017cajsk, Baran\u00f3w\u2026. <\/p>\n\n\n\n<p>O tych projektach oraz dalszej ich realizacji napisano <br>w rozdziale.<\/p>\n<\/div>\n\n\n\n<div class=\"wp-block-column is-vertically-aligned-center is-layout-flow wp-block-column-is-layout-flow\">\n<figure class=\"wp-block-image size-large is-resized\"><img loading=\"lazy\" decoding=\"async\" src=\"http:\/\/duda-dziewierz.pl\/wp-content\/uploads\/2023\/06\/z5-2-797x1024.jpg\" alt=\"\" class=\"wp-image-499\" width=\"399\" height=\"512\" srcset=\"http:\/\/duda-dziewierz.pl\/wp-content\/uploads\/2023\/06\/z5-2-797x1024.jpg 797w, http:\/\/duda-dziewierz.pl\/wp-content\/uploads\/2023\/06\/z5-2-233x300.jpg 233w, http:\/\/duda-dziewierz.pl\/wp-content\/uploads\/2023\/06\/z5-2-768x987.jpg 768w, http:\/\/duda-dziewierz.pl\/wp-content\/uploads\/2023\/06\/z5-2-1195x1536.jpg 1195w, http:\/\/duda-dziewierz.pl\/wp-content\/uploads\/2023\/06\/z5-2-1593x2048.jpg 1593w, http:\/\/duda-dziewierz.pl\/wp-content\/uploads\/2023\/06\/z5-2-1568x2015.jpg 1568w, http:\/\/duda-dziewierz.pl\/wp-content\/uploads\/2023\/06\/z5-2-scaled.jpg 1992w\" sizes=\"auto, (max-width: 399px) 100vw, 399px\" \/><\/figure>\n<\/div>\n<\/div>\n<\/div><\/div><\/div><\/div><\/div>\n","protected":false},"excerpt":{"rendered":"<p>Rzeszowszczyzna, niezwykle zr\u00f3\u017cnicowana krajobrazowo, by\u0142a od pocz\u0105tku lat powojennych postrzegana jako region o du\u017cych walorach turystyczno-krajoznawczych, zdrowotnych i wypoczynkowych. Analiza ruchu turystycznego, przeprowadzona w pocz\u0105tkach lat 60-tych, wykaza\u0142a znaczne zainteresowanie Muzeum w \u0141a\u0144cucie, kt\u00f3re praktycznie kierunkowa\u0142o ruch turystyczny na tym terenie. Wszystkie wycieczki przyje\u017cdzaj\u0105ce w ten region udawa\u0142y si\u0119 do \u0141a\u0144cuta, a stamt\u0105d w Bieszczady,&hellip; <a class=\"more-link\" href=\"http:\/\/duda-dziewierz.pl\/?page_id=495\">Czytaj dalej <span class=\"screen-reader-text\">TURKUS czyli niespe\u0142nione plany i marzenia<\/span><\/a><\/p>\n","protected":false},"author":1,"featured_media":0,"parent":0,"menu_order":0,"comment_status":"closed","ping_status":"closed","template":"","meta":{"footnotes":""},"class_list":["post-495","page","type-page","status-publish","hentry","entry"],"yoast_head":"<!-- This site is optimized with the Yoast SEO plugin v21.6 - https:\/\/yoast.com\/wordpress\/plugins\/seo\/ -->\n<title>TURKUS czyli niespe\u0142nione plany i marzenia - Antoni Duda-Dziewierz<\/title>\n<meta name=\"description\" content=\"Plany rozwoju w latach 60. oferty turystyczno-wypoczynkowej na Rzeszowszczy\u017anie, z wykorzystaniem zabytk\u00f3w kultury narodowej regionu.\" \/>\n<meta name=\"robots\" content=\"index, follow, max-snippet:-1, max-image-preview:large, max-video-preview:-1\" \/>\n<link rel=\"canonical\" href=\"http:\/\/duda-dziewierz.pl\/?page_id=495\" \/>\n<meta property=\"og:locale\" content=\"pl_PL\" \/>\n<meta property=\"og:type\" content=\"article\" \/>\n<meta property=\"og:title\" content=\"TURKUS czyli niespe\u0142nione plany i marzenia - Antoni Duda-Dziewierz\" \/>\n<meta property=\"og:description\" content=\"Plany rozwoju w latach 60. oferty turystyczno-wypoczynkowej na Rzeszowszczy\u017anie, z wykorzystaniem zabytk\u00f3w kultury narodowej regionu.\" \/>\n<meta property=\"og:url\" content=\"http:\/\/duda-dziewierz.pl\/?page_id=495\" \/>\n<meta property=\"og:site_name\" content=\"Antoni Duda-Dziewierz\" \/>\n<meta property=\"article:modified_time\" content=\"2023-12-01T22:01:08+00:00\" \/>\n<meta property=\"og:image\" content=\"http:\/\/duda-dziewierz.pl\/wp-content\/uploads\/2023\/06\/bar-Turysta-E.Kluz_-1024x698.jpg\" \/>\n<meta name=\"twitter:card\" content=\"summary_large_image\" \/>\n<meta name=\"twitter:label1\" content=\"Szacowany czas czytania\" \/>\n\t<meta name=\"twitter:data1\" content=\"3 minuty\" \/>\n<script type=\"application\/ld+json\" class=\"yoast-schema-graph\">{\"@context\":\"https:\/\/schema.org\",\"@graph\":[{\"@type\":\"WebPage\",\"@id\":\"http:\/\/duda-dziewierz.pl\/?page_id=495\",\"url\":\"http:\/\/duda-dziewierz.pl\/?page_id=495\",\"name\":\"TURKUS czyli niespe\u0142nione plany i marzenia - Antoni Duda-Dziewierz\",\"isPartOf\":{\"@id\":\"http:\/\/duda-dziewierz.pl\/#website\"},\"datePublished\":\"2023-06-05T09:41:51+00:00\",\"dateModified\":\"2023-12-01T22:01:08+00:00\",\"description\":\"Plany rozwoju w latach 60. oferty turystyczno-wypoczynkowej na Rzeszowszczy\u017anie, z wykorzystaniem zabytk\u00f3w kultury narodowej regionu.\",\"breadcrumb\":{\"@id\":\"http:\/\/duda-dziewierz.pl\/?page_id=495#breadcrumb\"},\"inLanguage\":\"pl-PL\",\"potentialAction\":[{\"@type\":\"ReadAction\",\"target\":[\"http:\/\/duda-dziewierz.pl\/?page_id=495\"]}]},{\"@type\":\"BreadcrumbList\",\"@id\":\"http:\/\/duda-dziewierz.pl\/?page_id=495#breadcrumb\",\"itemListElement\":[{\"@type\":\"ListItem\",\"position\":1,\"name\":\"Home\",\"item\":\"http:\/\/duda-dziewierz.pl\/\"},{\"@type\":\"ListItem\",\"position\":2,\"name\":\"TURKUS czyli niespe\u0142nione plany i marzenia\"}]},{\"@type\":\"WebSite\",\"@id\":\"http:\/\/duda-dziewierz.pl\/#website\",\"url\":\"http:\/\/duda-dziewierz.pl\/\",\"name\":\"Antoni Duda-Dziewierz\",\"description\":\"\u017cycie i dzia\u0142anie w trudnych czasach\",\"alternateName\":\"Duda-Dziewierz\",\"potentialAction\":[{\"@type\":\"SearchAction\",\"target\":{\"@type\":\"EntryPoint\",\"urlTemplate\":\"http:\/\/duda-dziewierz.pl\/?s={search_term_string}\"},\"query-input\":\"required name=search_term_string\"}],\"inLanguage\":\"pl-PL\"}]}<\/script>\n<!-- \/ Yoast SEO plugin. -->","yoast_head_json":{"title":"TURKUS czyli niespe\u0142nione plany i marzenia - Antoni Duda-Dziewierz","description":"Plany rozwoju w latach 60. oferty turystyczno-wypoczynkowej na Rzeszowszczy\u017anie, z wykorzystaniem zabytk\u00f3w kultury narodowej regionu.","robots":{"index":"index","follow":"follow","max-snippet":"max-snippet:-1","max-image-preview":"max-image-preview:large","max-video-preview":"max-video-preview:-1"},"canonical":"http:\/\/duda-dziewierz.pl\/?page_id=495","og_locale":"pl_PL","og_type":"article","og_title":"TURKUS czyli niespe\u0142nione plany i marzenia - Antoni Duda-Dziewierz","og_description":"Plany rozwoju w latach 60. oferty turystyczno-wypoczynkowej na Rzeszowszczy\u017anie, z wykorzystaniem zabytk\u00f3w kultury narodowej regionu.","og_url":"http:\/\/duda-dziewierz.pl\/?page_id=495","og_site_name":"Antoni Duda-Dziewierz","article_modified_time":"2023-12-01T22:01:08+00:00","og_image":[{"url":"http:\/\/duda-dziewierz.pl\/wp-content\/uploads\/2023\/06\/bar-Turysta-E.Kluz_-1024x698.jpg"}],"twitter_card":"summary_large_image","twitter_misc":{"Szacowany czas czytania":"3 minuty"},"schema":{"@context":"https:\/\/schema.org","@graph":[{"@type":"WebPage","@id":"http:\/\/duda-dziewierz.pl\/?page_id=495","url":"http:\/\/duda-dziewierz.pl\/?page_id=495","name":"TURKUS czyli niespe\u0142nione plany i marzenia - Antoni Duda-Dziewierz","isPartOf":{"@id":"http:\/\/duda-dziewierz.pl\/#website"},"datePublished":"2023-06-05T09:41:51+00:00","dateModified":"2023-12-01T22:01:08+00:00","description":"Plany rozwoju w latach 60. oferty turystyczno-wypoczynkowej na Rzeszowszczy\u017anie, z wykorzystaniem zabytk\u00f3w kultury narodowej regionu.","breadcrumb":{"@id":"http:\/\/duda-dziewierz.pl\/?page_id=495#breadcrumb"},"inLanguage":"pl-PL","potentialAction":[{"@type":"ReadAction","target":["http:\/\/duda-dziewierz.pl\/?page_id=495"]}]},{"@type":"BreadcrumbList","@id":"http:\/\/duda-dziewierz.pl\/?page_id=495#breadcrumb","itemListElement":[{"@type":"ListItem","position":1,"name":"Home","item":"http:\/\/duda-dziewierz.pl\/"},{"@type":"ListItem","position":2,"name":"TURKUS czyli niespe\u0142nione plany i marzenia"}]},{"@type":"WebSite","@id":"http:\/\/duda-dziewierz.pl\/#website","url":"http:\/\/duda-dziewierz.pl\/","name":"Antoni Duda-Dziewierz","description":"\u017cycie i dzia\u0142anie w trudnych czasach","alternateName":"Duda-Dziewierz","potentialAction":[{"@type":"SearchAction","target":{"@type":"EntryPoint","urlTemplate":"http:\/\/duda-dziewierz.pl\/?s={search_term_string}"},"query-input":"required name=search_term_string"}],"inLanguage":"pl-PL"}]}},"_links":{"self":[{"href":"http:\/\/duda-dziewierz.pl\/index.php?rest_route=\/wp\/v2\/pages\/495","targetHints":{"allow":["GET"]}}],"collection":[{"href":"http:\/\/duda-dziewierz.pl\/index.php?rest_route=\/wp\/v2\/pages"}],"about":[{"href":"http:\/\/duda-dziewierz.pl\/index.php?rest_route=\/wp\/v2\/types\/page"}],"author":[{"embeddable":true,"href":"http:\/\/duda-dziewierz.pl\/index.php?rest_route=\/wp\/v2\/users\/1"}],"replies":[{"embeddable":true,"href":"http:\/\/duda-dziewierz.pl\/index.php?rest_route=%2Fwp%2Fv2%2Fcomments&post=495"}],"version-history":[{"count":2,"href":"http:\/\/duda-dziewierz.pl\/index.php?rest_route=\/wp\/v2\/pages\/495\/revisions"}],"predecessor-version":[{"id":644,"href":"http:\/\/duda-dziewierz.pl\/index.php?rest_route=\/wp\/v2\/pages\/495\/revisions\/644"}],"wp:attachment":[{"href":"http:\/\/duda-dziewierz.pl\/index.php?rest_route=%2Fwp%2Fv2%2Fmedia&parent=495"}],"curies":[{"name":"wp","href":"https:\/\/api.w.org\/{rel}","templated":true}]}}