{"id":491,"date":"2023-06-05T11:25:06","date_gmt":"2023-06-05T09:25:06","guid":{"rendered":"http:\/\/duda-dziewierz.pl\/?page_id=491"},"modified":"2023-12-01T22:15:11","modified_gmt":"2023-12-01T21:15:11","slug":"pttk-i-organizacja-zwiedzania-muzeum","status":"publish","type":"page","link":"http:\/\/duda-dziewierz.pl\/?page_id=491","title":{"rendered":"PTTK i organizacja zwiedzania Muzeum"},"content":{"rendered":"\n<p>Poruszono tu zagadnienia spo\u0142ecznej opieki nad zabytkami, roli PTTK w ochronie d\u00f3br kultury i organizacji oprowadzania po obiektach zabytkowych.<\/p>\n\n\n\n<p>W lutym 1952 r. w Muzeum w \u0141a\u0144cucie by\u0142o 5 przewodnik\u00f3w, kt\u00f3rzy r\u00f3wnocze\u015bnie byli bileterami, prowadzili magazyn mebli i urz\u0105dze\u0144 mieszkalnych niemuzealnych, oraz magazyn narz\u0119dzi remontowych, jednocze\u015bnie b\u0119d\u0105c odpowiedzialnymi za konserwacj\u0119 powoz\u00f3w . Wobec wzrastaj\u0105cej z roku na rok popularno\u015bci zabytku, zagadnienie dost\u0119pno\u015bci przewodnik\u00f3w profesjonalnych wymaga\u0142o szybkiego uporz\u0105dkowania. W pierwszych latach zarz\u0105dzania Muzeum przez Dud\u0119-Dziewierza oprowadzaniem zajmowali si\u0119 wy\u0142\u0105cznie pracownicy Dzia\u0142u Naukowo-O\u015bwiatowego. W 1958 roku, <br>z inicjatywy dyrekcji Muzeum przeszkolono pierwszych 7 cz\u0142onk\u00f3w Oddzia\u0142u PTTK do oprowadzania wycieczek po Zamku.<\/p>\n\n\n\n<div class=\"wp-block-getwid-section alignfull alignfull getwid-section-content-custom-width\"><div class=\"wp-block-getwid-section__wrapper getwid-padding-left-medium getwid-padding-right-medium\"><div class=\"wp-block-getwid-section__inner-wrapper\" style=\"max-width:1140px\"><div class=\"wp-block-getwid-section__background-holder\"><div class=\"wp-block-getwid-section__background\"><\/div><div class=\"wp-block-getwid-section__foreground\"><\/div><\/div><div class=\"wp-block-getwid-section__content\"><div class=\"wp-block-getwid-section__inner-content\">\n<div class=\"wp-block-columns has-2-columns are-vertically-aligned-center is-layout-flex wp-container-core-columns-is-layout-9d6595d7 wp-block-columns-is-layout-flex\">\n<div class=\"wp-block-column is-vertically-aligned-center is-layout-flow wp-block-column-is-layout-flow\">\n<p>O organizacji profesjonalnego oprowadzania, <br>o szkoleniach na przewodnik\u00f3w i zwi\u0105zanych z nimi trudno\u015bciach, a tak\u017ce o wspania\u0142ym rozkwicie \u0142a\u0144cuckiego oddzia\u0142u PTTK traktuje ten rozdzia\u0142.<\/p>\n\n\n\n<p>Zawiera szereg osobistych tre\u015bci \u2013 barwnych wspomnie\u0144 przewodnik\u00f3w z czas\u00f3w, kiedy oprowadzanie po Muzeum \u0142a\u0144cuckim by\u0142o nie tylko prac\u0105 zarobkow\u0105, ale istotnym wydarzeniem \u015brodowiskowym i ciekawym do\u015bwiadczeniem osobistym, a praca przewodnika aktywizowa\u0142a szereg osobisto\u015bci spo\u015br\u00f3d \u0142a\u0144cuckich intelektualist\u00f3w, znawc\u00f3w kultury i sztuki, skupiaj\u0105c ich wok\u00f3\u0142 Muzeum-Zamku.<\/p>\n<\/div>\n\n\n\n<div class=\"wp-block-column is-vertically-aligned-center is-layout-flow wp-block-column-is-layout-flow\">\n<figure class=\"wp-block-image size-large\"><img loading=\"lazy\" decoding=\"async\" width=\"1024\" height=\"677\" src=\"http:\/\/duda-dziewierz.pl\/wp-content\/uploads\/2023\/06\/ML-1-maja-2-1024x677.jpg\" alt=\"\" class=\"wp-image-492\" srcset=\"http:\/\/duda-dziewierz.pl\/wp-content\/uploads\/2023\/06\/ML-1-maja-2-1024x677.jpg 1024w, http:\/\/duda-dziewierz.pl\/wp-content\/uploads\/2023\/06\/ML-1-maja-2-300x198.jpg 300w, http:\/\/duda-dziewierz.pl\/wp-content\/uploads\/2023\/06\/ML-1-maja-2-768x508.jpg 768w, http:\/\/duda-dziewierz.pl\/wp-content\/uploads\/2023\/06\/ML-1-maja-2-1536x1016.jpg 1536w, http:\/\/duda-dziewierz.pl\/wp-content\/uploads\/2023\/06\/ML-1-maja-2-2048x1354.jpg 2048w, http:\/\/duda-dziewierz.pl\/wp-content\/uploads\/2023\/06\/ML-1-maja-2-1568x1037.jpg 1568w\" sizes=\"auto, (max-width: 1024px) 100vw, 1024px\" \/><figcaption class=\"wp-element-caption\">Pracownicy PTTK w \u0141a\u0144cucie podczas pochodu 1-majowego <br>w 1971 r. fot. z arch. Marka Leszczuka<\/figcaption><\/figure>\n<\/div>\n<\/div>\n<\/div><\/div><\/div><\/div><\/div>\n","protected":false},"excerpt":{"rendered":"<p>Poruszono tu zagadnienia spo\u0142ecznej opieki nad zabytkami, roli PTTK w ochronie d\u00f3br kultury i organizacji oprowadzania po obiektach zabytkowych. W lutym 1952 r. w Muzeum w \u0141a\u0144cucie by\u0142o 5 przewodnik\u00f3w, kt\u00f3rzy r\u00f3wnocze\u015bnie byli bileterami, prowadzili magazyn mebli i urz\u0105dze\u0144 mieszkalnych niemuzealnych, oraz magazyn narz\u0119dzi remontowych, jednocze\u015bnie b\u0119d\u0105c odpowiedzialnymi za konserwacj\u0119 powoz\u00f3w . Wobec wzrastaj\u0105cej z&hellip; <a class=\"more-link\" href=\"http:\/\/duda-dziewierz.pl\/?page_id=491\">Czytaj dalej <span class=\"screen-reader-text\">PTTK i organizacja zwiedzania Muzeum<\/span><\/a><\/p>\n","protected":false},"author":1,"featured_media":0,"parent":0,"menu_order":0,"comment_status":"closed","ping_status":"closed","template":"","meta":{"footnotes":""},"class_list":["post-491","page","type-page","status-publish","hentry","entry"],"yoast_head":"<!-- This site is optimized with the Yoast SEO plugin v21.6 - https:\/\/yoast.com\/wordpress\/plugins\/seo\/ -->\n<title>PTTK i organizacja zwiedzania Muzeum - Antoni Duda-Dziewierz<\/title>\n<meta name=\"description\" content=\"Od 5 przewodnik\u00f3w w 1952 do 140 w 1972; wielka popularno\u015b\u0107 Zamku w \u0141a\u0144cucie - 3 tys. os\u00f3b dziennie, zasady zwiedzania, przewodnicy PTTK, kursy przewodnickie\" \/>\n<meta name=\"robots\" content=\"index, follow, max-snippet:-1, max-image-preview:large, max-video-preview:-1\" \/>\n<link rel=\"canonical\" href=\"http:\/\/duda-dziewierz.pl\/?page_id=491\" \/>\n<meta property=\"og:locale\" content=\"pl_PL\" \/>\n<meta property=\"og:type\" content=\"article\" \/>\n<meta property=\"og:title\" content=\"PTTK i organizacja zwiedzania Muzeum - Antoni Duda-Dziewierz\" \/>\n<meta property=\"og:description\" content=\"Od 5 przewodnik\u00f3w w 1952 do 140 w 1972; wielka popularno\u015b\u0107 Zamku w \u0141a\u0144cucie - 3 tys. os\u00f3b dziennie, zasady zwiedzania, przewodnicy PTTK, kursy przewodnickie\" \/>\n<meta property=\"og:url\" content=\"http:\/\/duda-dziewierz.pl\/?page_id=491\" \/>\n<meta property=\"og:site_name\" content=\"Antoni Duda-Dziewierz\" \/>\n<meta property=\"article:modified_time\" content=\"2023-12-01T21:15:11+00:00\" \/>\n<meta property=\"og:image\" content=\"http:\/\/duda-dziewierz.pl\/wp-content\/uploads\/2023\/06\/ML-1-maja-2-1024x677.jpg\" \/>\n<meta name=\"twitter:card\" content=\"summary_large_image\" \/>\n<meta name=\"twitter:label1\" content=\"Szacowany czas czytania\" \/>\n\t<meta name=\"twitter:data1\" content=\"2 minuty\" \/>\n<script type=\"application\/ld+json\" class=\"yoast-schema-graph\">{\"@context\":\"https:\/\/schema.org\",\"@graph\":[{\"@type\":\"WebPage\",\"@id\":\"http:\/\/duda-dziewierz.pl\/?page_id=491\",\"url\":\"http:\/\/duda-dziewierz.pl\/?page_id=491\",\"name\":\"PTTK i organizacja zwiedzania Muzeum - Antoni Duda-Dziewierz\",\"isPartOf\":{\"@id\":\"http:\/\/duda-dziewierz.pl\/#website\"},\"datePublished\":\"2023-06-05T09:25:06+00:00\",\"dateModified\":\"2023-12-01T21:15:11+00:00\",\"description\":\"Od 5 przewodnik\u00f3w w 1952 do 140 w 1972; wielka popularno\u015b\u0107 Zamku w \u0141a\u0144cucie - 3 tys. os\u00f3b dziennie, zasady zwiedzania, przewodnicy PTTK, kursy przewodnickie\",\"breadcrumb\":{\"@id\":\"http:\/\/duda-dziewierz.pl\/?page_id=491#breadcrumb\"},\"inLanguage\":\"pl-PL\",\"potentialAction\":[{\"@type\":\"ReadAction\",\"target\":[\"http:\/\/duda-dziewierz.pl\/?page_id=491\"]}]},{\"@type\":\"BreadcrumbList\",\"@id\":\"http:\/\/duda-dziewierz.pl\/?page_id=491#breadcrumb\",\"itemListElement\":[{\"@type\":\"ListItem\",\"position\":1,\"name\":\"Home\",\"item\":\"http:\/\/duda-dziewierz.pl\/\"},{\"@type\":\"ListItem\",\"position\":2,\"name\":\"PTTK i organizacja zwiedzania Muzeum\"}]},{\"@type\":\"WebSite\",\"@id\":\"http:\/\/duda-dziewierz.pl\/#website\",\"url\":\"http:\/\/duda-dziewierz.pl\/\",\"name\":\"Antoni Duda-Dziewierz\",\"description\":\"\u017cycie i dzia\u0142anie w trudnych czasach\",\"alternateName\":\"Duda-Dziewierz\",\"potentialAction\":[{\"@type\":\"SearchAction\",\"target\":{\"@type\":\"EntryPoint\",\"urlTemplate\":\"http:\/\/duda-dziewierz.pl\/?s={search_term_string}\"},\"query-input\":\"required name=search_term_string\"}],\"inLanguage\":\"pl-PL\"}]}<\/script>\n<!-- \/ Yoast SEO plugin. -->","yoast_head_json":{"title":"PTTK i organizacja zwiedzania Muzeum - Antoni Duda-Dziewierz","description":"Od 5 przewodnik\u00f3w w 1952 do 140 w 1972; wielka popularno\u015b\u0107 Zamku w \u0141a\u0144cucie - 3 tys. os\u00f3b dziennie, zasady zwiedzania, przewodnicy PTTK, kursy przewodnickie","robots":{"index":"index","follow":"follow","max-snippet":"max-snippet:-1","max-image-preview":"max-image-preview:large","max-video-preview":"max-video-preview:-1"},"canonical":"http:\/\/duda-dziewierz.pl\/?page_id=491","og_locale":"pl_PL","og_type":"article","og_title":"PTTK i organizacja zwiedzania Muzeum - Antoni Duda-Dziewierz","og_description":"Od 5 przewodnik\u00f3w w 1952 do 140 w 1972; wielka popularno\u015b\u0107 Zamku w \u0141a\u0144cucie - 3 tys. os\u00f3b dziennie, zasady zwiedzania, przewodnicy PTTK, kursy przewodnickie","og_url":"http:\/\/duda-dziewierz.pl\/?page_id=491","og_site_name":"Antoni Duda-Dziewierz","article_modified_time":"2023-12-01T21:15:11+00:00","og_image":[{"url":"http:\/\/duda-dziewierz.pl\/wp-content\/uploads\/2023\/06\/ML-1-maja-2-1024x677.jpg"}],"twitter_card":"summary_large_image","twitter_misc":{"Szacowany czas czytania":"2 minuty"},"schema":{"@context":"https:\/\/schema.org","@graph":[{"@type":"WebPage","@id":"http:\/\/duda-dziewierz.pl\/?page_id=491","url":"http:\/\/duda-dziewierz.pl\/?page_id=491","name":"PTTK i organizacja zwiedzania Muzeum - Antoni Duda-Dziewierz","isPartOf":{"@id":"http:\/\/duda-dziewierz.pl\/#website"},"datePublished":"2023-06-05T09:25:06+00:00","dateModified":"2023-12-01T21:15:11+00:00","description":"Od 5 przewodnik\u00f3w w 1952 do 140 w 1972; wielka popularno\u015b\u0107 Zamku w \u0141a\u0144cucie - 3 tys. os\u00f3b dziennie, zasady zwiedzania, przewodnicy PTTK, kursy przewodnickie","breadcrumb":{"@id":"http:\/\/duda-dziewierz.pl\/?page_id=491#breadcrumb"},"inLanguage":"pl-PL","potentialAction":[{"@type":"ReadAction","target":["http:\/\/duda-dziewierz.pl\/?page_id=491"]}]},{"@type":"BreadcrumbList","@id":"http:\/\/duda-dziewierz.pl\/?page_id=491#breadcrumb","itemListElement":[{"@type":"ListItem","position":1,"name":"Home","item":"http:\/\/duda-dziewierz.pl\/"},{"@type":"ListItem","position":2,"name":"PTTK i organizacja zwiedzania Muzeum"}]},{"@type":"WebSite","@id":"http:\/\/duda-dziewierz.pl\/#website","url":"http:\/\/duda-dziewierz.pl\/","name":"Antoni Duda-Dziewierz","description":"\u017cycie i dzia\u0142anie w trudnych czasach","alternateName":"Duda-Dziewierz","potentialAction":[{"@type":"SearchAction","target":{"@type":"EntryPoint","urlTemplate":"http:\/\/duda-dziewierz.pl\/?s={search_term_string}"},"query-input":"required name=search_term_string"}],"inLanguage":"pl-PL"}]}},"_links":{"self":[{"href":"http:\/\/duda-dziewierz.pl\/index.php?rest_route=\/wp\/v2\/pages\/491","targetHints":{"allow":["GET"]}}],"collection":[{"href":"http:\/\/duda-dziewierz.pl\/index.php?rest_route=\/wp\/v2\/pages"}],"about":[{"href":"http:\/\/duda-dziewierz.pl\/index.php?rest_route=\/wp\/v2\/types\/page"}],"author":[{"embeddable":true,"href":"http:\/\/duda-dziewierz.pl\/index.php?rest_route=\/wp\/v2\/users\/1"}],"replies":[{"embeddable":true,"href":"http:\/\/duda-dziewierz.pl\/index.php?rest_route=%2Fwp%2Fv2%2Fcomments&post=491"}],"version-history":[{"count":2,"href":"http:\/\/duda-dziewierz.pl\/index.php?rest_route=\/wp\/v2\/pages\/491\/revisions"}],"predecessor-version":[{"id":635,"href":"http:\/\/duda-dziewierz.pl\/index.php?rest_route=\/wp\/v2\/pages\/491\/revisions\/635"}],"wp:attachment":[{"href":"http:\/\/duda-dziewierz.pl\/index.php?rest_route=%2Fwp%2Fv2%2Fmedia&parent=491"}],"curies":[{"name":"wp","href":"https:\/\/api.w.org\/{rel}","templated":true}]}}