{"id":483,"date":"2023-06-05T00:09:50","date_gmt":"2023-06-04T22:09:50","guid":{"rendered":"http:\/\/duda-dziewierz.pl\/?page_id=483"},"modified":"2023-12-01T21:58:52","modified_gmt":"2023-12-01T20:58:52","slug":"park-i-obiekty-wokol-zamku","status":"publish","type":"page","link":"http:\/\/duda-dziewierz.pl\/?page_id=483","title":{"rendered":"Park i obiekty wok\u00f3\u0142 Zamku"},"content":{"rendered":"\n<p>W pierwszych latach powojennych ochrona teren\u00f3w zielonych <br>o charakterze zabytkowym podlega\u0142a Rozporz\u0105dzeniu Prezydenta Rzeczypospolitej z 6 marca 1928 r. (zm. 1933 r.) . Zwr\u00f3cono w\u00f3wczas uwag\u0119 \u201ena cz\u0119sto przejawiaj\u0105cy si\u0119 fa\u0142szywy stosunek emocjonalny w\u0142adz terenowych do park\u00f3w, pod wp\u0142ywem kt\u00f3rego daje si\u0119 zauwa\u017cy\u0107 ch\u0119\u0107 do niszczenia tego, co by\u0142o pozosta\u0142o\u015bci\u0105 starego\u201d. (Biul. inf. CZMiOZ&#8221; 1957 nr 11)<\/p>\n\n\n\n<p>Do braku wiedzy dochodzi\u0142 tradycyjnie brak alokacji na ten cel funduszy w bud\u017cetach wojew\u00f3dztw i powiat\u00f3w, oraz ca\u0142kowity brak fachowych przedsi\u0119biorstw, kt\u00f3re mog\u0142yby podj\u0105\u0107 si\u0119 rob\u00f3t porz\u0105dkowych i konserwacyjnych w parkach. \u201eBrak u\u015bwiadomienia, nawet z\u0142a wola, poparta demagogi\u0105 pseudorewolucyjnych hase\u0142 gospodarczo-spo\u0142ecznych by\u0142y cz\u0119sto przyczyn\u0105 zdewastowania wielu warto\u015bciowych za\u0142o\u017ce\u0144 parkowych przez u\u017cytkownik\u00f3w\u201d <br>(\u201eBiul. inf. CZMiOZ&#8221; 1958 nr 16.) <\/p>\n\n\n\n<p>Na tym tle nie dziwi ani powstanie \u201eburaczanego parku\u201d w \u0141a\u0144cucie, ani ogromny wysi\u0142ek organizacyjny i ludzki, jaki trzeba by\u0142o w\u0142o\u017cy\u0107, aby uratowa\u0107 zabytkowy drzewostan.<\/p>\n\n\n\n<div class=\"wp-block-getwid-section alignfull alignfull getwid-section-content-custom-width\"><div class=\"wp-block-getwid-section__wrapper getwid-padding-left-medium getwid-padding-right-medium\"><div class=\"wp-block-getwid-section__inner-wrapper\" style=\"max-width:1140px\"><div class=\"wp-block-getwid-section__background-holder\"><div class=\"wp-block-getwid-section__background\"><\/div><div class=\"wp-block-getwid-section__foreground\"><\/div><\/div><div class=\"wp-block-getwid-section__content\"><div class=\"wp-block-getwid-section__inner-content\">\n<div class=\"wp-block-columns has-2-columns are-vertically-aligned-center is-layout-flex wp-container-core-columns-is-layout-9d6595d7 wp-block-columns-is-layout-flex\">\n<div class=\"wp-block-column is-vertically-aligned-center is-layout-flow wp-block-column-is-layout-flow\">\n<p>Prace konserwatorskie w parku rozpocz\u0119to na wielk\u0105 skal\u0119 ju\u017c w 1954 r. G\u0142\u00f3wnym zadaniem, przy ratowaniu parku w latach 50-tych, by\u0142o zabezpieczenie starych drzew. Do ko\u0144ca lat 60-tych trwa\u0142y prace piel\u0119gnacyjne nad utrzymaniem drzewostanu parkowego. W latach 1965-66 w parku \u0142a\u0144cuckim przeprowadzono nie tylko renowacj\u0119 zieleni otaczaj\u0105cej Zamek w obr\u0119bie fosy. Zagospodarowano r\u00f3wnie\u017c otoczenie budynk\u00f3w, zajmowanych w\u00f3wczas przez biura PGR, kort\u00f3w tenisowych oraz Zameczku Romantycznego. Dokonano nowego obsadzenia ro\u015blinnego przy storczykarni, rozbudowano ca\u0142e zaplecze ogrodnicze (m.in. szklarnie pomocnicze) i stworzono specjalistyczny park maszynowy. <\/p>\n\n\n\n<p>Pe\u0142noformatowe prace renowacyjne w parku rozpocz\u0119to w 1967 r. po wykonaniu, przez Politechnik\u0119 Krakowsk\u0105, dokumentacji technicznej. Podj\u0119to w\u00f3wczas remont 100-letniej alei lipowej otaczaj\u0105cej fos\u0119. Nast\u0119pnie dokonano przebudowy g\u0142\u00f3wnych dr\u00f3g w parku.<\/p>\n<\/div>\n\n\n\n<div class=\"wp-block-column is-vertically-aligned-center is-layout-flow wp-block-column-is-layout-flow\">\n<figure class=\"wp-block-image size-large\"><img loading=\"lazy\" decoding=\"async\" width=\"662\" height=\"1024\" src=\"http:\/\/duda-dziewierz.pl\/wp-content\/uploads\/2023\/06\/po-wichurze-w-parku-ll.50-662x1024.jpg\" alt=\"\" class=\"wp-image-353\" srcset=\"http:\/\/duda-dziewierz.pl\/wp-content\/uploads\/2023\/06\/po-wichurze-w-parku-ll.50-662x1024.jpg 662w, http:\/\/duda-dziewierz.pl\/wp-content\/uploads\/2023\/06\/po-wichurze-w-parku-ll.50-194x300.jpg 194w, http:\/\/duda-dziewierz.pl\/wp-content\/uploads\/2023\/06\/po-wichurze-w-parku-ll.50-768x1187.jpg 768w, http:\/\/duda-dziewierz.pl\/wp-content\/uploads\/2023\/06\/po-wichurze-w-parku-ll.50-994x1536.jpg 994w, http:\/\/duda-dziewierz.pl\/wp-content\/uploads\/2023\/06\/po-wichurze-w-parku-ll.50-1325x2048.jpg 1325w, http:\/\/duda-dziewierz.pl\/wp-content\/uploads\/2023\/06\/po-wichurze-w-parku-ll.50-1568x2424.jpg 1568w, http:\/\/duda-dziewierz.pl\/wp-content\/uploads\/2023\/06\/po-wichurze-w-parku-ll.50-scaled.jpg 1656w\" sizes=\"auto, (max-width: 662px) 100vw, 662px\" \/><figcaption class=\"wp-element-caption\">Ogl\u0119dziny drzew parkowych po wichurze ok 1960 r. <br>fot. z arch. rodzinnego<\/figcaption><\/figure>\n<\/div>\n<\/div>\n<\/div><\/div><\/div><\/div><\/div>\n\n\n\n<div class=\"wp-block-getwid-section alignfull alignfull getwid-section-content-custom-width\"><div class=\"wp-block-getwid-section__wrapper getwid-padding-left-medium getwid-padding-right-medium\"><div class=\"wp-block-getwid-section__inner-wrapper\" style=\"max-width:1140px\"><div class=\"wp-block-getwid-section__background-holder\"><div class=\"wp-block-getwid-section__background\"><\/div><div class=\"wp-block-getwid-section__foreground\"><\/div><\/div><div class=\"wp-block-getwid-section__content\"><div class=\"wp-block-getwid-section__inner-content\">\n<div class=\"wp-block-columns has-2-columns are-vertically-aligned-center is-layout-flex wp-container-core-columns-is-layout-9d6595d7 wp-block-columns-is-layout-flex\">\n<div class=\"wp-block-column is-vertically-aligned-center is-layout-flow wp-block-column-is-layout-flow\">\n<p>Rozdzia\u0142 opowiada o sposobach i efektach zagospodarowania parku i po\u0142o\u017conych w nim obiekt\u00f3w, o uci\u0105\u017cliwo\u015bciach spowodowanych brakiem odporno\u015bci starych drzew na letnie wichury, a tak\u017ce o wielkim sukcesie jakim by\u0142o zorganizowanie w Oran\u017cerii Ogrodu Zimowego: \u201eby\u0142 taki pomys\u0142 pani doktor Baniukiewicz, kt\u00f3ra nam\u00f3wi\u0142a nas aby da\u0107 60 tysi\u0119cy z\u0142otych i ona zrobi Ogr\u00f3d Zimowy w Oran\u017cerii. My\u015bmy nie bardzo wierzyli. No, ale je\u017celi panie co\u015b postanowi\u0105 to oczywi\u015bcie z czasem trzeba ust\u0105pi\u0107. Dali\u015bmy 60 tysi\u0119cy z\u0142otych i powsta\u0142 Ogr\u00f3d Zimowy. Ten Ogr\u00f3d Zimowy daje rocznie oko\u0142o p\u00f3\u0142 miliona dochodu i op\u0142aca wszystkie roboty parkowe i prace konserwatorskie parku\u201d.<\/p>\n<\/div>\n\n\n\n<div class=\"wp-block-column is-vertically-aligned-center is-layout-flow wp-block-column-is-layout-flow\">\n<figure class=\"wp-block-image size-large\"><img loading=\"lazy\" decoding=\"async\" width=\"710\" height=\"1024\" src=\"http:\/\/duda-dziewierz.pl\/wp-content\/uploads\/2023\/06\/Ogrod-zimowy-w-Oranzerii-ok.1967-710x1024.jpg\" alt=\"\" class=\"wp-image-350\" srcset=\"http:\/\/duda-dziewierz.pl\/wp-content\/uploads\/2023\/06\/Ogrod-zimowy-w-Oranzerii-ok.1967-710x1024.jpg 710w, http:\/\/duda-dziewierz.pl\/wp-content\/uploads\/2023\/06\/Ogrod-zimowy-w-Oranzerii-ok.1967-208x300.jpg 208w, http:\/\/duda-dziewierz.pl\/wp-content\/uploads\/2023\/06\/Ogrod-zimowy-w-Oranzerii-ok.1967-768x1108.jpg 768w, http:\/\/duda-dziewierz.pl\/wp-content\/uploads\/2023\/06\/Ogrod-zimowy-w-Oranzerii-ok.1967-1065x1536.jpg 1065w, http:\/\/duda-dziewierz.pl\/wp-content\/uploads\/2023\/06\/Ogrod-zimowy-w-Oranzerii-ok.1967-1420x2048.jpg 1420w, http:\/\/duda-dziewierz.pl\/wp-content\/uploads\/2023\/06\/Ogrod-zimowy-w-Oranzerii-ok.1967-1568x2262.jpg 1568w, http:\/\/duda-dziewierz.pl\/wp-content\/uploads\/2023\/06\/Ogrod-zimowy-w-Oranzerii-ok.1967-scaled.jpg 1775w\" sizes=\"auto, (max-width: 710px) 100vw, 710px\" \/><figcaption class=\"wp-element-caption\">Wn\u0119trze Ogrodu Zimowego w Oran\u017cerii w 1967 r. <br>fot. z archiwum rodzinnego<\/figcaption><\/figure>\n<\/div>\n<\/div>\n<\/div><\/div><\/div><\/div><\/div>\n","protected":false},"excerpt":{"rendered":"<p>W pierwszych latach powojennych ochrona teren\u00f3w zielonych o charakterze zabytkowym podlega\u0142a Rozporz\u0105dzeniu Prezydenta Rzeczypospolitej z 6 marca 1928 r. (zm. 1933 r.) . Zwr\u00f3cono w\u00f3wczas uwag\u0119 \u201ena cz\u0119sto przejawiaj\u0105cy si\u0119 fa\u0142szywy stosunek emocjonalny w\u0142adz terenowych do park\u00f3w, pod wp\u0142ywem kt\u00f3rego daje si\u0119 zauwa\u017cy\u0107 ch\u0119\u0107 do niszczenia tego, co by\u0142o pozosta\u0142o\u015bci\u0105 starego\u201d. (Biul. inf. CZMiOZ&#8221; 1957&hellip; <a class=\"more-link\" href=\"http:\/\/duda-dziewierz.pl\/?page_id=483\">Czytaj dalej <span class=\"screen-reader-text\">Park i obiekty wok\u00f3\u0142 Zamku<\/span><\/a><\/p>\n","protected":false},"author":1,"featured_media":0,"parent":0,"menu_order":0,"comment_status":"closed","ping_status":"closed","template":"","meta":{"footnotes":""},"class_list":["post-483","page","type-page","status-publish","hentry","entry"],"yoast_head":"<!-- This site is optimized with the Yoast SEO plugin v21.6 - https:\/\/yoast.com\/wordpress\/plugins\/seo\/ -->\n<title>Park i obiekty wok\u00f3\u0142 Zamku - Antoni Duda-Dziewierz<\/title>\n<meta name=\"description\" content=\"Ratowanie parku przy Zamku w \u0141a\u0144cucie od 1954, zabezpieczenie starych drzew, 100-letniej alei lipowej, przebudowa alejek, Ogr\u00f3d Zimowy w Oran\u017cerii.\" \/>\n<meta name=\"robots\" content=\"index, follow, max-snippet:-1, max-image-preview:large, max-video-preview:-1\" \/>\n<link rel=\"canonical\" href=\"http:\/\/duda-dziewierz.pl\/?page_id=483\" \/>\n<meta property=\"og:locale\" content=\"pl_PL\" \/>\n<meta property=\"og:type\" content=\"article\" \/>\n<meta property=\"og:title\" content=\"Park i obiekty wok\u00f3\u0142 Zamku - Antoni Duda-Dziewierz\" \/>\n<meta property=\"og:description\" content=\"Ratowanie parku przy Zamku w \u0141a\u0144cucie od 1954, zabezpieczenie starych drzew, 100-letniej alei lipowej, przebudowa alejek, Ogr\u00f3d Zimowy w Oran\u017cerii.\" \/>\n<meta property=\"og:url\" content=\"http:\/\/duda-dziewierz.pl\/?page_id=483\" \/>\n<meta property=\"og:site_name\" content=\"Antoni Duda-Dziewierz\" \/>\n<meta property=\"article:modified_time\" content=\"2023-12-01T20:58:52+00:00\" \/>\n<meta property=\"og:image\" content=\"http:\/\/duda-dziewierz.pl\/wp-content\/uploads\/2023\/06\/po-wichurze-w-parku-ll.50-662x1024.jpg\" \/>\n<meta name=\"twitter:card\" content=\"summary_large_image\" \/>\n<meta name=\"twitter:label1\" content=\"Szacowany czas czytania\" \/>\n\t<meta name=\"twitter:data1\" content=\"3 minuty\" \/>\n<script type=\"application\/ld+json\" class=\"yoast-schema-graph\">{\"@context\":\"https:\/\/schema.org\",\"@graph\":[{\"@type\":\"WebPage\",\"@id\":\"http:\/\/duda-dziewierz.pl\/?page_id=483\",\"url\":\"http:\/\/duda-dziewierz.pl\/?page_id=483\",\"name\":\"Park i obiekty wok\u00f3\u0142 Zamku - Antoni Duda-Dziewierz\",\"isPartOf\":{\"@id\":\"http:\/\/duda-dziewierz.pl\/#website\"},\"datePublished\":\"2023-06-04T22:09:50+00:00\",\"dateModified\":\"2023-12-01T20:58:52+00:00\",\"description\":\"Ratowanie parku przy Zamku w \u0141a\u0144cucie od 1954, zabezpieczenie starych drzew, 100-letniej alei lipowej, przebudowa alejek, Ogr\u00f3d Zimowy w Oran\u017cerii.\",\"breadcrumb\":{\"@id\":\"http:\/\/duda-dziewierz.pl\/?page_id=483#breadcrumb\"},\"inLanguage\":\"pl-PL\",\"potentialAction\":[{\"@type\":\"ReadAction\",\"target\":[\"http:\/\/duda-dziewierz.pl\/?page_id=483\"]}]},{\"@type\":\"BreadcrumbList\",\"@id\":\"http:\/\/duda-dziewierz.pl\/?page_id=483#breadcrumb\",\"itemListElement\":[{\"@type\":\"ListItem\",\"position\":1,\"name\":\"Home\",\"item\":\"http:\/\/duda-dziewierz.pl\/\"},{\"@type\":\"ListItem\",\"position\":2,\"name\":\"Park i obiekty wok\u00f3\u0142 Zamku\"}]},{\"@type\":\"WebSite\",\"@id\":\"http:\/\/duda-dziewierz.pl\/#website\",\"url\":\"http:\/\/duda-dziewierz.pl\/\",\"name\":\"Antoni Duda-Dziewierz\",\"description\":\"\u017cycie i dzia\u0142anie w trudnych czasach\",\"alternateName\":\"Duda-Dziewierz\",\"potentialAction\":[{\"@type\":\"SearchAction\",\"target\":{\"@type\":\"EntryPoint\",\"urlTemplate\":\"http:\/\/duda-dziewierz.pl\/?s={search_term_string}\"},\"query-input\":\"required name=search_term_string\"}],\"inLanguage\":\"pl-PL\"}]}<\/script>\n<!-- \/ Yoast SEO plugin. -->","yoast_head_json":{"title":"Park i obiekty wok\u00f3\u0142 Zamku - Antoni Duda-Dziewierz","description":"Ratowanie parku przy Zamku w \u0141a\u0144cucie od 1954, zabezpieczenie starych drzew, 100-letniej alei lipowej, przebudowa alejek, Ogr\u00f3d Zimowy w Oran\u017cerii.","robots":{"index":"index","follow":"follow","max-snippet":"max-snippet:-1","max-image-preview":"max-image-preview:large","max-video-preview":"max-video-preview:-1"},"canonical":"http:\/\/duda-dziewierz.pl\/?page_id=483","og_locale":"pl_PL","og_type":"article","og_title":"Park i obiekty wok\u00f3\u0142 Zamku - Antoni Duda-Dziewierz","og_description":"Ratowanie parku przy Zamku w \u0141a\u0144cucie od 1954, zabezpieczenie starych drzew, 100-letniej alei lipowej, przebudowa alejek, Ogr\u00f3d Zimowy w Oran\u017cerii.","og_url":"http:\/\/duda-dziewierz.pl\/?page_id=483","og_site_name":"Antoni Duda-Dziewierz","article_modified_time":"2023-12-01T20:58:52+00:00","og_image":[{"url":"http:\/\/duda-dziewierz.pl\/wp-content\/uploads\/2023\/06\/po-wichurze-w-parku-ll.50-662x1024.jpg"}],"twitter_card":"summary_large_image","twitter_misc":{"Szacowany czas czytania":"3 minuty"},"schema":{"@context":"https:\/\/schema.org","@graph":[{"@type":"WebPage","@id":"http:\/\/duda-dziewierz.pl\/?page_id=483","url":"http:\/\/duda-dziewierz.pl\/?page_id=483","name":"Park i obiekty wok\u00f3\u0142 Zamku - Antoni Duda-Dziewierz","isPartOf":{"@id":"http:\/\/duda-dziewierz.pl\/#website"},"datePublished":"2023-06-04T22:09:50+00:00","dateModified":"2023-12-01T20:58:52+00:00","description":"Ratowanie parku przy Zamku w \u0141a\u0144cucie od 1954, zabezpieczenie starych drzew, 100-letniej alei lipowej, przebudowa alejek, Ogr\u00f3d Zimowy w Oran\u017cerii.","breadcrumb":{"@id":"http:\/\/duda-dziewierz.pl\/?page_id=483#breadcrumb"},"inLanguage":"pl-PL","potentialAction":[{"@type":"ReadAction","target":["http:\/\/duda-dziewierz.pl\/?page_id=483"]}]},{"@type":"BreadcrumbList","@id":"http:\/\/duda-dziewierz.pl\/?page_id=483#breadcrumb","itemListElement":[{"@type":"ListItem","position":1,"name":"Home","item":"http:\/\/duda-dziewierz.pl\/"},{"@type":"ListItem","position":2,"name":"Park i obiekty wok\u00f3\u0142 Zamku"}]},{"@type":"WebSite","@id":"http:\/\/duda-dziewierz.pl\/#website","url":"http:\/\/duda-dziewierz.pl\/","name":"Antoni Duda-Dziewierz","description":"\u017cycie i dzia\u0142anie w trudnych czasach","alternateName":"Duda-Dziewierz","potentialAction":[{"@type":"SearchAction","target":{"@type":"EntryPoint","urlTemplate":"http:\/\/duda-dziewierz.pl\/?s={search_term_string}"},"query-input":"required name=search_term_string"}],"inLanguage":"pl-PL"}]}},"_links":{"self":[{"href":"http:\/\/duda-dziewierz.pl\/index.php?rest_route=\/wp\/v2\/pages\/483","targetHints":{"allow":["GET"]}}],"collection":[{"href":"http:\/\/duda-dziewierz.pl\/index.php?rest_route=\/wp\/v2\/pages"}],"about":[{"href":"http:\/\/duda-dziewierz.pl\/index.php?rest_route=\/wp\/v2\/types\/page"}],"author":[{"embeddable":true,"href":"http:\/\/duda-dziewierz.pl\/index.php?rest_route=\/wp\/v2\/users\/1"}],"replies":[{"embeddable":true,"href":"http:\/\/duda-dziewierz.pl\/index.php?rest_route=%2Fwp%2Fv2%2Fcomments&post=483"}],"version-history":[{"count":2,"href":"http:\/\/duda-dziewierz.pl\/index.php?rest_route=\/wp\/v2\/pages\/483\/revisions"}],"predecessor-version":[{"id":633,"href":"http:\/\/duda-dziewierz.pl\/index.php?rest_route=\/wp\/v2\/pages\/483\/revisions\/633"}],"wp:attachment":[{"href":"http:\/\/duda-dziewierz.pl\/index.php?rest_route=%2Fwp%2Fv2%2Fmedia&parent=483"}],"curies":[{"name":"wp","href":"https:\/\/api.w.org\/{rel}","templated":true}]}}