{"id":477,"date":"2023-06-05T00:01:22","date_gmt":"2023-06-04T22:01:22","guid":{"rendered":"http:\/\/duda-dziewierz.pl\/?page_id=477"},"modified":"2023-12-01T22:20:05","modified_gmt":"2023-12-01T21:20:05","slug":"ratowanie-sztuki-cerkiewnej-czyli-skladnica-zabytkow-ruchomych","status":"publish","type":"page","link":"http:\/\/duda-dziewierz.pl\/?page_id=477","title":{"rendered":"Ratowanie sztuki cerkiewnej czyli Sk\u0142adnica Zabytk\u00f3w Ruchomych"},"content":{"rendered":"\n<p>Utworzenie zbioru sztuki cerkiewnej przy Muzeum w \u0141a\u0144cucie pozwoli\u0142o ochroni\u0107 wiele cennych dzie\u0142 sztuki. Po masowych akcjach przesiedle\u0144czych ludno\u015bci, na terenie po\u0142udniowo wschodniej Polski zosta\u0142o wiele opuszczonych \u015bwi\u0105ty\u0144 wschodniego obrz\u0105dku. W\u0142adze PRL celowo zaniedbywa\u0142y i nara\u017ca\u0142y na zniszczenie cerkwie wraz <br>z wyposa\u017ceniem. \u201eNiestety, w oczach komunistycznych w\u0142adz ta cz\u0119\u015b\u0107 dziedzictwa kulturowego wielonarodowej Rzeczypospolitej nie zas\u0142ugiwa\u0142a na ochron\u0119. Rozpocz\u0105\u0142 si\u0119 kilkudziesi\u0119cioletni okres \u015bwiadomego niszczenia zabytk\u00f3w sztuki religijnej\u2026..<\/p>\n\n\n\n<p><\/p>\n\n\n\n<div class=\"wp-block-getwid-section alignfull alignfull getwid-section-content-custom-width\"><div class=\"wp-block-getwid-section__wrapper getwid-padding-left-medium getwid-padding-right-medium\"><div class=\"wp-block-getwid-section__inner-wrapper\" style=\"max-width:1140px\"><div class=\"wp-block-getwid-section__background-holder\"><div class=\"wp-block-getwid-section__background\"><\/div><div class=\"wp-block-getwid-section__foreground\"><\/div><\/div><div class=\"wp-block-getwid-section__content\"><div class=\"wp-block-getwid-section__inner-content\">\n<div class=\"wp-block-columns has-2-columns are-vertically-aligned-center is-layout-flex wp-container-core-columns-is-layout-9d6595d7 wp-block-columns-is-layout-flex\">\n<div class=\"wp-block-column is-vertically-aligned-center is-layout-flow wp-block-column-is-layout-flow\">\n<p>W Muzeum w \u0141a\u0144cucie utworzono w 1961 r. Wojew\u00f3dzk\u0105 Sk\u0142adnic\u0119 Zabytk\u00f3w Ruchomych.<\/p>\n\n\n\n<p>Zadaniem Sk\u0142adnicy by\u0142o gromadzenie <br>i przechowywanie zagro\u017conych zniszczeniem zabytk\u00f3w z regionu obejmuj\u0105cego teren wojew\u00f3dztwa rzeszowskiego.<\/p>\n\n\n\n<p>Wyposa\u017cenie cerkwi zwo\u017cono i magazynowano <br>w r\u00f3\u017cnych miejscach Muzeum ju\u017c od 1960 r. Od lipca tego roku dzia\u0142a\u0142a bowiem w Muzeum Pracownia Konserwacji Zabytk\u00f3w. Obiekty pozyskiwano dzi\u0119ki akcji zabezpieczania nieu\u017cytkowanych cerkwi na po\u0142udniowo-wschodnim terytorium dawnego wojew\u00f3dztwa rzeszowskiego.<\/p>\n\n\n\n<p>O przebiegu tych dzia\u0142a\u0144, o trudach gromadzenia wyposa\u017cenia cerkiewnego i ofiarnej pracy pracownik\u00f3w muzealnych, dzi\u0119ki kt\u00f3rym kolekcja uleg\u0142a stopniowemu powi\u0119kszaniu, a tak\u017ce o politycznych aspektach tego przedsi\u0119wzi\u0119cia opowiedziano w rozdziale.<\/p>\n<\/div>\n\n\n\n<div class=\"wp-block-column is-vertically-aligned-center is-layout-flow wp-block-column-is-layout-flow\">\n<figure class=\"wp-block-image size-large is-resized\"><img loading=\"lazy\" decoding=\"async\" src=\"http:\/\/duda-dziewierz.pl\/wp-content\/uploads\/2023\/06\/ikony26215SZRret-1024x823.jpg\" alt=\"\" class=\"wp-image-478\" width=\"489\" height=\"393\" srcset=\"http:\/\/duda-dziewierz.pl\/wp-content\/uploads\/2023\/06\/ikony26215SZRret-1024x823.jpg 1024w, http:\/\/duda-dziewierz.pl\/wp-content\/uploads\/2023\/06\/ikony26215SZRret-300x241.jpg 300w, http:\/\/duda-dziewierz.pl\/wp-content\/uploads\/2023\/06\/ikony26215SZRret-768x617.jpg 768w, http:\/\/duda-dziewierz.pl\/wp-content\/uploads\/2023\/06\/ikony26215SZRret-1536x1234.jpg 1536w, http:\/\/duda-dziewierz.pl\/wp-content\/uploads\/2023\/06\/ikony26215SZRret-2048x1645.jpg 2048w, http:\/\/duda-dziewierz.pl\/wp-content\/uploads\/2023\/06\/ikony26215SZRret-1568x1260.jpg 1568w\" sizes=\"auto, (max-width: 489px) 100vw, 489px\" \/><figcaption class=\"wp-element-caption\">Sk\u0142adnica Zabytk\u00f3w Ruchomych ok 1970 r. <br>z arch. Muzeum-Zamek w \u0141a\u0144cucie<\/figcaption><\/figure>\n<\/div>\n<\/div>\n<\/div><\/div><\/div><\/div><\/div>\n","protected":false},"excerpt":{"rendered":"<p>Utworzenie zbioru sztuki cerkiewnej przy Muzeum w \u0141a\u0144cucie pozwoli\u0142o ochroni\u0107 wiele cennych dzie\u0142 sztuki. Po masowych akcjach przesiedle\u0144czych ludno\u015bci, na terenie po\u0142udniowo wschodniej Polski zosta\u0142o wiele opuszczonych \u015bwi\u0105ty\u0144 wschodniego obrz\u0105dku. W\u0142adze PRL celowo zaniedbywa\u0142y i nara\u017ca\u0142y na zniszczenie cerkwie wraz z wyposa\u017ceniem. \u201eNiestety, w oczach komunistycznych w\u0142adz ta cz\u0119\u015b\u0107 dziedzictwa kulturowego wielonarodowej Rzeczypospolitej nie zas\u0142ugiwa\u0142a&hellip; <a class=\"more-link\" href=\"http:\/\/duda-dziewierz.pl\/?page_id=477\">Czytaj dalej <span class=\"screen-reader-text\">Ratowanie sztuki cerkiewnej czyli Sk\u0142adnica Zabytk\u00f3w Ruchomych<\/span><\/a><\/p>\n","protected":false},"author":1,"featured_media":0,"parent":0,"menu_order":0,"comment_status":"closed","ping_status":"closed","template":"","meta":{"footnotes":""},"class_list":["post-477","page","type-page","status-publish","hentry","entry"],"yoast_head":"<!-- This site is optimized with the Yoast SEO plugin v21.6 - https:\/\/yoast.com\/wordpress\/plugins\/seo\/ -->\n<title>Ratowanie sztuki cerkiewnej czyli Sk\u0142adnica Zabytk\u00f3w Ruchomych - Antoni Duda-Dziewierz<\/title>\n<meta name=\"description\" content=\"1961 - Utworzenie zbioru sztuki cerkiewnej przy Muzeum w \u0141a\u0144cucie - Wojew\u00f3dzka Sk\u0142adnica Zabytk\u00f3w Ruchomych, zwo\u017cenie i konserwacja wyposa\u017cenia cerkwi.\" \/>\n<meta name=\"robots\" content=\"index, follow, max-snippet:-1, max-image-preview:large, max-video-preview:-1\" \/>\n<link rel=\"canonical\" href=\"http:\/\/duda-dziewierz.pl\/?page_id=477\" \/>\n<meta property=\"og:locale\" content=\"pl_PL\" \/>\n<meta property=\"og:type\" content=\"article\" \/>\n<meta property=\"og:title\" content=\"Ratowanie sztuki cerkiewnej czyli Sk\u0142adnica Zabytk\u00f3w Ruchomych - Antoni Duda-Dziewierz\" \/>\n<meta property=\"og:description\" content=\"1961 - Utworzenie zbioru sztuki cerkiewnej przy Muzeum w \u0141a\u0144cucie - Wojew\u00f3dzka Sk\u0142adnica Zabytk\u00f3w Ruchomych, zwo\u017cenie i konserwacja wyposa\u017cenia cerkwi.\" \/>\n<meta property=\"og:url\" content=\"http:\/\/duda-dziewierz.pl\/?page_id=477\" \/>\n<meta property=\"og:site_name\" content=\"Antoni Duda-Dziewierz\" \/>\n<meta property=\"article:modified_time\" content=\"2023-12-01T21:20:05+00:00\" \/>\n<meta property=\"og:image\" content=\"http:\/\/duda-dziewierz.pl\/wp-content\/uploads\/2023\/06\/ikony26215SZRret-1024x823.jpg\" \/>\n<meta name=\"twitter:card\" content=\"summary_large_image\" \/>\n<meta name=\"twitter:label1\" content=\"Szacowany czas czytania\" \/>\n\t<meta name=\"twitter:data1\" content=\"2 minuty\" \/>\n<script type=\"application\/ld+json\" class=\"yoast-schema-graph\">{\"@context\":\"https:\/\/schema.org\",\"@graph\":[{\"@type\":\"WebPage\",\"@id\":\"http:\/\/duda-dziewierz.pl\/?page_id=477\",\"url\":\"http:\/\/duda-dziewierz.pl\/?page_id=477\",\"name\":\"Ratowanie sztuki cerkiewnej czyli Sk\u0142adnica Zabytk\u00f3w Ruchomych - Antoni Duda-Dziewierz\",\"isPartOf\":{\"@id\":\"http:\/\/duda-dziewierz.pl\/#website\"},\"datePublished\":\"2023-06-04T22:01:22+00:00\",\"dateModified\":\"2023-12-01T21:20:05+00:00\",\"description\":\"1961 - Utworzenie zbioru sztuki cerkiewnej przy Muzeum w \u0141a\u0144cucie - Wojew\u00f3dzka Sk\u0142adnica Zabytk\u00f3w Ruchomych, zwo\u017cenie i konserwacja wyposa\u017cenia cerkwi.\",\"breadcrumb\":{\"@id\":\"http:\/\/duda-dziewierz.pl\/?page_id=477#breadcrumb\"},\"inLanguage\":\"pl-PL\",\"potentialAction\":[{\"@type\":\"ReadAction\",\"target\":[\"http:\/\/duda-dziewierz.pl\/?page_id=477\"]}]},{\"@type\":\"BreadcrumbList\",\"@id\":\"http:\/\/duda-dziewierz.pl\/?page_id=477#breadcrumb\",\"itemListElement\":[{\"@type\":\"ListItem\",\"position\":1,\"name\":\"Home\",\"item\":\"http:\/\/duda-dziewierz.pl\/\"},{\"@type\":\"ListItem\",\"position\":2,\"name\":\"Ratowanie sztuki cerkiewnej czyli Sk\u0142adnica Zabytk\u00f3w Ruchomych\"}]},{\"@type\":\"WebSite\",\"@id\":\"http:\/\/duda-dziewierz.pl\/#website\",\"url\":\"http:\/\/duda-dziewierz.pl\/\",\"name\":\"Antoni Duda-Dziewierz\",\"description\":\"\u017cycie i dzia\u0142anie w trudnych czasach\",\"alternateName\":\"Duda-Dziewierz\",\"potentialAction\":[{\"@type\":\"SearchAction\",\"target\":{\"@type\":\"EntryPoint\",\"urlTemplate\":\"http:\/\/duda-dziewierz.pl\/?s={search_term_string}\"},\"query-input\":\"required name=search_term_string\"}],\"inLanguage\":\"pl-PL\"}]}<\/script>\n<!-- \/ Yoast SEO plugin. -->","yoast_head_json":{"title":"Ratowanie sztuki cerkiewnej czyli Sk\u0142adnica Zabytk\u00f3w Ruchomych - Antoni Duda-Dziewierz","description":"1961 - Utworzenie zbioru sztuki cerkiewnej przy Muzeum w \u0141a\u0144cucie - Wojew\u00f3dzka Sk\u0142adnica Zabytk\u00f3w Ruchomych, zwo\u017cenie i konserwacja wyposa\u017cenia cerkwi.","robots":{"index":"index","follow":"follow","max-snippet":"max-snippet:-1","max-image-preview":"max-image-preview:large","max-video-preview":"max-video-preview:-1"},"canonical":"http:\/\/duda-dziewierz.pl\/?page_id=477","og_locale":"pl_PL","og_type":"article","og_title":"Ratowanie sztuki cerkiewnej czyli Sk\u0142adnica Zabytk\u00f3w Ruchomych - Antoni Duda-Dziewierz","og_description":"1961 - Utworzenie zbioru sztuki cerkiewnej przy Muzeum w \u0141a\u0144cucie - Wojew\u00f3dzka Sk\u0142adnica Zabytk\u00f3w Ruchomych, zwo\u017cenie i konserwacja wyposa\u017cenia cerkwi.","og_url":"http:\/\/duda-dziewierz.pl\/?page_id=477","og_site_name":"Antoni Duda-Dziewierz","article_modified_time":"2023-12-01T21:20:05+00:00","og_image":[{"url":"http:\/\/duda-dziewierz.pl\/wp-content\/uploads\/2023\/06\/ikony26215SZRret-1024x823.jpg"}],"twitter_card":"summary_large_image","twitter_misc":{"Szacowany czas czytania":"2 minuty"},"schema":{"@context":"https:\/\/schema.org","@graph":[{"@type":"WebPage","@id":"http:\/\/duda-dziewierz.pl\/?page_id=477","url":"http:\/\/duda-dziewierz.pl\/?page_id=477","name":"Ratowanie sztuki cerkiewnej czyli Sk\u0142adnica Zabytk\u00f3w Ruchomych - Antoni Duda-Dziewierz","isPartOf":{"@id":"http:\/\/duda-dziewierz.pl\/#website"},"datePublished":"2023-06-04T22:01:22+00:00","dateModified":"2023-12-01T21:20:05+00:00","description":"1961 - Utworzenie zbioru sztuki cerkiewnej przy Muzeum w \u0141a\u0144cucie - Wojew\u00f3dzka Sk\u0142adnica Zabytk\u00f3w Ruchomych, zwo\u017cenie i konserwacja wyposa\u017cenia cerkwi.","breadcrumb":{"@id":"http:\/\/duda-dziewierz.pl\/?page_id=477#breadcrumb"},"inLanguage":"pl-PL","potentialAction":[{"@type":"ReadAction","target":["http:\/\/duda-dziewierz.pl\/?page_id=477"]}]},{"@type":"BreadcrumbList","@id":"http:\/\/duda-dziewierz.pl\/?page_id=477#breadcrumb","itemListElement":[{"@type":"ListItem","position":1,"name":"Home","item":"http:\/\/duda-dziewierz.pl\/"},{"@type":"ListItem","position":2,"name":"Ratowanie sztuki cerkiewnej czyli Sk\u0142adnica Zabytk\u00f3w Ruchomych"}]},{"@type":"WebSite","@id":"http:\/\/duda-dziewierz.pl\/#website","url":"http:\/\/duda-dziewierz.pl\/","name":"Antoni Duda-Dziewierz","description":"\u017cycie i dzia\u0142anie w trudnych czasach","alternateName":"Duda-Dziewierz","potentialAction":[{"@type":"SearchAction","target":{"@type":"EntryPoint","urlTemplate":"http:\/\/duda-dziewierz.pl\/?s={search_term_string}"},"query-input":"required name=search_term_string"}],"inLanguage":"pl-PL"}]}},"_links":{"self":[{"href":"http:\/\/duda-dziewierz.pl\/index.php?rest_route=\/wp\/v2\/pages\/477","targetHints":{"allow":["GET"]}}],"collection":[{"href":"http:\/\/duda-dziewierz.pl\/index.php?rest_route=\/wp\/v2\/pages"}],"about":[{"href":"http:\/\/duda-dziewierz.pl\/index.php?rest_route=\/wp\/v2\/types\/page"}],"author":[{"embeddable":true,"href":"http:\/\/duda-dziewierz.pl\/index.php?rest_route=\/wp\/v2\/users\/1"}],"replies":[{"embeddable":true,"href":"http:\/\/duda-dziewierz.pl\/index.php?rest_route=%2Fwp%2Fv2%2Fcomments&post=477"}],"version-history":[{"count":2,"href":"http:\/\/duda-dziewierz.pl\/index.php?rest_route=\/wp\/v2\/pages\/477\/revisions"}],"predecessor-version":[{"id":637,"href":"http:\/\/duda-dziewierz.pl\/index.php?rest_route=\/wp\/v2\/pages\/477\/revisions\/637"}],"wp:attachment":[{"href":"http:\/\/duda-dziewierz.pl\/index.php?rest_route=%2Fwp%2Fv2%2Fmedia&parent=477"}],"curies":[{"name":"wp","href":"https:\/\/api.w.org\/{rel}","templated":true}]}}