{"id":472,"date":"2023-06-04T23:55:12","date_gmt":"2023-06-04T21:55:12","guid":{"rendered":"http:\/\/duda-dziewierz.pl\/?page_id=472"},"modified":"2023-12-01T23:43:29","modified_gmt":"2023-12-01T22:43:29","slug":"dzialania-naukowo-oswiatowe","status":"publish","type":"page","link":"http:\/\/duda-dziewierz.pl\/?page_id=472","title":{"rendered":"Dzia\u0142ania naukowo-o\u015bwiatowe"},"content":{"rendered":"\n<p>W rozdziale om\u00f3wiono temat \u201espo\u0142eczno-o\u015bwiatowej roli muze\u00f3w\u201d, czyli zada\u0144 muzealnej s\u0142u\u017cby spo\u0142eczno-o\u015bwiatowej <br>w upowszechnianiu wiedzy o muzeach, ich popularyzacji <br>w spo\u0142ecze\u0144stwie, organizacji oprowadzania i regulacji frekwencji muzealnej.<\/p>\n\n\n\n<p>Odniesiono si\u0119 do kwestii nieporozumie\u0144 i napi\u0119\u0107, jakie istnia\u0142y pomi\u0119dzy pracownikami dzia\u0142\u00f3w naukowo-badawczych <br>a pracownikami o\u015bwiatowymi.<\/p>\n\n\n\n<p>\u2026. zar\u00f3wno formy dzia\u0142ania jak i zakres oddzia\u0142ywania s\u0142u\u017cb o\u015bwiatowych w muzeach by\u0142 niesatysfakcjonuj\u0105cy i nie potrafiono sobie poradzi\u0107 z licznymi mankamentami funkcjonowania tych zespo\u0142\u00f3w powo\u0142anych do popularyzowania i uatrakcyjniania oferty muzealnej, ale te\u017c edukowania spo\u0142ecze\u0144stwa, propagowania kultury i rozwijania potrzeb tzw. \u201ekultury wysokiej\u201d. Starano si\u0119 w\u0142\u0105czy\u0107 w t\u0119 aktywno\u015b\u0107 konserwator\u00f3w zabytk\u00f3w, muzealnik\u00f3w, zainteresowa\u0107 dzia\u0142y naukowe muze\u00f3w wsp\u00f3\u0142prac\u0105 z \u201eo\u015bwiatowcami\u201d w tym obszarze . Sz\u0142o to opornie. Pr\u00f3bowano zatem rozwija\u0107 specjalizowane muzea przyrodnicze i techniczne, promowa\u0107 dzia\u0142y historyczne muze\u00f3w istniej\u0105cych, zwi\u0119ksza\u0107 ilo\u015b\u0107 wystaw wszelkiego rodzaju, nawi\u0105zywa\u0107 wsp\u00f3\u0142prac\u0119 z instytucjami i organizacjami regionalnymi (w szczeg\u00f3lno\u015bci PTTK), kt\u00f3re mog\u0142yby wspiera\u0107 akcje o\u015bwiatowe w muzeach. Dok\u0142adano stara\u0144, aby zainteresowa\u0107 m\u0142odzie\u017c, werbowa\u0107 kolejnych spo\u0142ecznych opiekun\u00f3w zabytk\u00f3w, wyznacza\u0107 nowe szlaki turystyczne w regionach i zwi\u0119ksza\u0107 nat\u0119\u017cenie akcji informacyjnych o zabytkach. Centralny Zarz\u0105d Muze\u00f3w wyra\u017ca\u0142 pogl\u0105d, \u017ce pracownicy dzia\u0142\u00f3w o\u015bwiatowych powinni by\u0107 promowani z uwagi na poziom ich wykszta\u0142cenia i dorobek naukowy\u2026.<\/p>\n\n\n\n<p><\/p>\n\n\n\n<p><\/p>\n\n\n\n<div class=\"wp-block-getwid-section alignfull alignfull getwid-section-content-custom-width\"><div class=\"wp-block-getwid-section__wrapper getwid-padding-left-medium getwid-padding-right-medium\"><div class=\"wp-block-getwid-section__inner-wrapper\" style=\"max-width:1140px\"><div class=\"wp-block-getwid-section__background-holder\"><div class=\"wp-block-getwid-section__background\"><\/div><div class=\"wp-block-getwid-section__foreground\"><\/div><\/div><div class=\"wp-block-getwid-section__content\"><div class=\"wp-block-getwid-section__inner-content\">\n<div class=\"wp-block-columns has-2-columns are-vertically-aligned-center is-layout-flex wp-container-core-columns-is-layout-9d6595d7 wp-block-columns-is-layout-flex\">\n<div class=\"wp-block-column is-vertically-aligned-center is-layout-flow wp-block-column-is-layout-flow\">\n<p>W rozdziale przywo\u0142ano m.in. akcj\u0119 \u201eMuzea-Uniwersytetami Kultury\u201d oraz wydarzenia \u201eRoku Muzealnego\u201d 1967\/1968. Szczeg\u00f3\u0142owo opisano zaanga\u017cowanie Muzeum w \u0141a\u0144cucie w te kampanie. Przedstawiono najwa\u017cniejsze filmy, wystawy oraz publikacje z \u0142a\u0144cuckiego Muzeum zrealizowane w tym okresie.<\/p>\n<\/div>\n\n\n\n<div class=\"wp-block-column is-vertically-aligned-center is-layout-flow wp-block-column-is-layout-flow\">\n<figure class=\"wp-block-image size-large\"><img loading=\"lazy\" decoding=\"async\" width=\"1018\" height=\"1024\" src=\"http:\/\/duda-dziewierz.pl\/wp-content\/uploads\/2023\/06\/w-bibliotece-zamkowej-1018x1024.jpg\" alt=\"\" class=\"wp-image-473\" srcset=\"http:\/\/duda-dziewierz.pl\/wp-content\/uploads\/2023\/06\/w-bibliotece-zamkowej-1018x1024.jpg 1018w, http:\/\/duda-dziewierz.pl\/wp-content\/uploads\/2023\/06\/w-bibliotece-zamkowej-298x300.jpg 298w, http:\/\/duda-dziewierz.pl\/wp-content\/uploads\/2023\/06\/w-bibliotece-zamkowej-150x150.jpg 150w, http:\/\/duda-dziewierz.pl\/wp-content\/uploads\/2023\/06\/w-bibliotece-zamkowej-768x773.jpg 768w, http:\/\/duda-dziewierz.pl\/wp-content\/uploads\/2023\/06\/w-bibliotece-zamkowej-1527x1536.jpg 1527w, http:\/\/duda-dziewierz.pl\/wp-content\/uploads\/2023\/06\/w-bibliotece-zamkowej-2035x2048.jpg 2035w, http:\/\/duda-dziewierz.pl\/wp-content\/uploads\/2023\/06\/w-bibliotece-zamkowej-1568x1578.jpg 1568w\" sizes=\"auto, (max-width: 1018px) 100vw, 1018px\" \/><figcaption class=\"wp-element-caption\">Biblioteka Muzeum Zamku w \u0141a\u0144cucie ok. 1970 r. <br>fot. archiwum rodzinne<\/figcaption><\/figure>\n<\/div>\n<\/div>\n<\/div><\/div><\/div><\/div><\/div>\n","protected":false},"excerpt":{"rendered":"<p>W rozdziale om\u00f3wiono temat \u201espo\u0142eczno-o\u015bwiatowej roli muze\u00f3w\u201d, czyli zada\u0144 muzealnej s\u0142u\u017cby spo\u0142eczno-o\u015bwiatowej w upowszechnianiu wiedzy o muzeach, ich popularyzacji w spo\u0142ecze\u0144stwie, organizacji oprowadzania i regulacji frekwencji muzealnej. Odniesiono si\u0119 do kwestii nieporozumie\u0144 i napi\u0119\u0107, jakie istnia\u0142y pomi\u0119dzy pracownikami dzia\u0142\u00f3w naukowo-badawczych a pracownikami o\u015bwiatowymi. \u2026. zar\u00f3wno formy dzia\u0142ania jak i zakres oddzia\u0142ywania s\u0142u\u017cb o\u015bwiatowych w muzeach&hellip; <a class=\"more-link\" href=\"http:\/\/duda-dziewierz.pl\/?page_id=472\">Czytaj dalej <span class=\"screen-reader-text\">Dzia\u0142ania naukowo-o\u015bwiatowe<\/span><\/a><\/p>\n","protected":false},"author":1,"featured_media":0,"parent":0,"menu_order":0,"comment_status":"closed","ping_status":"closed","template":"","meta":{"footnotes":""},"class_list":["post-472","page","type-page","status-publish","hentry","entry"],"yoast_head":"<!-- This site is optimized with the Yoast SEO plugin v21.6 - https:\/\/yoast.com\/wordpress\/plugins\/seo\/ -->\n<title>Dzia\u0142ania naukowo-o\u015bwiatowe - Antoni Duda-Dziewierz<\/title>\n<meta name=\"description\" content=\"Zaanga\u017cowanie Muzeum w \u0141a\u0144cucie w dzia\u0142ania o\u015bwiatowe. Przedstawiono najwa\u017cniejsze filmy, wystawy publikacje zrealizowane w latach 1953-1972.\" \/>\n<meta name=\"robots\" content=\"index, follow, max-snippet:-1, max-image-preview:large, max-video-preview:-1\" \/>\n<link rel=\"canonical\" href=\"http:\/\/duda-dziewierz.pl\/?page_id=472\" \/>\n<meta property=\"og:locale\" content=\"pl_PL\" \/>\n<meta property=\"og:type\" content=\"article\" \/>\n<meta property=\"og:title\" content=\"Dzia\u0142ania naukowo-o\u015bwiatowe - Antoni Duda-Dziewierz\" \/>\n<meta property=\"og:description\" content=\"Zaanga\u017cowanie Muzeum w \u0141a\u0144cucie w dzia\u0142ania o\u015bwiatowe. Przedstawiono najwa\u017cniejsze filmy, wystawy publikacje zrealizowane w latach 1953-1972.\" \/>\n<meta property=\"og:url\" content=\"http:\/\/duda-dziewierz.pl\/?page_id=472\" \/>\n<meta property=\"og:site_name\" content=\"Antoni Duda-Dziewierz\" \/>\n<meta property=\"article:modified_time\" content=\"2023-12-01T22:43:29+00:00\" \/>\n<meta property=\"og:image\" content=\"http:\/\/duda-dziewierz.pl\/wp-content\/uploads\/2023\/06\/w-bibliotece-zamkowej-1018x1024.jpg\" \/>\n<meta name=\"twitter:card\" content=\"summary_large_image\" \/>\n<meta name=\"twitter:label1\" content=\"Szacowany czas czytania\" \/>\n\t<meta name=\"twitter:data1\" content=\"2 minuty\" \/>\n<script type=\"application\/ld+json\" class=\"yoast-schema-graph\">{\"@context\":\"https:\/\/schema.org\",\"@graph\":[{\"@type\":\"WebPage\",\"@id\":\"http:\/\/duda-dziewierz.pl\/?page_id=472\",\"url\":\"http:\/\/duda-dziewierz.pl\/?page_id=472\",\"name\":\"Dzia\u0142ania naukowo-o\u015bwiatowe - Antoni Duda-Dziewierz\",\"isPartOf\":{\"@id\":\"http:\/\/duda-dziewierz.pl\/#website\"},\"datePublished\":\"2023-06-04T21:55:12+00:00\",\"dateModified\":\"2023-12-01T22:43:29+00:00\",\"description\":\"Zaanga\u017cowanie Muzeum w \u0141a\u0144cucie w dzia\u0142ania o\u015bwiatowe. Przedstawiono najwa\u017cniejsze filmy, wystawy publikacje zrealizowane w latach 1953-1972.\",\"breadcrumb\":{\"@id\":\"http:\/\/duda-dziewierz.pl\/?page_id=472#breadcrumb\"},\"inLanguage\":\"pl-PL\",\"potentialAction\":[{\"@type\":\"ReadAction\",\"target\":[\"http:\/\/duda-dziewierz.pl\/?page_id=472\"]}]},{\"@type\":\"BreadcrumbList\",\"@id\":\"http:\/\/duda-dziewierz.pl\/?page_id=472#breadcrumb\",\"itemListElement\":[{\"@type\":\"ListItem\",\"position\":1,\"name\":\"Home\",\"item\":\"http:\/\/duda-dziewierz.pl\/\"},{\"@type\":\"ListItem\",\"position\":2,\"name\":\"Dzia\u0142ania naukowo-o\u015bwiatowe\"}]},{\"@type\":\"WebSite\",\"@id\":\"http:\/\/duda-dziewierz.pl\/#website\",\"url\":\"http:\/\/duda-dziewierz.pl\/\",\"name\":\"Antoni Duda-Dziewierz\",\"description\":\"\u017cycie i dzia\u0142anie w trudnych czasach\",\"alternateName\":\"Duda-Dziewierz\",\"potentialAction\":[{\"@type\":\"SearchAction\",\"target\":{\"@type\":\"EntryPoint\",\"urlTemplate\":\"http:\/\/duda-dziewierz.pl\/?s={search_term_string}\"},\"query-input\":\"required name=search_term_string\"}],\"inLanguage\":\"pl-PL\"}]}<\/script>\n<!-- \/ Yoast SEO plugin. -->","yoast_head_json":{"title":"Dzia\u0142ania naukowo-o\u015bwiatowe - Antoni Duda-Dziewierz","description":"Zaanga\u017cowanie Muzeum w \u0141a\u0144cucie w dzia\u0142ania o\u015bwiatowe. Przedstawiono najwa\u017cniejsze filmy, wystawy publikacje zrealizowane w latach 1953-1972.","robots":{"index":"index","follow":"follow","max-snippet":"max-snippet:-1","max-image-preview":"max-image-preview:large","max-video-preview":"max-video-preview:-1"},"canonical":"http:\/\/duda-dziewierz.pl\/?page_id=472","og_locale":"pl_PL","og_type":"article","og_title":"Dzia\u0142ania naukowo-o\u015bwiatowe - Antoni Duda-Dziewierz","og_description":"Zaanga\u017cowanie Muzeum w \u0141a\u0144cucie w dzia\u0142ania o\u015bwiatowe. Przedstawiono najwa\u017cniejsze filmy, wystawy publikacje zrealizowane w latach 1953-1972.","og_url":"http:\/\/duda-dziewierz.pl\/?page_id=472","og_site_name":"Antoni Duda-Dziewierz","article_modified_time":"2023-12-01T22:43:29+00:00","og_image":[{"url":"http:\/\/duda-dziewierz.pl\/wp-content\/uploads\/2023\/06\/w-bibliotece-zamkowej-1018x1024.jpg"}],"twitter_card":"summary_large_image","twitter_misc":{"Szacowany czas czytania":"2 minuty"},"schema":{"@context":"https:\/\/schema.org","@graph":[{"@type":"WebPage","@id":"http:\/\/duda-dziewierz.pl\/?page_id=472","url":"http:\/\/duda-dziewierz.pl\/?page_id=472","name":"Dzia\u0142ania naukowo-o\u015bwiatowe - Antoni Duda-Dziewierz","isPartOf":{"@id":"http:\/\/duda-dziewierz.pl\/#website"},"datePublished":"2023-06-04T21:55:12+00:00","dateModified":"2023-12-01T22:43:29+00:00","description":"Zaanga\u017cowanie Muzeum w \u0141a\u0144cucie w dzia\u0142ania o\u015bwiatowe. Przedstawiono najwa\u017cniejsze filmy, wystawy publikacje zrealizowane w latach 1953-1972.","breadcrumb":{"@id":"http:\/\/duda-dziewierz.pl\/?page_id=472#breadcrumb"},"inLanguage":"pl-PL","potentialAction":[{"@type":"ReadAction","target":["http:\/\/duda-dziewierz.pl\/?page_id=472"]}]},{"@type":"BreadcrumbList","@id":"http:\/\/duda-dziewierz.pl\/?page_id=472#breadcrumb","itemListElement":[{"@type":"ListItem","position":1,"name":"Home","item":"http:\/\/duda-dziewierz.pl\/"},{"@type":"ListItem","position":2,"name":"Dzia\u0142ania naukowo-o\u015bwiatowe"}]},{"@type":"WebSite","@id":"http:\/\/duda-dziewierz.pl\/#website","url":"http:\/\/duda-dziewierz.pl\/","name":"Antoni Duda-Dziewierz","description":"\u017cycie i dzia\u0142anie w trudnych czasach","alternateName":"Duda-Dziewierz","potentialAction":[{"@type":"SearchAction","target":{"@type":"EntryPoint","urlTemplate":"http:\/\/duda-dziewierz.pl\/?s={search_term_string}"},"query-input":"required name=search_term_string"}],"inLanguage":"pl-PL"}]}},"_links":{"self":[{"href":"http:\/\/duda-dziewierz.pl\/index.php?rest_route=\/wp\/v2\/pages\/472","targetHints":{"allow":["GET"]}}],"collection":[{"href":"http:\/\/duda-dziewierz.pl\/index.php?rest_route=\/wp\/v2\/pages"}],"about":[{"href":"http:\/\/duda-dziewierz.pl\/index.php?rest_route=\/wp\/v2\/types\/page"}],"author":[{"embeddable":true,"href":"http:\/\/duda-dziewierz.pl\/index.php?rest_route=\/wp\/v2\/users\/1"}],"replies":[{"embeddable":true,"href":"http:\/\/duda-dziewierz.pl\/index.php?rest_route=%2Fwp%2Fv2%2Fcomments&post=472"}],"version-history":[{"count":3,"href":"http:\/\/duda-dziewierz.pl\/index.php?rest_route=\/wp\/v2\/pages\/472\/revisions"}],"predecessor-version":[{"id":611,"href":"http:\/\/duda-dziewierz.pl\/index.php?rest_route=\/wp\/v2\/pages\/472\/revisions\/611"}],"wp:attachment":[{"href":"http:\/\/duda-dziewierz.pl\/index.php?rest_route=%2Fwp%2Fv2%2Fmedia&parent=472"}],"curies":[{"name":"wp","href":"https:\/\/api.w.org\/{rel}","templated":true}]}}