{"id":322,"date":"2023-05-31T00:07:13","date_gmt":"2023-05-30T22:07:13","guid":{"rendered":"http:\/\/duda-dziewierz.pl\/?page_id=322"},"modified":"2023-12-01T21:16:19","modified_gmt":"2023-12-01T20:16:19","slug":"odnowa-innych-zabytkowych-obiektow","status":"publish","type":"page","link":"http:\/\/duda-dziewierz.pl\/?page_id=322","title":{"rendered":"Odnowa innych zabytkowych obiekt\u00f3w"},"content":{"rendered":"\n<p>Duda-Dziewierz wsp\u00f3\u0142organizowa\u0142 muzeum Marii Konopnickiej <br>w \u017barnowcu, otwarte 15 wrze\u015bnia 1960 roku.<\/p>\n\n\n\n<p>W 1960 r. \u2013 po po\u017carze Malborka &#8211; jako Pe\u0142nomocnik Ministra Kultury i Sztuki czuwa\u0142 nad rekonstrukcj\u0105 zamku i urz\u0105dzeniem w nim ekspozycji.<\/p>\n\n\n\n<p>Jako Pe\u0142nomocnik Rz\u0105du do spraw odbudowy i restauracji Krasiczyna w latach 1963-1969 zainicjowa\u0142 i kierowa\u0142 pracami adaptacyjnymi <br>i odbudow\u0105 zamku, wspieraj\u0105c prowadzenie bada\u0144 i prac architektoniczno-archeologicznych.<\/p>\n\n\n\n<p>Pod koniec lat 60-tych organizowa\u0142 w Przeworsku, w by\u0142ym pa\u0142acu Lubomirskich, fili\u0119 Muzeum-Zamku w \u0141a\u0144cucie. Na terenie pa\u0142acu Czartoryskich w Sieniawie zaopiekowa\u0142 si\u0119 niszczej\u0105cym parkiem.<\/p>\n\n\n\n<p>By\u0142 inicjatorem budowy skansenu cerkiewnego w Smolniku na Rzeszowszczy\u017anie, przy g\u0142\u00f3wnym szlaku turystycznym Bieszczad. W\u015br\u00f3d wielu pomys\u0142\u00f3w, jakie mia\u0142 na o\u017cywienie turystyki regionu, by\u0142o wytyczenie traktu turystycznego wiod\u0105cego przez podkarpackie zamki &#8211; \u0141a\u0144cut, Baran\u00f3w, Krasiczyn &#8211; do kt\u00f3rego planowa\u0142 w\u0142\u0105czy\u0107 skanseny regionalne i drewniane cerkwie.<\/p>\n","protected":false},"excerpt":{"rendered":"<p>Duda-Dziewierz wsp\u00f3\u0142organizowa\u0142 muzeum Marii Konopnickiej w \u017barnowcu, otwarte 15 wrze\u015bnia 1960 roku. W 1960 r. \u2013 po po\u017carze Malborka &#8211; jako Pe\u0142nomocnik Ministra Kultury i Sztuki czuwa\u0142 nad rekonstrukcj\u0105 zamku i urz\u0105dzeniem w nim ekspozycji. Jako Pe\u0142nomocnik Rz\u0105du do spraw odbudowy i restauracji Krasiczyna w latach 1963-1969 zainicjowa\u0142 i kierowa\u0142 pracami adaptacyjnymi i odbudow\u0105 zamku,&hellip; <a class=\"more-link\" href=\"http:\/\/duda-dziewierz.pl\/?page_id=322\">Czytaj dalej <span class=\"screen-reader-text\">Odnowa innych zabytkowych obiekt\u00f3w<\/span><\/a><\/p>\n","protected":false},"author":1,"featured_media":0,"parent":0,"menu_order":0,"comment_status":"closed","ping_status":"closed","template":"","meta":{"footnotes":""},"class_list":["post-322","page","type-page","status-publish","hentry","entry"],"yoast_head":"<!-- This site is optimized with the Yoast SEO plugin v21.6 - https:\/\/yoast.com\/wordpress\/plugins\/seo\/ -->\n<title>Odnowa innych zabytkowych obiekt\u00f3w - Antoni Duda-Dziewierz<\/title>\n<meta name=\"description\" content=\"o\u017cywienie turystyki Rzeszowszczyzny, trakt turystyczny przez podkarpackie zamki - \u0141a\u0144cut, Baran\u00f3w, Krasiczyn, skanseny regionalne i drewniane cerkwie.\" \/>\n<meta name=\"robots\" content=\"index, follow, max-snippet:-1, max-image-preview:large, max-video-preview:-1\" \/>\n<link rel=\"canonical\" href=\"http:\/\/duda-dziewierz.pl\/?page_id=322\" \/>\n<meta property=\"og:locale\" content=\"pl_PL\" \/>\n<meta property=\"og:type\" content=\"article\" \/>\n<meta property=\"og:title\" content=\"Odnowa innych zabytkowych obiekt\u00f3w - Antoni Duda-Dziewierz\" \/>\n<meta property=\"og:description\" content=\"o\u017cywienie turystyki Rzeszowszczyzny, trakt turystyczny przez podkarpackie zamki - \u0141a\u0144cut, Baran\u00f3w, Krasiczyn, skanseny regionalne i drewniane cerkwie.\" \/>\n<meta property=\"og:url\" content=\"http:\/\/duda-dziewierz.pl\/?page_id=322\" \/>\n<meta property=\"og:site_name\" content=\"Antoni Duda-Dziewierz\" \/>\n<meta property=\"article:modified_time\" content=\"2023-12-01T20:16:19+00:00\" \/>\n<meta property=\"og:image\" content=\"http:\/\/duda-dziewierz.pl\/wp-content\/uploads\/2023\/06\/ADD-zaprasza-do-Zamku-scaled.jpg\" \/>\n\t<meta property=\"og:image:width\" content=\"2150\" \/>\n\t<meta property=\"og:image:height\" content=\"2560\" \/>\n\t<meta property=\"og:image:type\" content=\"image\/jpeg\" \/>\n<meta name=\"twitter:card\" content=\"summary_large_image\" \/>\n<meta name=\"twitter:label1\" content=\"Szacowany czas czytania\" \/>\n\t<meta name=\"twitter:data1\" content=\"1 minuta\" \/>\n<script type=\"application\/ld+json\" class=\"yoast-schema-graph\">{\"@context\":\"https:\/\/schema.org\",\"@graph\":[{\"@type\":\"WebPage\",\"@id\":\"http:\/\/duda-dziewierz.pl\/?page_id=322\",\"url\":\"http:\/\/duda-dziewierz.pl\/?page_id=322\",\"name\":\"Odnowa innych zabytkowych obiekt\u00f3w - Antoni Duda-Dziewierz\",\"isPartOf\":{\"@id\":\"http:\/\/duda-dziewierz.pl\/#website\"},\"datePublished\":\"2023-05-30T22:07:13+00:00\",\"dateModified\":\"2023-12-01T20:16:19+00:00\",\"description\":\"o\u017cywienie turystyki Rzeszowszczyzny, trakt turystyczny przez podkarpackie zamki - \u0141a\u0144cut, Baran\u00f3w, Krasiczyn, skanseny regionalne i drewniane cerkwie.\",\"breadcrumb\":{\"@id\":\"http:\/\/duda-dziewierz.pl\/?page_id=322#breadcrumb\"},\"inLanguage\":\"pl-PL\",\"potentialAction\":[{\"@type\":\"ReadAction\",\"target\":[\"http:\/\/duda-dziewierz.pl\/?page_id=322\"]}]},{\"@type\":\"BreadcrumbList\",\"@id\":\"http:\/\/duda-dziewierz.pl\/?page_id=322#breadcrumb\",\"itemListElement\":[{\"@type\":\"ListItem\",\"position\":1,\"name\":\"Home\",\"item\":\"http:\/\/duda-dziewierz.pl\/\"},{\"@type\":\"ListItem\",\"position\":2,\"name\":\"Odnowa innych zabytkowych obiekt\u00f3w\"}]},{\"@type\":\"WebSite\",\"@id\":\"http:\/\/duda-dziewierz.pl\/#website\",\"url\":\"http:\/\/duda-dziewierz.pl\/\",\"name\":\"Antoni Duda-Dziewierz\",\"description\":\"\u017cycie i dzia\u0142anie w trudnych czasach\",\"alternateName\":\"Duda-Dziewierz\",\"potentialAction\":[{\"@type\":\"SearchAction\",\"target\":{\"@type\":\"EntryPoint\",\"urlTemplate\":\"http:\/\/duda-dziewierz.pl\/?s={search_term_string}\"},\"query-input\":\"required name=search_term_string\"}],\"inLanguage\":\"pl-PL\"}]}<\/script>\n<!-- \/ Yoast SEO plugin. -->","yoast_head_json":{"title":"Odnowa innych zabytkowych obiekt\u00f3w - Antoni Duda-Dziewierz","description":"o\u017cywienie turystyki Rzeszowszczyzny, trakt turystyczny przez podkarpackie zamki - \u0141a\u0144cut, Baran\u00f3w, Krasiczyn, skanseny regionalne i drewniane cerkwie.","robots":{"index":"index","follow":"follow","max-snippet":"max-snippet:-1","max-image-preview":"max-image-preview:large","max-video-preview":"max-video-preview:-1"},"canonical":"http:\/\/duda-dziewierz.pl\/?page_id=322","og_locale":"pl_PL","og_type":"article","og_title":"Odnowa innych zabytkowych obiekt\u00f3w - Antoni Duda-Dziewierz","og_description":"o\u017cywienie turystyki Rzeszowszczyzny, trakt turystyczny przez podkarpackie zamki - \u0141a\u0144cut, Baran\u00f3w, Krasiczyn, skanseny regionalne i drewniane cerkwie.","og_url":"http:\/\/duda-dziewierz.pl\/?page_id=322","og_site_name":"Antoni Duda-Dziewierz","article_modified_time":"2023-12-01T20:16:19+00:00","og_image":[{"width":2150,"height":2560,"url":"http:\/\/duda-dziewierz.pl\/wp-content\/uploads\/2023\/06\/ADD-zaprasza-do-Zamku-scaled.jpg","type":"image\/jpeg"}],"twitter_card":"summary_large_image","twitter_misc":{"Szacowany czas czytania":"1 minuta"},"schema":{"@context":"https:\/\/schema.org","@graph":[{"@type":"WebPage","@id":"http:\/\/duda-dziewierz.pl\/?page_id=322","url":"http:\/\/duda-dziewierz.pl\/?page_id=322","name":"Odnowa innych zabytkowych obiekt\u00f3w - Antoni Duda-Dziewierz","isPartOf":{"@id":"http:\/\/duda-dziewierz.pl\/#website"},"datePublished":"2023-05-30T22:07:13+00:00","dateModified":"2023-12-01T20:16:19+00:00","description":"o\u017cywienie turystyki Rzeszowszczyzny, trakt turystyczny przez podkarpackie zamki - \u0141a\u0144cut, Baran\u00f3w, Krasiczyn, skanseny regionalne i drewniane cerkwie.","breadcrumb":{"@id":"http:\/\/duda-dziewierz.pl\/?page_id=322#breadcrumb"},"inLanguage":"pl-PL","potentialAction":[{"@type":"ReadAction","target":["http:\/\/duda-dziewierz.pl\/?page_id=322"]}]},{"@type":"BreadcrumbList","@id":"http:\/\/duda-dziewierz.pl\/?page_id=322#breadcrumb","itemListElement":[{"@type":"ListItem","position":1,"name":"Home","item":"http:\/\/duda-dziewierz.pl\/"},{"@type":"ListItem","position":2,"name":"Odnowa innych zabytkowych obiekt\u00f3w"}]},{"@type":"WebSite","@id":"http:\/\/duda-dziewierz.pl\/#website","url":"http:\/\/duda-dziewierz.pl\/","name":"Antoni Duda-Dziewierz","description":"\u017cycie i dzia\u0142anie w trudnych czasach","alternateName":"Duda-Dziewierz","potentialAction":[{"@type":"SearchAction","target":{"@type":"EntryPoint","urlTemplate":"http:\/\/duda-dziewierz.pl\/?s={search_term_string}"},"query-input":"required name=search_term_string"}],"inLanguage":"pl-PL"}]}},"_links":{"self":[{"href":"http:\/\/duda-dziewierz.pl\/index.php?rest_route=\/wp\/v2\/pages\/322","targetHints":{"allow":["GET"]}}],"collection":[{"href":"http:\/\/duda-dziewierz.pl\/index.php?rest_route=\/wp\/v2\/pages"}],"about":[{"href":"http:\/\/duda-dziewierz.pl\/index.php?rest_route=\/wp\/v2\/types\/page"}],"author":[{"embeddable":true,"href":"http:\/\/duda-dziewierz.pl\/index.php?rest_route=\/wp\/v2\/users\/1"}],"replies":[{"embeddable":true,"href":"http:\/\/duda-dziewierz.pl\/index.php?rest_route=%2Fwp%2Fv2%2Fcomments&post=322"}],"version-history":[{"count":2,"href":"http:\/\/duda-dziewierz.pl\/index.php?rest_route=\/wp\/v2\/pages\/322\/revisions"}],"predecessor-version":[{"id":566,"href":"http:\/\/duda-dziewierz.pl\/index.php?rest_route=\/wp\/v2\/pages\/322\/revisions\/566"}],"wp:attachment":[{"href":"http:\/\/duda-dziewierz.pl\/index.php?rest_route=%2Fwp%2Fv2%2Fmedia&parent=322"}],"curies":[{"name":"wp","href":"https:\/\/api.w.org\/{rel}","templated":true}]}}