{"id":302,"date":"2023-05-29T22:27:35","date_gmt":"2023-05-29T20:27:35","guid":{"rendered":"http:\/\/duda-dziewierz.pl\/?page_id=302"},"modified":"2023-12-01T23:45:09","modified_gmt":"2023-12-01T22:45:09","slug":"relacje-z-lokalna-wladza","status":"publish","type":"page","link":"http:\/\/duda-dziewierz.pl\/?page_id=302","title":{"rendered":"Relacje z lokaln\u0105 w\u0142adz\u0105"},"content":{"rendered":"\n<p>S\u0105 osoby, kt\u00f3re czekaj\u0105 na sprzyjaj\u0105ce warunki pracy i s\u0105 tacy, kt\u00f3rzy podejmuj\u0105 prac\u0119 pomimo niesprzyjaj\u0105cych warunk\u00f3w. <br>Duda-Dziewierz nie nale\u017ca\u0142 do tych, kt\u00f3rzy cofaj\u0105 si\u0119 przed trudno\u015bciami. A warunki pierwszych lat pracy w \u0141a\u0144cucie faktycznie nie okaza\u0142y si\u0119 \u0142atwe.<\/p>\n\n\n\n<p>Ju\u017c&nbsp; od pierwszych miesi\u0119cy, kiedy wykaza\u0142 si\u0119 uporczywym d\u0105\u017ceniem do wykwaterowania dzikich lokator\u00f3w z Zamku, odzyskaniem zagrabionych z Muzeum przedmiot\u00f3w, czy usuni\u0119ciem z pracy nierob\u00f3w i z\u0142odziei, narazi\u0142 si\u0119 lokalnym w\u0142adzom partyjnym, kt\u00f3re zorganizowawszy zebranie Podstawowej Kom\u00f3rki Partyjnej, <br>w maju 1953 roku dokona\u0142y usuni\u0119cia go z partii jako Pi\u0142sudczyka <br>i cz\u0142owieka \u201eobcego ideologicznie\u201d, zarzucaj\u0105c mu dzia\u0142ania wrogie wobec ruchu robotniczego, wspieraj\u0105ce bur\u017cuazj\u0119. Pomimo rehabilitacji w 1956 r, nadal musia\u0142 odpiera\u0107 ataki zmierzaj\u0105ce do usuni\u0119cia go ze stanowiska dyrektora Muzeum w \u0141a\u0144cucie.<\/p>\n\n\n\n<p>Nie maj\u0105c poparcia we w\u0142adzach powiatowych <br>i wojew\u00f3dzkich latami boryka\u0142 si\u0119 z trudno\u015bciami <br>w za\u0142atwieniu na szczeblu lokalnym najdrobniejszych spraw dla Muzeum czy jego pracownik\u00f3w.<\/p>\n\n\n\n<div class=\"wp-block-getwid-section alignfull alignfull getwid-section-content-custom-width\"><div class=\"wp-block-getwid-section__wrapper getwid-padding-left-medium getwid-padding-right-medium\"><div class=\"wp-block-getwid-section__inner-wrapper\" style=\"max-width:1140px\"><div class=\"wp-block-getwid-section__background-holder\"><div class=\"wp-block-getwid-section__background\"><\/div><div class=\"wp-block-getwid-section__foreground\"><\/div><\/div><div class=\"wp-block-getwid-section__content\"><div class=\"wp-block-getwid-section__inner-content\">\n<div class=\"wp-block-columns has-2-columns are-vertically-aligned-center is-layout-flex wp-container-core-columns-is-layout-9d6595d7 wp-block-columns-is-layout-flex\">\n<div class=\"wp-block-column is-vertically-aligned-center is-layout-flow wp-block-column-is-layout-flow\">\n<p><\/p>\n\n\n\n<p>Wsp\u00f3\u0142praca z partyjnymi w\u0142adzami w Rzeszowie by\u0142a istotnym elementem stanowi\u0105cym o warunkach pracy <br>w Muzeum w \u0141a\u0144cucie oraz innych obiektach na terenie wojew\u00f3dztwa, kt\u00f3rymi zajmowa\u0142 si\u0119 Duda-Dziewierz. Pomimo powoli konstruowanych pozor\u00f3w poprawno\u015bci, do samego ko\u0144ca by\u0142a nacechowana podejrzliwo\u015bci\u0105 <br>i niech\u0119ci\u0105 ze strony przedstawicieli partyjnej nomenklatury, co negatywnie zaci\u0105\u017cy\u0142o na wydawanych przez nich decyzjach, kt\u00f3re w odleg\u0142ej perspektywie okaza\u0142y si\u0119 szkodliwe dla regionu.<\/p>\n<\/div>\n\n\n\n<div class=\"wp-block-column is-vertically-aligned-center is-layout-flow wp-block-column-is-layout-flow\">\n<figure class=\"wp-block-image size-large\"><img loading=\"lazy\" decoding=\"async\" width=\"1024\" height=\"698\" src=\"http:\/\/duda-dziewierz.pl\/wp-content\/uploads\/2023\/06\/4-relacje-z-lokalna-wladza-1024x698.jpg\" alt=\"\" class=\"wp-image-390\" srcset=\"http:\/\/duda-dziewierz.pl\/wp-content\/uploads\/2023\/06\/4-relacje-z-lokalna-wladza-1024x698.jpg 1024w, http:\/\/duda-dziewierz.pl\/wp-content\/uploads\/2023\/06\/4-relacje-z-lokalna-wladza-300x205.jpg 300w, http:\/\/duda-dziewierz.pl\/wp-content\/uploads\/2023\/06\/4-relacje-z-lokalna-wladza-768x524.jpg 768w, http:\/\/duda-dziewierz.pl\/wp-content\/uploads\/2023\/06\/4-relacje-z-lokalna-wladza-1536x1047.jpg 1536w, http:\/\/duda-dziewierz.pl\/wp-content\/uploads\/2023\/06\/4-relacje-z-lokalna-wladza-2048x1396.jpg 2048w, http:\/\/duda-dziewierz.pl\/wp-content\/uploads\/2023\/06\/4-relacje-z-lokalna-wladza-1568x1069.jpg 1568w\" sizes=\"auto, (max-width: 1024px) 100vw, 1024px\" \/><figcaption class=\"wp-element-caption\">Kasyno Urz\u0119dnicze w \u0141a\u0144cucie lata 60. fot. z arch. El\u017cbiety Kluz<\/figcaption><\/figure>\n<\/div>\n<\/div>\n<\/div><\/div><\/div><\/div><\/div>\n\n\n\n<p><\/p>\n","protected":false},"excerpt":{"rendered":"<p>S\u0105 osoby, kt\u00f3re czekaj\u0105 na sprzyjaj\u0105ce warunki pracy i s\u0105 tacy, kt\u00f3rzy podejmuj\u0105 prac\u0119 pomimo niesprzyjaj\u0105cych warunk\u00f3w. Duda-Dziewierz nie nale\u017ca\u0142 do tych, kt\u00f3rzy cofaj\u0105 si\u0119 przed trudno\u015bciami. A warunki pierwszych lat pracy w \u0141a\u0144cucie faktycznie nie okaza\u0142y si\u0119 \u0142atwe. Ju\u017c&nbsp; od pierwszych miesi\u0119cy, kiedy wykaza\u0142 si\u0119 uporczywym d\u0105\u017ceniem do wykwaterowania dzikich lokator\u00f3w z Zamku, odzyskaniem&hellip; <a class=\"more-link\" href=\"http:\/\/duda-dziewierz.pl\/?page_id=302\">Czytaj dalej <span class=\"screen-reader-text\">Relacje z lokaln\u0105 w\u0142adz\u0105<\/span><\/a><\/p>\n","protected":false},"author":1,"featured_media":0,"parent":0,"menu_order":0,"comment_status":"closed","ping_status":"closed","template":"","meta":{"footnotes":""},"class_list":["post-302","page","type-page","status-publish","hentry","entry"],"yoast_head":"<!-- This site is optimized with the Yoast SEO plugin v21.6 - https:\/\/yoast.com\/wordpress\/plugins\/seo\/ -->\n<title>Relacje z lokaln\u0105 w\u0142adz\u0105 - Antoni Duda-Dziewierz<\/title>\n<meta name=\"description\" content=\"eksmisja dzikich lokator\u00f3w z Zamku w \u0141a\u0144cucie, odzyskiwanie zagrabionego mienia, usuwanie z pracy nierob\u00f3w i z\u0142odziei; niech\u0119\u0107 lokalnych w\u0142adz partyjnych\" \/>\n<meta name=\"robots\" content=\"index, follow, max-snippet:-1, max-image-preview:large, max-video-preview:-1\" \/>\n<link rel=\"canonical\" href=\"http:\/\/duda-dziewierz.pl\/?page_id=302\" \/>\n<meta property=\"og:locale\" content=\"pl_PL\" \/>\n<meta property=\"og:type\" content=\"article\" \/>\n<meta property=\"og:title\" content=\"Relacje z lokaln\u0105 w\u0142adz\u0105 - Antoni Duda-Dziewierz\" \/>\n<meta property=\"og:description\" content=\"eksmisja dzikich lokator\u00f3w z Zamku w \u0141a\u0144cucie, odzyskiwanie zagrabionego mienia, usuwanie z pracy nierob\u00f3w i z\u0142odziei; niech\u0119\u0107 lokalnych w\u0142adz partyjnych\" \/>\n<meta property=\"og:url\" content=\"http:\/\/duda-dziewierz.pl\/?page_id=302\" \/>\n<meta property=\"og:site_name\" content=\"Antoni Duda-Dziewierz\" \/>\n<meta property=\"article:modified_time\" content=\"2023-12-01T22:45:09+00:00\" \/>\n<meta property=\"og:image\" content=\"http:\/\/duda-dziewierz.pl\/wp-content\/uploads\/2023\/06\/4-relacje-z-lokalna-wladza-1024x698.jpg\" \/>\n<meta name=\"twitter:card\" content=\"summary_large_image\" \/>\n<meta name=\"twitter:label1\" content=\"Szacowany czas czytania\" \/>\n\t<meta name=\"twitter:data1\" content=\"2 minuty\" \/>\n<script type=\"application\/ld+json\" class=\"yoast-schema-graph\">{\"@context\":\"https:\/\/schema.org\",\"@graph\":[{\"@type\":\"WebPage\",\"@id\":\"http:\/\/duda-dziewierz.pl\/?page_id=302\",\"url\":\"http:\/\/duda-dziewierz.pl\/?page_id=302\",\"name\":\"Relacje z lokaln\u0105 w\u0142adz\u0105 - Antoni Duda-Dziewierz\",\"isPartOf\":{\"@id\":\"http:\/\/duda-dziewierz.pl\/#website\"},\"datePublished\":\"2023-05-29T20:27:35+00:00\",\"dateModified\":\"2023-12-01T22:45:09+00:00\",\"description\":\"eksmisja dzikich lokator\u00f3w z Zamku w \u0141a\u0144cucie, odzyskiwanie zagrabionego mienia, usuwanie z pracy nierob\u00f3w i z\u0142odziei; niech\u0119\u0107 lokalnych w\u0142adz partyjnych\",\"breadcrumb\":{\"@id\":\"http:\/\/duda-dziewierz.pl\/?page_id=302#breadcrumb\"},\"inLanguage\":\"pl-PL\",\"potentialAction\":[{\"@type\":\"ReadAction\",\"target\":[\"http:\/\/duda-dziewierz.pl\/?page_id=302\"]}]},{\"@type\":\"BreadcrumbList\",\"@id\":\"http:\/\/duda-dziewierz.pl\/?page_id=302#breadcrumb\",\"itemListElement\":[{\"@type\":\"ListItem\",\"position\":1,\"name\":\"Home\",\"item\":\"http:\/\/duda-dziewierz.pl\/\"},{\"@type\":\"ListItem\",\"position\":2,\"name\":\"Relacje z lokaln\u0105 w\u0142adz\u0105\"}]},{\"@type\":\"WebSite\",\"@id\":\"http:\/\/duda-dziewierz.pl\/#website\",\"url\":\"http:\/\/duda-dziewierz.pl\/\",\"name\":\"Antoni Duda-Dziewierz\",\"description\":\"\u017cycie i dzia\u0142anie w trudnych czasach\",\"alternateName\":\"Duda-Dziewierz\",\"potentialAction\":[{\"@type\":\"SearchAction\",\"target\":{\"@type\":\"EntryPoint\",\"urlTemplate\":\"http:\/\/duda-dziewierz.pl\/?s={search_term_string}\"},\"query-input\":\"required name=search_term_string\"}],\"inLanguage\":\"pl-PL\"}]}<\/script>\n<!-- \/ Yoast SEO plugin. -->","yoast_head_json":{"title":"Relacje z lokaln\u0105 w\u0142adz\u0105 - Antoni Duda-Dziewierz","description":"eksmisja dzikich lokator\u00f3w z Zamku w \u0141a\u0144cucie, odzyskiwanie zagrabionego mienia, usuwanie z pracy nierob\u00f3w i z\u0142odziei; niech\u0119\u0107 lokalnych w\u0142adz partyjnych","robots":{"index":"index","follow":"follow","max-snippet":"max-snippet:-1","max-image-preview":"max-image-preview:large","max-video-preview":"max-video-preview:-1"},"canonical":"http:\/\/duda-dziewierz.pl\/?page_id=302","og_locale":"pl_PL","og_type":"article","og_title":"Relacje z lokaln\u0105 w\u0142adz\u0105 - Antoni Duda-Dziewierz","og_description":"eksmisja dzikich lokator\u00f3w z Zamku w \u0141a\u0144cucie, odzyskiwanie zagrabionego mienia, usuwanie z pracy nierob\u00f3w i z\u0142odziei; niech\u0119\u0107 lokalnych w\u0142adz partyjnych","og_url":"http:\/\/duda-dziewierz.pl\/?page_id=302","og_site_name":"Antoni Duda-Dziewierz","article_modified_time":"2023-12-01T22:45:09+00:00","og_image":[{"url":"http:\/\/duda-dziewierz.pl\/wp-content\/uploads\/2023\/06\/4-relacje-z-lokalna-wladza-1024x698.jpg"}],"twitter_card":"summary_large_image","twitter_misc":{"Szacowany czas czytania":"2 minuty"},"schema":{"@context":"https:\/\/schema.org","@graph":[{"@type":"WebPage","@id":"http:\/\/duda-dziewierz.pl\/?page_id=302","url":"http:\/\/duda-dziewierz.pl\/?page_id=302","name":"Relacje z lokaln\u0105 w\u0142adz\u0105 - Antoni Duda-Dziewierz","isPartOf":{"@id":"http:\/\/duda-dziewierz.pl\/#website"},"datePublished":"2023-05-29T20:27:35+00:00","dateModified":"2023-12-01T22:45:09+00:00","description":"eksmisja dzikich lokator\u00f3w z Zamku w \u0141a\u0144cucie, odzyskiwanie zagrabionego mienia, usuwanie z pracy nierob\u00f3w i z\u0142odziei; niech\u0119\u0107 lokalnych w\u0142adz partyjnych","breadcrumb":{"@id":"http:\/\/duda-dziewierz.pl\/?page_id=302#breadcrumb"},"inLanguage":"pl-PL","potentialAction":[{"@type":"ReadAction","target":["http:\/\/duda-dziewierz.pl\/?page_id=302"]}]},{"@type":"BreadcrumbList","@id":"http:\/\/duda-dziewierz.pl\/?page_id=302#breadcrumb","itemListElement":[{"@type":"ListItem","position":1,"name":"Home","item":"http:\/\/duda-dziewierz.pl\/"},{"@type":"ListItem","position":2,"name":"Relacje z lokaln\u0105 w\u0142adz\u0105"}]},{"@type":"WebSite","@id":"http:\/\/duda-dziewierz.pl\/#website","url":"http:\/\/duda-dziewierz.pl\/","name":"Antoni Duda-Dziewierz","description":"\u017cycie i dzia\u0142anie w trudnych czasach","alternateName":"Duda-Dziewierz","potentialAction":[{"@type":"SearchAction","target":{"@type":"EntryPoint","urlTemplate":"http:\/\/duda-dziewierz.pl\/?s={search_term_string}"},"query-input":"required name=search_term_string"}],"inLanguage":"pl-PL"}]}},"_links":{"self":[{"href":"http:\/\/duda-dziewierz.pl\/index.php?rest_route=\/wp\/v2\/pages\/302","targetHints":{"allow":["GET"]}}],"collection":[{"href":"http:\/\/duda-dziewierz.pl\/index.php?rest_route=\/wp\/v2\/pages"}],"about":[{"href":"http:\/\/duda-dziewierz.pl\/index.php?rest_route=\/wp\/v2\/types\/page"}],"author":[{"embeddable":true,"href":"http:\/\/duda-dziewierz.pl\/index.php?rest_route=\/wp\/v2\/users\/1"}],"replies":[{"embeddable":true,"href":"http:\/\/duda-dziewierz.pl\/index.php?rest_route=%2Fwp%2Fv2%2Fcomments&post=302"}],"version-history":[{"count":4,"href":"http:\/\/duda-dziewierz.pl\/index.php?rest_route=\/wp\/v2\/pages\/302\/revisions"}],"predecessor-version":[{"id":639,"href":"http:\/\/duda-dziewierz.pl\/index.php?rest_route=\/wp\/v2\/pages\/302\/revisions\/639"}],"wp:attachment":[{"href":"http:\/\/duda-dziewierz.pl\/index.php?rest_route=%2Fwp%2Fv2%2Fmedia&parent=302"}],"curies":[{"name":"wp","href":"https:\/\/api.w.org\/{rel}","templated":true}]}}