{"id":292,"date":"2023-05-29T22:05:22","date_gmt":"2023-05-29T20:05:22","guid":{"rendered":"http:\/\/duda-dziewierz.pl\/?page_id=292"},"modified":"2023-12-01T19:15:36","modified_gmt":"2023-12-01T18:15:36","slug":"droga-zyciowa-dudy-dziewierza","status":"publish","type":"page","link":"http:\/\/duda-dziewierz.pl\/?page_id=292","title":{"rendered":"Droga \u017cyciowa Dudy-Dziewierza"},"content":{"rendered":"\n<p>Antoni Duda Dziewierz (13.06.1896 &#8211; 09.01.1979)<\/p>\n\n\n\n<p>Urodzi\u0142 si\u0119 w Puszczy Maria\u0144skiej ko\u0142o Skierniewic. Pochodzi\u0142 <br>z wielodzietnej rodziny (11 starszych braci). Jego ojciec pracowa\u0142 jako wiejski nauczyciel.<\/p>\n\n\n\n<p>W dzieci\u0144stwie by\u0142 \u015bwiadkiem burzliwych wyst\u0105pie\u0144 rewolucyjnych przeciw caratowi (1905-1907) w kt\u00f3rych uczestniczyli jego starsi bracia. Po uko\u0144czeniu szk\u00f3\u0142 na kr\u00f3tko podj\u0105\u0142 prac\u0119 wiejskiego nauczyciela. Nast\u0119pnie zosta\u0142 zatrudniony w Magistracie miasta sto\u0142ecznego Warszawy.<br>W 1916 r. wst\u0105pi\u0142 do PPS, w kt\u00f3rej dzia\u0142a\u0142 aktywnie do 1939 r.<\/p>\n\n\n\n<p>Jesieni\u0105 1918 r. zaci\u0105gn\u0105\u0142 si\u0119 do Wojska Polskiego. S\u0142u\u017cy\u0142 w pu\u0142ku kawalerii (II Pu\u0142k U\u0142an\u00f3w). Bra\u0142 udzia\u0142 w walkach w Galicji. W sierpniu 1920 r. uczestniczy\u0142 w bitwie o Warszaw\u0119.<\/p>\n\n\n\n<p>Od 1922 do 1929 pracowa\u0142 w Elektrowni Warszawskiej w Wydziale Obrachunkowym.<\/p>\n\n\n\n<p>W kwietniu 1925 r. zawar\u0142 zwi\u0105zek ma\u0142\u017ce\u0144ski z Sabin\u0105 Cetner. <br>Rok p\u00f3\u017aniej zosta\u0142 ojcem c\u00f3rki Agnieszki.<\/p>\n\n\n\n<p>W latach 1922-1936 by\u0142 wsp\u00f3\u0142organizatorem, a nast\u0119pnie pierwszym administratorem Warszawskiej Sp\u00f3\u0142dzielni Mieszkaniowej na \u017boliborzu. W 1927 r. zosta\u0142 wsp\u00f3\u0142za\u0142o\u017cycielem Stowarzyszenia Wzajemnej Pomocy Lokator\u00f3w WSM \u201eSzklane Domy\u201d, Sp\u00f3\u0142dzielni Spo\u017cywc\u00f3w \u201eGospoda Sp\u00f3\u0142dzielcza\u201d.<br>Po przeniesieniu s\u0142u\u017cbowym, w latach 1936-1938, administrowa\u0142 osiedlem Towarzystwa Osiedli Robotniczych (TOR) na Kole.<br>Jako dzia\u0142acz PPS zosta\u0142 zmuszony przez w\u0142adze sanacyjne do opuszczenia Warszawy. Przeni\u00f3s\u0142 si\u0119 z rodzin\u0105 do Lwowa, gdzie <br>w maju 1939 r. zosta\u0142 zarz\u0105dc\u0105, a nast\u0119pnie dyrektorem <br>ds. administracyjnych szpitala Ubezpieczalni Spo\u0142ecznej przy <br>ul. Kurkowej (przemianowanego wkr\u00f3tce na Szpital Wojenny). <br>W czerwcu 1940 r. osadzony przez NKWD w wi\u0119zieniu na &#8222;Brygidkach&#8221; (uprzednio wi\u0119ziony na &#8222;Zamarstynowie&#8221;), sk\u0105d wyszed\u0142 23.06.1941 r. jako jeden z nielicznych ocalonych.<\/p>\n\n\n\n<p>Po powrocie do Warszawy, zim\u0105 1941 r. otrzyma\u0142 zatrudnienie <br>w Wydziale Opieki Spo\u0142ecznej Zarz\u0105du Miejskiego. W latach 1942-1945 pe\u0142ni\u0142 funkcj\u0119 kierownika Schroniska dla Starc\u00f3w i Kalek <br>w G\u00f3rze Kalwarii, co umo\u017cliwi\u0142o wsparcie dzia\u0142a\u0144 konspiracyjnych.<\/p>\n\n\n\n<p>Po zako\u0144czeniu wojny zosta\u0142 skierowany, z rekomendacji PPS, na Ziemie Odzyskane, gdzie w Elbl\u0105gu i Olsztynie przygotowywa\u0142 miejsca zakwaterowania dla przesiedle\u0144c\u00f3w. Do 1946 dzia\u0142a\u0142 <br>w Elbl\u0105gu, gdzie organizowa\u0142 samorz\u0105d miejski, sp\u00f3\u0142dzielczo\u015b\u0107 mieszkaniow\u0105, sp\u00f3\u0142dzielczo\u015b\u0107 spo\u017cywc\u00f3w.<br>Jako dzia\u0142acz lewicowy aktywnie budowa\u0142 struktury PPS na Wybrze\u017cu. W okresie 06.1945- 07.1946 pe\u0142ni\u0142 urz\u0105d Przewodnicz\u0105cego Miejskiej Rady Narodowej Elbl\u0105ga.<br>Zosta\u0142 Wojew\u00f3dzkim Pe\u0142nomocnikiem Rz\u0105du do Walki <br>z Analfabetyzmem. Zaanga\u017cowa\u0142 si\u0119 w organizacj\u0119 szkolnictwa <br>w obr\u0119bie Elbl\u0105ga, Sopotu, Gda\u0144ska i Gdyni.<br>W sierpniu 1946 r. powo\u0142ano go na stanowisko przewodnicz\u0105cego Prezydium Gda\u0144skiej Wojew\u00f3dzkiej Rady Narodowej, kt\u00f3re sprawowa\u0142 do maja 1950 r. Po zjednoczeniu partii zosta\u0142 cz\u0142onkiem gda\u0144skiego Komitetu Wojew\u00f3dzkiego PZPR. Podczas pracy <br>w Gda\u0144sku anga\u017cowa\u0142 si\u0119 m.in. w budow\u0119 osiedli mieszkaniowych, rozbudow\u0119 bazy szkolnej, organizowanie przedszkoli itp.<br>Po zwolnieniu ze stanowiska (reorganizacja rad narodowych <br>w 1950 r.) dzia\u0142a\u0142 w Gda\u0144skim Okr\u0119gu Towarzystwa Przyjaci\u00f3\u0142 Dzieci, <br>a w latach 1951-1952 zarz\u0105dza\u0142 uzdrowiskiem w \u015awieradowie.&nbsp;<\/p>\n\n\n\n<p>By\u0142 zawsze w centrum spraw zwi\u0105zanych z odbudow\u0105 i rozbudow\u0105 kraju. Da\u0142 si\u0119 pozna\u0107 jako dobry organizator i zarz\u0105dca, ofiarny <br>i energiczny dzia\u0142acz. Jednak cechy te uwidoczni\u0142y si\u0119 ze szczeg\u00f3ln\u0105 si\u0142\u0105 w \u0141a\u0144cucie gdzie, w pa\u017adzierniku 1952 roku, obj\u0105\u0142 stanowisko dyrektora Muzeum w dawnym zamku Potockich, zaniedbanym <br>w okresie powojennym.<br>Przez szereg lat prowadzi\u0142 prace remontowe i konserwacyjne, doprowadzaj\u0105c obiekt do \u015bwietno\u015bci.<\/p>\n\n\n\n<p>W trudnych latach 50-tych wykaza\u0142 si\u0119 wspania\u0142ym zmys\u0142em organizacyjnym i zdolno\u015bci\u0105 pozyskania wsp\u00f3\u0142pracownik\u00f3w do realizacji wa\u017cnego celu. Wyremontowano przeciekaj\u0105ce dachy. Nast\u0119pnie rozpocz\u0119to walk\u0119 o usuni\u0119cie grzyba \u2013 wymieniono uszkodzone posadzki, \u015bciany i stropy, za\u0142o\u017cono now\u0105 instalacj\u0119 centralnego ogrzewania, przeprowadzono kapitalny remont instalacji wodno-kanalizacyjnej. Szereg lat trwa\u0142y wyt\u0119\u017cone prace konserwatorskie. Zbiory uzupe\u0142niano drog\u0105 wypo\u017cycze\u0144 i zakup\u00f3w. Naprawiono ogrodzenie, wzmocniono mury fosy. Po usuni\u0119ciu lokator\u00f3w, przebudowano oran\u017ceri\u0119, a w cz\u0119\u015bci zamku urz\u0105dzono hotel. Doprowadzi\u0142 do odzyskania budynk\u00f3w dawnych stajni cugowych, kt\u00f3re zaadoptowano na u\u017cytek muzeum, wyremontowa\u0142 <br>i zaadoptowa\u0142 na potrzeby lokalnych mieszka\u0144c\u00f3w Zameczek Romantyczny, odzyska\u0142 dawny budynek Zarz\u0105du Ogrod\u00f3w w kt\u00f3rym umieszczono Szko\u0142\u0119 Muzyczn\u0105.<\/p>\n\n\n\n<p>Potrafi\u0142 przyci\u0105gn\u0105\u0107 wspania\u0142ych fachowc\u00f3w i pasjonat\u00f3w pracy na rzecz Muzeum, kt\u00f3re za czas\u00f3w jego zarz\u0105dzania osi\u0105gn\u0119\u0142o szczyty popularno\u015bci. By\u0142 or\u0119downikiem ratowania zabytk\u00f3w kultury cerkiewnej Rzeszowszczyzny. Utworzy\u0142 na terenie Muzeum Wojew\u00f3dzk\u0105 Sk\u0142adnic\u0119 Zabytk\u00f3w Ruchomych i powo\u0142a\u0142 Wojew\u00f3dzk\u0105 Pracowni\u0119 Konserwatorsk\u0105.<\/p>\n\n\n\n<p>Wsp\u00f3\u0142inicjowa\u0142 w 1961 r . Dni Muzyki Kameralnej.<\/p>\n\n\n\n<p>R\u00f3wnocze\u015bnie z prac\u0105 w \u0141a\u0144cucie wsp\u00f3\u0142organizowa\u0142 Muzeum Marii Konopnickiej w \u017barnowcu.<\/p>\n\n\n\n<p>W 1960 roku, po po\u017carze zamku w Malborku, z rekomendacji <br>prof. Lorentza, powierzono mu kierowanie pracami przy jego odbudowie i przygotowanie warunk\u00f3w do otwarcia w zamku plac\u00f3wki muzealnej. Skuteczno\u015b\u0107 i jako\u015b\u0107 realizacji tego zadania zdoby\u0142a uznanie zar\u00f3wno miejscowych jak i centralnych w\u0142adz.<\/p>\n\n\n\n<p>W latach 1963-1969, sprawuj\u0105c nadal swe funkcje w \u0141a\u0144cucie, pe\u0142ni\u0142 obowi\u0105zki pe\u0142nomocnika Ministra Kultury i Sztuki ds. zabezpieczenia i konserwacji Zamku w Krasiczynie. Z jego inicjatywy &nbsp;podj\u0119to prace zabezpieczaj\u0105ce i rekonstrukcyjne, opracowano szczeg\u00f3\u0142ow\u0105 dokumentacj\u0119 zamku, przeprowadzono badania architektoniczne <br>i archeologiczne, wykonano szereg prac konserwatorskich i w 1967 r obiekt zosta\u0142 wst\u0119pnie przygotowany do zorganizowania muzeum.<\/p>\n\n\n\n<p>W przeworskim Pa\u0142acu Lubomirskich powsta\u0142a, pod jego kuratel\u0105, filia muzeum zamku w \u0141a\u0144cucie. Rozpocz\u0119to prace przy restaurowaniu obiektu, zabezpieczono meble, zadbano <br>o powozowni\u0119, kt\u00f3r\u0105 wyposa\u017cono w zabytkowe pojazdy.<br>Zainicjowa\u0142 r\u00f3wnie\u017c porz\u0105dkowanie terenu pa\u0142acu Czartoryskich <br>w Sieniawie.<\/p>\n\n\n\n<p>Podejmowa\u0142 aktywnie starania o zorganizowanie skansenu cerkiewnego na Rzeszowszczy\u017anie, celem&nbsp; uratowania od zniszczenia zabytkowych cerkwi, wyposa\u017cenie kt\u00f3rych starano si\u0119 gromadzi\u0107 <br>i zabezpiecza\u0107 w muzealnych sk\u0142adnicach.<\/p>\n\n\n\n<p>Po odej\u015bciu &#8211; w wieku 76 lat &#8211; na emerytur\u0119, w pa\u017adzierniku 1972 roku, nadal pracowa\u0142 spo\u0142ecznie. Wszed\u0142 w sk\u0142ad Rady Programowej Muzealnictwa (02.1973), Polskiego Komitetu Narodowego ICOM (11.1972), Zarz\u0105du G\u0142\u00f3wnego Towarzystwa Przyjaci\u00f3\u0142 Warszawy (wiceprezes do 1976 r.). W latach 1972-79 dzia\u0142a\u0142 w Spo\u0142ecznym Komitecie Odbudowy Zamku Kr\u00f3lewskiego w Warszawie i Komitecie Ochrony zabytkowego cmentarza na Pow\u0105zkach.<\/p>\n\n\n\n<p>Wiele z jego inicjatyw zosta\u0142o docenionych. Sporo zrealizowanych prac przetrwa\u0142o (nie tylko wyremontowany Zamek <br>w \u0141a\u0144cucie, ale r\u00f3wnie\u017c szko\u0142y i osiedla mieszkaniowe na warszawskim \u017boliborzu i na Wybrze\u017cu). Szereg podj\u0119tych przez niego przedsi\u0119wzi\u0119\u0107 zosta\u0142o wstrzymanych lub zaniechanych (jak turystyczny szlak przez podkarpackie zamki, zaadaptowanie posiad\u0142o\u015bci w Julinie, Sieniawie czy utworzenie skansenu <br>w Smolniku). Mimo to mnogo\u015b\u0107 i r\u00f3\u017cnorodno\u015b\u0107 podejmowanych zada\u0144 oraz skutecznych realizacji pozostaje imponuj\u0105ca.<\/p>\n","protected":false},"excerpt":{"rendered":"<p>Antoni Duda Dziewierz (13.06.1896 &#8211; 09.01.1979) Urodzi\u0142 si\u0119 w Puszczy Maria\u0144skiej ko\u0142o Skierniewic. Pochodzi\u0142 z wielodzietnej rodziny (11 starszych braci). Jego ojciec pracowa\u0142 jako wiejski nauczyciel. W dzieci\u0144stwie by\u0142 \u015bwiadkiem burzliwych wyst\u0105pie\u0144 rewolucyjnych przeciw caratowi (1905-1907) w kt\u00f3rych uczestniczyli jego starsi bracia. Po uko\u0144czeniu szk\u00f3\u0142 na kr\u00f3tko podj\u0105\u0142 prac\u0119 wiejskiego nauczyciela. Nast\u0119pnie zosta\u0142 zatrudniony w&hellip; <a class=\"more-link\" href=\"http:\/\/duda-dziewierz.pl\/?page_id=292\">Czytaj dalej <span class=\"screen-reader-text\">Droga \u017cyciowa Dudy-Dziewierza<\/span><\/a><\/p>\n","protected":false},"author":1,"featured_media":0,"parent":0,"menu_order":0,"comment_status":"closed","ping_status":"closed","template":"","meta":{"footnotes":""},"class_list":["post-292","page","type-page","status-publish","hentry","entry"],"yoast_head":"<!-- This site is optimized with the Yoast SEO plugin v21.6 - https:\/\/yoast.com\/wordpress\/plugins\/seo\/ -->\n<title>Droga \u017cyciowa Dudy-Dziewierza - Antoni Duda-Dziewierz<\/title>\n<meta name=\"description\" content=\"WSM \u017boliborz, TOR Ko\u0142o 1925-1938, szpital we Lwowie 1939, Dom Przytu\u0142ek w G\u00f3rze Kalwarii 1942, MRN Elbl\u0105g, WRN Gda\u0144sk 1946, \u0141a\u0144cut-Muzeum 1952-1972, Malbork Zamek 1960, Krasiczyn Zamek 1963, Przeworsk Pa\u0142ac 1971, Sk\u0142adnica Sztuki Cerkiewnej, Towarzystwo Przyjaci\u00f3\u0142 Warszawy 1972-1976, ICOM\" \/>\n<meta name=\"robots\" content=\"index, follow, max-snippet:-1, max-image-preview:large, max-video-preview:-1\" \/>\n<link rel=\"canonical\" href=\"http:\/\/duda-dziewierz.pl\/?page_id=292\" \/>\n<meta property=\"og:locale\" content=\"pl_PL\" \/>\n<meta property=\"og:type\" content=\"article\" \/>\n<meta property=\"og:title\" content=\"Droga \u017cyciowa Dudy-Dziewierza - Antoni Duda-Dziewierz\" \/>\n<meta property=\"og:description\" content=\"WSM \u017boliborz, TOR Ko\u0142o 1925-1938, szpital we Lwowie 1939, Dom Przytu\u0142ek w G\u00f3rze Kalwarii 1942, MRN Elbl\u0105g, WRN Gda\u0144sk 1946, \u0141a\u0144cut-Muzeum 1952-1972, Malbork Zamek 1960, Krasiczyn Zamek 1963, Przeworsk Pa\u0142ac 1971, Sk\u0142adnica Sztuki Cerkiewnej, Towarzystwo Przyjaci\u00f3\u0142 Warszawy 1972-1976, ICOM\" \/>\n<meta property=\"og:url\" content=\"http:\/\/duda-dziewierz.pl\/?page_id=292\" \/>\n<meta property=\"og:site_name\" content=\"Antoni Duda-Dziewierz\" \/>\n<meta property=\"article:modified_time\" content=\"2023-12-01T18:15:36+00:00\" \/>\n<meta property=\"og:image\" content=\"http:\/\/duda-dziewierz.pl\/wp-content\/uploads\/2023\/06\/ADD-zaprasza-do-Zamku-scaled.jpg\" \/>\n\t<meta property=\"og:image:width\" content=\"2150\" \/>\n\t<meta property=\"og:image:height\" content=\"2560\" \/>\n\t<meta property=\"og:image:type\" content=\"image\/jpeg\" \/>\n<meta name=\"twitter:card\" content=\"summary_large_image\" \/>\n<meta name=\"twitter:label1\" content=\"Szacowany czas czytania\" \/>\n\t<meta name=\"twitter:data1\" content=\"6 minut\" \/>\n<script type=\"application\/ld+json\" class=\"yoast-schema-graph\">{\"@context\":\"https:\/\/schema.org\",\"@graph\":[{\"@type\":\"WebPage\",\"@id\":\"http:\/\/duda-dziewierz.pl\/?page_id=292\",\"url\":\"http:\/\/duda-dziewierz.pl\/?page_id=292\",\"name\":\"Droga \u017cyciowa Dudy-Dziewierza - Antoni Duda-Dziewierz\",\"isPartOf\":{\"@id\":\"http:\/\/duda-dziewierz.pl\/#website\"},\"datePublished\":\"2023-05-29T20:05:22+00:00\",\"dateModified\":\"2023-12-01T18:15:36+00:00\",\"description\":\"WSM \u017boliborz, TOR Ko\u0142o 1925-1938, szpital we Lwowie 1939, Dom Przytu\u0142ek w G\u00f3rze Kalwarii 1942, MRN Elbl\u0105g, WRN Gda\u0144sk 1946, \u0141a\u0144cut-Muzeum 1952-1972, Malbork Zamek 1960, Krasiczyn Zamek 1963, Przeworsk Pa\u0142ac 1971, Sk\u0142adnica Sztuki Cerkiewnej, Towarzystwo Przyjaci\u00f3\u0142 Warszawy 1972-1976, ICOM\",\"breadcrumb\":{\"@id\":\"http:\/\/duda-dziewierz.pl\/?page_id=292#breadcrumb\"},\"inLanguage\":\"pl-PL\",\"potentialAction\":[{\"@type\":\"ReadAction\",\"target\":[\"http:\/\/duda-dziewierz.pl\/?page_id=292\"]}]},{\"@type\":\"BreadcrumbList\",\"@id\":\"http:\/\/duda-dziewierz.pl\/?page_id=292#breadcrumb\",\"itemListElement\":[{\"@type\":\"ListItem\",\"position\":1,\"name\":\"Home\",\"item\":\"http:\/\/duda-dziewierz.pl\/\"},{\"@type\":\"ListItem\",\"position\":2,\"name\":\"Droga \u017cyciowa Dudy-Dziewierza\"}]},{\"@type\":\"WebSite\",\"@id\":\"http:\/\/duda-dziewierz.pl\/#website\",\"url\":\"http:\/\/duda-dziewierz.pl\/\",\"name\":\"Antoni Duda-Dziewierz\",\"description\":\"\u017cycie i dzia\u0142anie w trudnych czasach\",\"alternateName\":\"Duda-Dziewierz\",\"potentialAction\":[{\"@type\":\"SearchAction\",\"target\":{\"@type\":\"EntryPoint\",\"urlTemplate\":\"http:\/\/duda-dziewierz.pl\/?s={search_term_string}\"},\"query-input\":\"required name=search_term_string\"}],\"inLanguage\":\"pl-PL\"}]}<\/script>\n<!-- \/ Yoast SEO plugin. -->","yoast_head_json":{"title":"Droga \u017cyciowa Dudy-Dziewierza - Antoni Duda-Dziewierz","description":"WSM \u017boliborz, TOR Ko\u0142o 1925-1938, szpital we Lwowie 1939, Dom Przytu\u0142ek w G\u00f3rze Kalwarii 1942, MRN Elbl\u0105g, WRN Gda\u0144sk 1946, \u0141a\u0144cut-Muzeum 1952-1972, Malbork Zamek 1960, Krasiczyn Zamek 1963, Przeworsk Pa\u0142ac 1971, Sk\u0142adnica Sztuki Cerkiewnej, Towarzystwo Przyjaci\u00f3\u0142 Warszawy 1972-1976, ICOM","robots":{"index":"index","follow":"follow","max-snippet":"max-snippet:-1","max-image-preview":"max-image-preview:large","max-video-preview":"max-video-preview:-1"},"canonical":"http:\/\/duda-dziewierz.pl\/?page_id=292","og_locale":"pl_PL","og_type":"article","og_title":"Droga \u017cyciowa Dudy-Dziewierza - Antoni Duda-Dziewierz","og_description":"WSM \u017boliborz, TOR Ko\u0142o 1925-1938, szpital we Lwowie 1939, Dom Przytu\u0142ek w G\u00f3rze Kalwarii 1942, MRN Elbl\u0105g, WRN Gda\u0144sk 1946, \u0141a\u0144cut-Muzeum 1952-1972, Malbork Zamek 1960, Krasiczyn Zamek 1963, Przeworsk Pa\u0142ac 1971, Sk\u0142adnica Sztuki Cerkiewnej, Towarzystwo Przyjaci\u00f3\u0142 Warszawy 1972-1976, ICOM","og_url":"http:\/\/duda-dziewierz.pl\/?page_id=292","og_site_name":"Antoni Duda-Dziewierz","article_modified_time":"2023-12-01T18:15:36+00:00","og_image":[{"width":2150,"height":2560,"url":"http:\/\/duda-dziewierz.pl\/wp-content\/uploads\/2023\/06\/ADD-zaprasza-do-Zamku-scaled.jpg","type":"image\/jpeg"}],"twitter_card":"summary_large_image","twitter_misc":{"Szacowany czas czytania":"6 minut"},"schema":{"@context":"https:\/\/schema.org","@graph":[{"@type":"WebPage","@id":"http:\/\/duda-dziewierz.pl\/?page_id=292","url":"http:\/\/duda-dziewierz.pl\/?page_id=292","name":"Droga \u017cyciowa Dudy-Dziewierza - Antoni Duda-Dziewierz","isPartOf":{"@id":"http:\/\/duda-dziewierz.pl\/#website"},"datePublished":"2023-05-29T20:05:22+00:00","dateModified":"2023-12-01T18:15:36+00:00","description":"WSM \u017boliborz, TOR Ko\u0142o 1925-1938, szpital we Lwowie 1939, Dom Przytu\u0142ek w G\u00f3rze Kalwarii 1942, MRN Elbl\u0105g, WRN Gda\u0144sk 1946, \u0141a\u0144cut-Muzeum 1952-1972, Malbork Zamek 1960, Krasiczyn Zamek 1963, Przeworsk Pa\u0142ac 1971, Sk\u0142adnica Sztuki Cerkiewnej, Towarzystwo Przyjaci\u00f3\u0142 Warszawy 1972-1976, ICOM","breadcrumb":{"@id":"http:\/\/duda-dziewierz.pl\/?page_id=292#breadcrumb"},"inLanguage":"pl-PL","potentialAction":[{"@type":"ReadAction","target":["http:\/\/duda-dziewierz.pl\/?page_id=292"]}]},{"@type":"BreadcrumbList","@id":"http:\/\/duda-dziewierz.pl\/?page_id=292#breadcrumb","itemListElement":[{"@type":"ListItem","position":1,"name":"Home","item":"http:\/\/duda-dziewierz.pl\/"},{"@type":"ListItem","position":2,"name":"Droga \u017cyciowa Dudy-Dziewierza"}]},{"@type":"WebSite","@id":"http:\/\/duda-dziewierz.pl\/#website","url":"http:\/\/duda-dziewierz.pl\/","name":"Antoni Duda-Dziewierz","description":"\u017cycie i dzia\u0142anie w trudnych czasach","alternateName":"Duda-Dziewierz","potentialAction":[{"@type":"SearchAction","target":{"@type":"EntryPoint","urlTemplate":"http:\/\/duda-dziewierz.pl\/?s={search_term_string}"},"query-input":"required name=search_term_string"}],"inLanguage":"pl-PL"}]}},"_links":{"self":[{"href":"http:\/\/duda-dziewierz.pl\/index.php?rest_route=\/wp\/v2\/pages\/292","targetHints":{"allow":["GET"]}}],"collection":[{"href":"http:\/\/duda-dziewierz.pl\/index.php?rest_route=\/wp\/v2\/pages"}],"about":[{"href":"http:\/\/duda-dziewierz.pl\/index.php?rest_route=\/wp\/v2\/types\/page"}],"author":[{"embeddable":true,"href":"http:\/\/duda-dziewierz.pl\/index.php?rest_route=\/wp\/v2\/users\/1"}],"replies":[{"embeddable":true,"href":"http:\/\/duda-dziewierz.pl\/index.php?rest_route=%2Fwp%2Fv2%2Fcomments&post=292"}],"version-history":[{"count":7,"href":"http:\/\/duda-dziewierz.pl\/index.php?rest_route=\/wp\/v2\/pages\/292\/revisions"}],"predecessor-version":[{"id":683,"href":"http:\/\/duda-dziewierz.pl\/index.php?rest_route=\/wp\/v2\/pages\/292\/revisions\/683"}],"wp:attachment":[{"href":"http:\/\/duda-dziewierz.pl\/index.php?rest_route=%2Fwp%2Fv2%2Fmedia&parent=292"}],"curies":[{"name":"wp","href":"https:\/\/api.w.org\/{rel}","templated":true}]}}