{"id":163,"date":"2023-05-29T19:59:43","date_gmt":"2023-05-29T17:59:43","guid":{"rendered":"http:\/\/duda-dziewierz.pl\/?page_id=163"},"modified":"2023-12-01T23:44:06","modified_gmt":"2023-12-01T22:44:06","slug":"lata-1944-1952","status":"publish","type":"page","link":"http:\/\/duda-dziewierz.pl\/?page_id=163","title":{"rendered":"Lata 1944-1952"},"content":{"rendered":"\n<p>W okresie II wojny \u015bwiatowej Zamek by\u0142 zamieszkiwany przez ordynata Potockiego i pozostawa\u0142 w dobrym stanie u\u017cytkowym. Ordynat Alfred Potocki, opu\u015bci\u0142 \u0141a\u0144cut 23 lipca 1944 r. Ju\u017c b\u0119d\u0105c <br>w Krakowie, mianowa\u0142 stamt\u0105d pe\u0142nomocnikiem d\u00f3br \u0142a\u0144cuckich oficjalist\u0119 Juliusza Wierci\u0144skiego. 30 lipca 1944 r. do miasta wkroczy\u0142a Armia Czerwona.<\/p>\n\n\n\n<p>Uwa\u017ca si\u0119 i\u017c zawieszone przy bramach do parku, przez Juliusza Wierci\u0144skiego, tabliczki z napisem po rosyjsku: \u201e\u041c\u0443\u0437\u0435\u0439 \u041f\u043e\u043b\u044c\u0441\u043a\u043e\u0433\u043e \u041d\u0430\u0440\u043e\u0434\u0430\u201d \u0441zyli \u201eMuzeum Narodu Polskiego\u201d uratowa\u0142y obiekt od rosyjskiej grabie\u017cy.<\/p>\n\n\n\n<p>W dniu 3 listopada 1944 roku na Sali Balowej Zamku odby\u0142o si\u0119 \u201ewielkie \u015bwi\u0119to ludowe\u201d &#8211; centralne uroczysto\u015bci zako\u0144czenia reformy rolnej w powiecie \u0142a\u0144cuckim, w kt\u00f3rych uczestniczyli przedstawiciele najwy\u017cszych w\u0142adz pa\u0144stwowych &#8211; delegacja rz\u0105du PKWN, <br>z premierem Edwardem Os\u00f3bk\u0105-Morawskim na czele, kt\u00f3ry pono\u0107 osobi\u015bcie skuwa\u0142 herb Lubomirskich (nie Potockich) umieszczony nad wej\u015bciem g\u0142\u00f3wnym. Zawis\u0142o w tym miejscu god\u0142o Polski. Od tej pory obiekt by\u0142 udost\u0119pniony zwiedzaj\u0105cym.<\/p>\n\n\n\n<p>To by\u0142 jednak dopiero pocz\u0105tek wydarze\u0144, o wielce niechlubnym przebiegu, jakie mia\u0142y miejsce w Muzeum w ci\u0105gu kilku pierwszych lat w\u0142adania ludowego pa\u0144stwa.<\/p>\n\n\n\n<p>Rozdzia\u0142 opisuje szczeg\u00f3\u0142owo te wydarzenia.<\/p>\n","protected":false},"excerpt":{"rendered":"<p>W okresie II wojny \u015bwiatowej Zamek by\u0142 zamieszkiwany przez ordynata Potockiego i pozostawa\u0142 w dobrym stanie u\u017cytkowym. Ordynat Alfred Potocki, opu\u015bci\u0142 \u0141a\u0144cut 23 lipca 1944 r. Ju\u017c b\u0119d\u0105c w Krakowie, mianowa\u0142 stamt\u0105d pe\u0142nomocnikiem d\u00f3br \u0142a\u0144cuckich oficjalist\u0119 Juliusza Wierci\u0144skiego. 30 lipca 1944 r. do miasta wkroczy\u0142a Armia Czerwona. Uwa\u017ca si\u0119 i\u017c zawieszone przy bramach do parku,&hellip; <a class=\"more-link\" href=\"http:\/\/duda-dziewierz.pl\/?page_id=163\">Czytaj dalej <span class=\"screen-reader-text\">Lata 1944-1952<\/span><\/a><\/p>\n","protected":false},"author":1,"featured_media":0,"parent":0,"menu_order":0,"comment_status":"closed","ping_status":"closed","template":"","meta":{"footnotes":""},"class_list":["post-163","page","type-page","status-publish","hentry","entry"],"yoast_head":"<!-- This site is optimized with the Yoast SEO plugin v21.6 - https:\/\/yoast.com\/wordpress\/plugins\/seo\/ -->\n<title>Lata 1944-1952 - Antoni Duda-Dziewierz<\/title>\n<meta name=\"description\" content=\"Powojenna dewastacja Muzeum w \u0141a\u0144cucie, jego wyposa\u017cenia, z\u0142e zarz\u0105dzanie obiektem, zubo\u017cenie zbior\u00f3w, zniszczenie otoczenia pa\u0142acu.\" \/>\n<meta name=\"robots\" content=\"index, follow, max-snippet:-1, max-image-preview:large, max-video-preview:-1\" \/>\n<link rel=\"canonical\" href=\"http:\/\/duda-dziewierz.pl\/?page_id=163\" \/>\n<meta property=\"og:locale\" content=\"pl_PL\" \/>\n<meta property=\"og:type\" content=\"article\" \/>\n<meta property=\"og:title\" content=\"Lata 1944-1952 - Antoni Duda-Dziewierz\" \/>\n<meta property=\"og:description\" content=\"Powojenna dewastacja Muzeum w \u0141a\u0144cucie, jego wyposa\u017cenia, z\u0142e zarz\u0105dzanie obiektem, zubo\u017cenie zbior\u00f3w, zniszczenie otoczenia pa\u0142acu.\" \/>\n<meta property=\"og:url\" content=\"http:\/\/duda-dziewierz.pl\/?page_id=163\" \/>\n<meta property=\"og:site_name\" content=\"Antoni Duda-Dziewierz\" \/>\n<meta property=\"article:modified_time\" content=\"2023-12-01T22:44:06+00:00\" \/>\n<meta property=\"og:image\" content=\"http:\/\/duda-dziewierz.pl\/wp-content\/uploads\/2023\/06\/ADD-zaprasza-do-Zamku-scaled.jpg\" \/>\n\t<meta property=\"og:image:width\" content=\"2150\" \/>\n\t<meta property=\"og:image:height\" content=\"2560\" \/>\n\t<meta property=\"og:image:type\" content=\"image\/jpeg\" \/>\n<meta name=\"twitter:card\" content=\"summary_large_image\" \/>\n<meta name=\"twitter:label1\" content=\"Szacowany czas czytania\" \/>\n\t<meta name=\"twitter:data1\" content=\"2 minuty\" \/>\n<script type=\"application\/ld+json\" class=\"yoast-schema-graph\">{\"@context\":\"https:\/\/schema.org\",\"@graph\":[{\"@type\":\"WebPage\",\"@id\":\"http:\/\/duda-dziewierz.pl\/?page_id=163\",\"url\":\"http:\/\/duda-dziewierz.pl\/?page_id=163\",\"name\":\"Lata 1944-1952 - Antoni Duda-Dziewierz\",\"isPartOf\":{\"@id\":\"http:\/\/duda-dziewierz.pl\/#website\"},\"datePublished\":\"2023-05-29T17:59:43+00:00\",\"dateModified\":\"2023-12-01T22:44:06+00:00\",\"description\":\"Powojenna dewastacja Muzeum w \u0141a\u0144cucie, jego wyposa\u017cenia, z\u0142e zarz\u0105dzanie obiektem, zubo\u017cenie zbior\u00f3w, zniszczenie otoczenia pa\u0142acu.\",\"breadcrumb\":{\"@id\":\"http:\/\/duda-dziewierz.pl\/?page_id=163#breadcrumb\"},\"inLanguage\":\"pl-PL\",\"potentialAction\":[{\"@type\":\"ReadAction\",\"target\":[\"http:\/\/duda-dziewierz.pl\/?page_id=163\"]}]},{\"@type\":\"BreadcrumbList\",\"@id\":\"http:\/\/duda-dziewierz.pl\/?page_id=163#breadcrumb\",\"itemListElement\":[{\"@type\":\"ListItem\",\"position\":1,\"name\":\"Home\",\"item\":\"http:\/\/duda-dziewierz.pl\/\"},{\"@type\":\"ListItem\",\"position\":2,\"name\":\"Lata 1944-1952\"}]},{\"@type\":\"WebSite\",\"@id\":\"http:\/\/duda-dziewierz.pl\/#website\",\"url\":\"http:\/\/duda-dziewierz.pl\/\",\"name\":\"Antoni Duda-Dziewierz\",\"description\":\"\u017cycie i dzia\u0142anie w trudnych czasach\",\"alternateName\":\"Duda-Dziewierz\",\"potentialAction\":[{\"@type\":\"SearchAction\",\"target\":{\"@type\":\"EntryPoint\",\"urlTemplate\":\"http:\/\/duda-dziewierz.pl\/?s={search_term_string}\"},\"query-input\":\"required name=search_term_string\"}],\"inLanguage\":\"pl-PL\"}]}<\/script>\n<!-- \/ Yoast SEO plugin. -->","yoast_head_json":{"title":"Lata 1944-1952 - Antoni Duda-Dziewierz","description":"Powojenna dewastacja Muzeum w \u0141a\u0144cucie, jego wyposa\u017cenia, z\u0142e zarz\u0105dzanie obiektem, zubo\u017cenie zbior\u00f3w, zniszczenie otoczenia pa\u0142acu.","robots":{"index":"index","follow":"follow","max-snippet":"max-snippet:-1","max-image-preview":"max-image-preview:large","max-video-preview":"max-video-preview:-1"},"canonical":"http:\/\/duda-dziewierz.pl\/?page_id=163","og_locale":"pl_PL","og_type":"article","og_title":"Lata 1944-1952 - Antoni Duda-Dziewierz","og_description":"Powojenna dewastacja Muzeum w \u0141a\u0144cucie, jego wyposa\u017cenia, z\u0142e zarz\u0105dzanie obiektem, zubo\u017cenie zbior\u00f3w, zniszczenie otoczenia pa\u0142acu.","og_url":"http:\/\/duda-dziewierz.pl\/?page_id=163","og_site_name":"Antoni Duda-Dziewierz","article_modified_time":"2023-12-01T22:44:06+00:00","og_image":[{"width":2150,"height":2560,"url":"http:\/\/duda-dziewierz.pl\/wp-content\/uploads\/2023\/06\/ADD-zaprasza-do-Zamku-scaled.jpg","type":"image\/jpeg"}],"twitter_card":"summary_large_image","twitter_misc":{"Szacowany czas czytania":"2 minuty"},"schema":{"@context":"https:\/\/schema.org","@graph":[{"@type":"WebPage","@id":"http:\/\/duda-dziewierz.pl\/?page_id=163","url":"http:\/\/duda-dziewierz.pl\/?page_id=163","name":"Lata 1944-1952 - Antoni Duda-Dziewierz","isPartOf":{"@id":"http:\/\/duda-dziewierz.pl\/#website"},"datePublished":"2023-05-29T17:59:43+00:00","dateModified":"2023-12-01T22:44:06+00:00","description":"Powojenna dewastacja Muzeum w \u0141a\u0144cucie, jego wyposa\u017cenia, z\u0142e zarz\u0105dzanie obiektem, zubo\u017cenie zbior\u00f3w, zniszczenie otoczenia pa\u0142acu.","breadcrumb":{"@id":"http:\/\/duda-dziewierz.pl\/?page_id=163#breadcrumb"},"inLanguage":"pl-PL","potentialAction":[{"@type":"ReadAction","target":["http:\/\/duda-dziewierz.pl\/?page_id=163"]}]},{"@type":"BreadcrumbList","@id":"http:\/\/duda-dziewierz.pl\/?page_id=163#breadcrumb","itemListElement":[{"@type":"ListItem","position":1,"name":"Home","item":"http:\/\/duda-dziewierz.pl\/"},{"@type":"ListItem","position":2,"name":"Lata 1944-1952"}]},{"@type":"WebSite","@id":"http:\/\/duda-dziewierz.pl\/#website","url":"http:\/\/duda-dziewierz.pl\/","name":"Antoni Duda-Dziewierz","description":"\u017cycie i dzia\u0142anie w trudnych czasach","alternateName":"Duda-Dziewierz","potentialAction":[{"@type":"SearchAction","target":{"@type":"EntryPoint","urlTemplate":"http:\/\/duda-dziewierz.pl\/?s={search_term_string}"},"query-input":"required name=search_term_string"}],"inLanguage":"pl-PL"}]}},"_links":{"self":[{"href":"http:\/\/duda-dziewierz.pl\/index.php?rest_route=\/wp\/v2\/pages\/163","targetHints":{"allow":["GET"]}}],"collection":[{"href":"http:\/\/duda-dziewierz.pl\/index.php?rest_route=\/wp\/v2\/pages"}],"about":[{"href":"http:\/\/duda-dziewierz.pl\/index.php?rest_route=\/wp\/v2\/types\/page"}],"author":[{"embeddable":true,"href":"http:\/\/duda-dziewierz.pl\/index.php?rest_route=\/wp\/v2\/users\/1"}],"replies":[{"embeddable":true,"href":"http:\/\/duda-dziewierz.pl\/index.php?rest_route=%2Fwp%2Fv2%2Fcomments&post=163"}],"version-history":[{"count":5,"href":"http:\/\/duda-dziewierz.pl\/index.php?rest_route=\/wp\/v2\/pages\/163\/revisions"}],"predecessor-version":[{"id":435,"href":"http:\/\/duda-dziewierz.pl\/index.php?rest_route=\/wp\/v2\/pages\/163\/revisions\/435"}],"wp:attachment":[{"href":"http:\/\/duda-dziewierz.pl\/index.php?rest_route=%2Fwp%2Fv2%2Fmedia&parent=163"}],"curies":[{"name":"wp","href":"https:\/\/api.w.org\/{rel}","templated":true}]}}