{"id":109,"date":"2023-05-29T18:24:16","date_gmt":"2023-05-29T16:24:16","guid":{"rendered":"http:\/\/duda-dziewierz.pl\/?page_id=109"},"modified":"2023-07-07T12:44:09","modified_gmt":"2023-07-07T10:44:09","slug":"wasze-wpisy","status":"publish","type":"page","link":"http:\/\/duda-dziewierz.pl\/?page_id=109","title":{"rendered":"Wasze wpisy"},"content":{"rendered":"\n<div class=\"wp-block-getwid-section alignfull alignfull getwid-section-content-custom-width\"><div class=\"wp-block-getwid-section__wrapper getwid-padding-top-large getwid-padding-bottom-large getwid-padding-left-medium getwid-padding-right-medium\"><div class=\"wp-block-getwid-section__inner-wrapper\" style=\"max-width:1140px\"><div class=\"wp-block-getwid-section__background-holder\"><div class=\"wp-block-getwid-section__background has-background has-yellow-background-color\" style=\"background-image:url('https:\/\/cgw.motopress.com\/wp-content\/uploads\/2019\/11\/background-11.jpg');background-repeat:no-repeat;background-attachment:fixed\"><div class=\"wp-block-getwid-section__background-image-wrapper\"><img decoding=\"async\" class=\"wp-block-getwid-section__background-image\" src=\"https:\/\/cgw.motopress.com\/wp-content\/uploads\/2019\/11\/background-11.jpg\" alt=\"\"\/><\/div><\/div><div class=\"wp-block-getwid-section__foreground\" style=\"opacity:1;background-color:#EEEADD\"><\/div><\/div><div class=\"wp-block-getwid-section__content\"><div class=\"wp-block-getwid-section__inner-content\">\n<div class=\"wp-block-columns has-2-columns is-layout-flex wp-container-core-columns-is-layout-9d6595d7 wp-block-columns-is-layout-flex\">\n<div class=\"wp-block-column is-layout-flow wp-block-column-is-layout-flow\">\n<p><strong>Marek Leszczuk<\/strong><\/p>\n\n\n\n<p>Halina Leszczuk w 1966 roku oprowadza\u0142a znan\u0105 przedwojenn\u0105 aktork\u0119 Jadwig\u0119 Smosarsk\u0105, mieszkaj\u0105c\u0105 jeszcze wtedy w USA. <\/p>\n\n\n\n<p>Dyrektor Duda-Dziewierz mia\u0142 zwyczaj prosi\u0107 biuro PTTK o konkretnych przewodnik\u00f3w dla wa\u017cnych grup lub szczeg\u00f3lnych go\u015bci. Oprowadzanie wybitnej aktorki zaproponowa\u0142 pani Halinie.<\/p>\n<\/div>\n\n\n\n<div class=\"wp-block-column is-layout-flow wp-block-column-is-layout-flow\">\n<figure class=\"wp-block-image size-large is-style-default\"><img loading=\"lazy\" decoding=\"async\" width=\"1024\" height=\"732\" src=\"http:\/\/duda-dziewierz.pl\/wp-content\/uploads\/2023\/06\/od-Leszczuka-1024x732.jpg\" alt=\"\" class=\"wp-image-451\" srcset=\"http:\/\/duda-dziewierz.pl\/wp-content\/uploads\/2023\/06\/od-Leszczuka-1024x732.jpg 1024w, http:\/\/duda-dziewierz.pl\/wp-content\/uploads\/2023\/06\/od-Leszczuka-300x215.jpg 300w, http:\/\/duda-dziewierz.pl\/wp-content\/uploads\/2023\/06\/od-Leszczuka-768x549.jpg 768w, http:\/\/duda-dziewierz.pl\/wp-content\/uploads\/2023\/06\/od-Leszczuka-1536x1098.jpg 1536w, http:\/\/duda-dziewierz.pl\/wp-content\/uploads\/2023\/06\/od-Leszczuka-2048x1464.jpg 2048w, http:\/\/duda-dziewierz.pl\/wp-content\/uploads\/2023\/06\/od-Leszczuka-1568x1121.jpg 1568w\" sizes=\"auto, (max-width: 1024px) 100vw, 1024px\" \/><figcaption class=\"wp-element-caption\">Jadwiga Smosarska w \u0141a\u0144cucie 1966 r. <br>Obok m\u0119\u017ca pani Smosarskiej siedzi przewodniczka Halina Leszczuk<br>fot. z arch. Marka Leszczuka<\/figcaption><\/figure>\n<\/div>\n<\/div>\n\n\n\n<div class=\"wp-block-columns has-2-columns is-layout-flex wp-container-core-columns-is-layout-9d6595d7 wp-block-columns-is-layout-flex\">\n<div class=\"wp-block-column is-layout-flow wp-block-column-is-layout-flow\">\n<p><\/p>\n\n\n\n<p><\/p>\n\n\n\n<p>M\u0105\u017c p. Smosarskiej, in\u017cynier Protassewicz, zrobi\u0142 zdj\u0119cia wn\u0119trz zamkowych, kt\u00f3re po opisaniu przewodniczka odes\u0142a\u0142a do Stan\u00f3w. <\/p>\n\n\n\n<p>Zachowa\u0142y si\u0119 zdj\u0119cia z tego pobytu, kt\u00f3re udost\u0119pni\u0142 jej syn, Marek Leszczuk. Widoczna jest na nich pani Smosarska z m\u0119\u017cem, przyjaci\u00f3\u0142kami i Halina Leszczuk.<\/p>\n\n\n\n<p>Na kolejnym zdj\u0119ciu Jadwiga Smosarska <br>z przyjaci\u00f3\u0142kami przed Zamkiem.<\/p>\n<\/div>\n\n\n\n<div class=\"wp-block-column is-layout-flow wp-block-column-is-layout-flow\">\n<figure class=\"wp-block-image size-large\"><img loading=\"lazy\" decoding=\"async\" width=\"703\" height=\"1024\" src=\"http:\/\/duda-dziewierz.pl\/wp-content\/uploads\/2023\/06\/od-Leszczuka-Leszczuk-i-Smosarska-703x1024.jpg\" alt=\"\" class=\"wp-image-452\" srcset=\"http:\/\/duda-dziewierz.pl\/wp-content\/uploads\/2023\/06\/od-Leszczuka-Leszczuk-i-Smosarska-703x1024.jpg 703w, http:\/\/duda-dziewierz.pl\/wp-content\/uploads\/2023\/06\/od-Leszczuka-Leszczuk-i-Smosarska-206x300.jpg 206w, http:\/\/duda-dziewierz.pl\/wp-content\/uploads\/2023\/06\/od-Leszczuka-Leszczuk-i-Smosarska-768x1118.jpg 768w, http:\/\/duda-dziewierz.pl\/wp-content\/uploads\/2023\/06\/od-Leszczuka-Leszczuk-i-Smosarska-1055x1536.jpg 1055w, http:\/\/duda-dziewierz.pl\/wp-content\/uploads\/2023\/06\/od-Leszczuka-Leszczuk-i-Smosarska-1407x2048.jpg 1407w, http:\/\/duda-dziewierz.pl\/wp-content\/uploads\/2023\/06\/od-Leszczuka-Leszczuk-i-Smosarska-1568x2283.jpg 1568w, http:\/\/duda-dziewierz.pl\/wp-content\/uploads\/2023\/06\/od-Leszczuka-Leszczuk-i-Smosarska-scaled.jpg 1758w\" sizes=\"auto, (max-width: 703px) 100vw, 703px\" \/><figcaption class=\"wp-element-caption\">Jadwiga Smosarska podczas wizyty na Zamku w \u0141a\u0144cucie 1966 r. <br>fot. z arch. Marka Leszczuka<\/figcaption><\/figure>\n<\/div>\n<\/div>\n<\/div><\/div><\/div><\/div><\/div>\n","protected":false},"excerpt":{"rendered":"","protected":false},"author":1,"featured_media":0,"parent":0,"menu_order":0,"comment_status":"closed","ping_status":"closed","template":"","meta":{"footnotes":""},"class_list":["post-109","page","type-page","status-publish","hentry","entry"],"yoast_head":"<!-- This site is optimized with the Yoast SEO plugin v21.6 - https:\/\/yoast.com\/wordpress\/plugins\/seo\/ -->\n<title>Wasze wpisy - Antoni Duda-Dziewierz<\/title>\n<meta name=\"robots\" content=\"index, follow, max-snippet:-1, max-image-preview:large, max-video-preview:-1\" \/>\n<link rel=\"canonical\" href=\"http:\/\/duda-dziewierz.pl\/?page_id=109\" \/>\n<meta property=\"og:locale\" content=\"pl_PL\" \/>\n<meta property=\"og:type\" content=\"article\" \/>\n<meta property=\"og:title\" content=\"Wasze wpisy - Antoni Duda-Dziewierz\" \/>\n<meta property=\"og:url\" content=\"http:\/\/duda-dziewierz.pl\/?page_id=109\" \/>\n<meta property=\"og:site_name\" content=\"Antoni Duda-Dziewierz\" \/>\n<meta property=\"article:modified_time\" content=\"2023-07-07T10:44:09+00:00\" \/>\n<meta property=\"og:image\" content=\"https:\/\/cgw.motopress.com\/wp-content\/uploads\/2019\/11\/background-11.jpg\" \/>\n<meta name=\"twitter:card\" content=\"summary_large_image\" \/>\n<meta name=\"twitter:label1\" content=\"Szacowany czas czytania\" \/>\n\t<meta name=\"twitter:data1\" content=\"1 minuta\" \/>\n<script type=\"application\/ld+json\" class=\"yoast-schema-graph\">{\"@context\":\"https:\/\/schema.org\",\"@graph\":[{\"@type\":\"WebPage\",\"@id\":\"http:\/\/duda-dziewierz.pl\/?page_id=109\",\"url\":\"http:\/\/duda-dziewierz.pl\/?page_id=109\",\"name\":\"Wasze wpisy - Antoni Duda-Dziewierz\",\"isPartOf\":{\"@id\":\"http:\/\/duda-dziewierz.pl\/#website\"},\"datePublished\":\"2023-05-29T16:24:16+00:00\",\"dateModified\":\"2023-07-07T10:44:09+00:00\",\"breadcrumb\":{\"@id\":\"http:\/\/duda-dziewierz.pl\/?page_id=109#breadcrumb\"},\"inLanguage\":\"pl-PL\",\"potentialAction\":[{\"@type\":\"ReadAction\",\"target\":[\"http:\/\/duda-dziewierz.pl\/?page_id=109\"]}]},{\"@type\":\"BreadcrumbList\",\"@id\":\"http:\/\/duda-dziewierz.pl\/?page_id=109#breadcrumb\",\"itemListElement\":[{\"@type\":\"ListItem\",\"position\":1,\"name\":\"Home\",\"item\":\"http:\/\/duda-dziewierz.pl\/\"},{\"@type\":\"ListItem\",\"position\":2,\"name\":\"Wasze wpisy\"}]},{\"@type\":\"WebSite\",\"@id\":\"http:\/\/duda-dziewierz.pl\/#website\",\"url\":\"http:\/\/duda-dziewierz.pl\/\",\"name\":\"Antoni Duda-Dziewierz\",\"description\":\"\u017cycie i dzia\u0142anie w trudnych czasach\",\"alternateName\":\"Duda-Dziewierz\",\"potentialAction\":[{\"@type\":\"SearchAction\",\"target\":{\"@type\":\"EntryPoint\",\"urlTemplate\":\"http:\/\/duda-dziewierz.pl\/?s={search_term_string}\"},\"query-input\":\"required name=search_term_string\"}],\"inLanguage\":\"pl-PL\"}]}<\/script>\n<!-- \/ Yoast SEO plugin. -->","yoast_head_json":{"title":"Wasze wpisy - Antoni Duda-Dziewierz","robots":{"index":"index","follow":"follow","max-snippet":"max-snippet:-1","max-image-preview":"max-image-preview:large","max-video-preview":"max-video-preview:-1"},"canonical":"http:\/\/duda-dziewierz.pl\/?page_id=109","og_locale":"pl_PL","og_type":"article","og_title":"Wasze wpisy - Antoni Duda-Dziewierz","og_url":"http:\/\/duda-dziewierz.pl\/?page_id=109","og_site_name":"Antoni Duda-Dziewierz","article_modified_time":"2023-07-07T10:44:09+00:00","og_image":[{"url":"https:\/\/cgw.motopress.com\/wp-content\/uploads\/2019\/11\/background-11.jpg"}],"twitter_card":"summary_large_image","twitter_misc":{"Szacowany czas czytania":"1 minuta"},"schema":{"@context":"https:\/\/schema.org","@graph":[{"@type":"WebPage","@id":"http:\/\/duda-dziewierz.pl\/?page_id=109","url":"http:\/\/duda-dziewierz.pl\/?page_id=109","name":"Wasze wpisy - Antoni Duda-Dziewierz","isPartOf":{"@id":"http:\/\/duda-dziewierz.pl\/#website"},"datePublished":"2023-05-29T16:24:16+00:00","dateModified":"2023-07-07T10:44:09+00:00","breadcrumb":{"@id":"http:\/\/duda-dziewierz.pl\/?page_id=109#breadcrumb"},"inLanguage":"pl-PL","potentialAction":[{"@type":"ReadAction","target":["http:\/\/duda-dziewierz.pl\/?page_id=109"]}]},{"@type":"BreadcrumbList","@id":"http:\/\/duda-dziewierz.pl\/?page_id=109#breadcrumb","itemListElement":[{"@type":"ListItem","position":1,"name":"Home","item":"http:\/\/duda-dziewierz.pl\/"},{"@type":"ListItem","position":2,"name":"Wasze wpisy"}]},{"@type":"WebSite","@id":"http:\/\/duda-dziewierz.pl\/#website","url":"http:\/\/duda-dziewierz.pl\/","name":"Antoni Duda-Dziewierz","description":"\u017cycie i dzia\u0142anie w trudnych czasach","alternateName":"Duda-Dziewierz","potentialAction":[{"@type":"SearchAction","target":{"@type":"EntryPoint","urlTemplate":"http:\/\/duda-dziewierz.pl\/?s={search_term_string}"},"query-input":"required name=search_term_string"}],"inLanguage":"pl-PL"}]}},"_links":{"self":[{"href":"http:\/\/duda-dziewierz.pl\/index.php?rest_route=\/wp\/v2\/pages\/109","targetHints":{"allow":["GET"]}}],"collection":[{"href":"http:\/\/duda-dziewierz.pl\/index.php?rest_route=\/wp\/v2\/pages"}],"about":[{"href":"http:\/\/duda-dziewierz.pl\/index.php?rest_route=\/wp\/v2\/types\/page"}],"author":[{"embeddable":true,"href":"http:\/\/duda-dziewierz.pl\/index.php?rest_route=\/wp\/v2\/users\/1"}],"replies":[{"embeddable":true,"href":"http:\/\/duda-dziewierz.pl\/index.php?rest_route=%2Fwp%2Fv2%2Fcomments&post=109"}],"version-history":[{"count":6,"href":"http:\/\/duda-dziewierz.pl\/index.php?rest_route=\/wp\/v2\/pages\/109\/revisions"}],"predecessor-version":[{"id":651,"href":"http:\/\/duda-dziewierz.pl\/index.php?rest_route=\/wp\/v2\/pages\/109\/revisions\/651"}],"wp:attachment":[{"href":"http:\/\/duda-dziewierz.pl\/index.php?rest_route=%2Fwp%2Fv2%2Fmedia&parent=109"}],"curies":[{"name":"wp","href":"https:\/\/api.w.org\/{rel}","templated":true}]}}